{"id":9667,"date":"2026-03-19T16:03:06","date_gmt":"2026-03-19T15:03:06","guid":{"rendered":"https:\/\/phdlifescience.eu\/?page_id=9667"},"modified":"2026-03-19T16:03:06","modified_gmt":"2026-03-19T15:03:06","slug":"experiencia-servicios-para-pacientes-3","status":"publish","type":"page","link":"https:\/\/phdlifescience.eu\/es\/historias\/experiencia-servicios-para-pacientes-3\/","title":{"rendered":"Experiencia Servicios para pacientes"},"content":{"rendered":"<div id='av-layout-grid-1'  class='av-layout-grid-container av-2nypx-b241972f45e9446f88840fe5153c705c entry-content-wrapper alternate_color av-flex-cells  avia-builder-el-0  el_before_av_section  avia-builder-el-first   container_wrap fullsize'  >\n\n<style type=\"text\/css\" data-created_by=\"avia_inline_auto\" id=\"style-css-av-ll21879s-dca398d5d1bb3c20511ef1698b17a15e\">\n.flex_cell.av-ll21879s-dca398d5d1bb3c20511ef1698b17a15e{\nvertical-align:middle;\nbackground-color:#1d72b8;\n}\n.responsive #top #wrap_all .flex_cell.av-ll21879s-dca398d5d1bb3c20511ef1698b17a15e{\npadding:40px 40px 40px 40px !important;\n}\n<\/style>\n<div class='flex_cell av-ll21879s-dca398d5d1bb3c20511ef1698b17a15e av-gridrow-cell av_one_full no_margin  avia-builder-el-1  avia-builder-el-no-sibling '  ><div class='flex_cell_inner'><div  class='flex_column av-235c5-07bd1a19df952e7fc3de1d1b088f85e1 av_one_full  avia-builder-el-2  avia-builder-el-no-sibling  first flex_column_div  '     ><section  class='av_textblock_section av-71foq-543b9b88cc305c42222946b90c8be424 '   itemscope=\"itemscope\" itemtype=\"https:\/\/schema.org\/CreativeWork\" ><div class='avia_textblock'  itemprop=\"text\" ><h1 style=\"text-align: center;\">SERVICIOS PARA PACIENTES<\/h1>\n<\/div><\/section><\/div>\n<\/div><\/div><\/div><div id='av_section_1'  class='avia-section av-14xuuw-2cb630971f1234ef76db813466e53a31 main_color avia-section-default avia-no-border-styling  avia-builder-el-4  el_after_av_layout_row  avia-builder-el-last  avia-bg-style-scroll container_wrap fullsize'  ><div class='container av-section-cont-open' ><div class='template-page content  av-content-full alpha units'><div class='post-entry post-entry-type-page post-entry-9667'><div class='entry-content-wrapper clearfix'>\n<div  data-slideshow-options=\"{&quot;animation&quot;:&quot;fade&quot;,&quot;autoplay&quot;:false,&quot;loop_autoplay&quot;:&quot;once&quot;,&quot;interval&quot;:5,&quot;loop_manual&quot;:&quot;manual-endless&quot;,&quot;autoplay_stopper&quot;:false,&quot;noNavigation&quot;:false,&quot;show_slide_delay&quot;:90}\" class='avia-content-slider avia-content-grid-active avia-content-slider1 avia-content-slider-odd  avia-builder-el-5  avia-builder-el-no-sibling  av-slideshow-ui av-control-default   av-no-slider-navigation av-slideshow-manual av-loop-once av-loop-manual-endless '  itemscope=\"itemscope\" itemtype=\"https:\/\/schema.org\/Blog\" ><div class=\"avia-content-slider-inner\"><div class=\"slide-entry-wrap\"><article class='slide-entry flex_column  post-entry post-entry-6281 slide-entry-overview slide-loop-1 slide-parity-odd  av_one_third first real-thumbnail posttype-post post-format-standard'  itemscope=\"itemscope\" itemtype=\"https:\/\/schema.org\/CreativeWork\" ><a href='https:\/\/phdlifescience.eu\/es\/psp-con-un-diseno-supranacional\/' data-rel='slide-1' class='slide-image' title='PSP CON UN DISE\u00d1O SUPRANACIONAL'><img decoding=\"async\" width=\"495\" height=\"400\" src=\"https:\/\/phdlifescience.eu\/wp-content\/uploads\/clark-tibbs-oqStl2L5oxI-unsplash-495x400.jpg\" class=\"wp-image-6065 avia-img-lazy-loading-not-6065 attachment-portfolio size-portfolio wp-post-image\" alt=\"\" srcset=\"https:\/\/phdlifescience.eu\/wp-content\/uploads\/clark-tibbs-oqStl2L5oxI-unsplash-495x400.jpg 495w, https:\/\/phdlifescience.eu\/wp-content\/uploads\/clark-tibbs-oqStl2L5oxI-unsplash-845x684.jpg 845w\" sizes=\"(max-width: 495px) 100vw, 495px\" \/><\/a><div class=\"slide-content\"><header class=\"entry-content-header\"><h3 class='slide-entry-title entry-title '  itemprop=\"headline\" ><a href='https:\/\/phdlifescience.eu\/es\/psp-con-un-diseno-supranacional\/' title='PSP CON UN DISE\u00d1O SUPRANACIONAL'>PSP CON UN DISE\u00d1O SUPRANACIONAL<\/a><\/h3><span class=\"av-vertical-delimiter\"><\/span><\/header><div class=\"slide-meta\"><time class='slide-meta-time updated'  itemprop=\"datePublished\" datetime=\"2023-06-21T14:56:50+02:00\" >21 de junio de 2023<\/time><\/div><div class='slide-entry-excerpt entry-content'  itemprop=\"text\" >\r\n\r\n\r\n\r\nEl creciente n\u00famero de publicaciones y estudios observacionales\u2026<\/div><\/div><footer class=\"entry-footer\"><\/footer><span class='hidden'>\n\t\t\t\t<span class='av-structured-data'  itemprop=\"image\" itemscope=\"itemscope\" itemtype=\"https:\/\/schema.org\/ImageObject\" >\n\t\t\t\t\t\t<span itemprop='url'>https:\/\/phdlifescience.eu\/wp-content\/uploads\/clark-tibbs-oqStl2L5oxI-unsplash-scaled.jpg<\/span>\n\t\t\t\t\t\t<span itemprop='height'>1707<\/span>\n\t\t\t\t\t\t<span itemprop='width'>2560<\/span>\n\t\t\t\t<\/span>\n\t\t\t\t<span class='av-structured-data'  itemprop=\"publisher\" itemtype=\"https:\/\/schema.org\/Organization\" itemscope=\"itemscope\" >\n\t\t\t\t\t\t<span itemprop='name'>admin4802<\/span>\n\t\t\t\t\t\t<span itemprop='logo' itemscope itemtype='https:\/\/schema.org\/ImageObject'>\n\t\t\t\t\t\t\t<span itemprop='url'>http:\/\/phdlifescience.eu\/wp-content\/uploads\/PHD-lifescience.png<\/span>\n\t\t\t\t\t\t<\/span>\n\t\t\t\t<\/span><span class='av-structured-data'  itemprop=\"author\" itemscope=\"itemscope\" itemtype=\"https:\/\/schema.org\/Person\" ><span itemprop='name'>admin4802<\/span><\/span><span class='av-structured-data'  itemprop=\"datePublished\" datetime=\"2026-03-19T16:03:06+01:00\" >2023-06-21 14:56:50<\/span><span class='av-structured-data'  itemprop=\"dateModified\" itemtype=\"https:\/\/schema.org\/dateModified\" >2023-09-29 10:04:16<\/span><span class='av-structured-data'  itemprop=\"mainEntityOfPage\" itemtype=\"https:\/\/schema.org\/mainEntityOfPage\" ><span itemprop='name'>PSP CON UN DISE\u00d1O SUPRANACIONAL<\/span><\/span><\/span><\/article><article class='slide-entry flex_column  post-entry post-entry-6283 slide-entry-overview slide-loop-2 slide-parity-even  post-entry-last  av_one_third  real-thumbnail posttype-post post-format-standard'  itemscope=\"itemscope\" itemtype=\"https:\/\/schema.org\/CreativeWork\" ><a href='https:\/\/phdlifescience.eu\/es\/diseno-de-servicios-de-atencion-sanitaria-herramientas-y-consejos-para-disenar-un-programa-de-soporte-a-pacientes\/' data-rel='slide-1' class='slide-image' title='DISE\u00d1O DE SERVICIOS DE ATENCI\u00d3N SANITARIA: HERRAMIENTAS Y CONSEJOS PARA DISE\u00d1AR UN PROGRAMA DE SOPORTE A PACIENTES'><img decoding=\"async\" width=\"495\" height=\"400\" src=\"https:\/\/phdlifescience.eu\/wp-content\/uploads\/Healthcare-service-design-495x400.jpg\" class=\"wp-image-6087 avia-img-lazy-loading-not-6087 attachment-portfolio size-portfolio wp-post-image\" alt=\"\" srcset=\"https:\/\/phdlifescience.eu\/wp-content\/uploads\/Healthcare-service-design-495x400.jpg 495w, https:\/\/phdlifescience.eu\/wp-content\/uploads\/Healthcare-service-design-845x684.jpg 845w\" sizes=\"(max-width: 495px) 100vw, 495px\" \/><\/a><div class=\"slide-content\"><header class=\"entry-content-header\"><h3 class='slide-entry-title entry-title '  itemprop=\"headline\" ><a href='https:\/\/phdlifescience.eu\/es\/diseno-de-servicios-de-atencion-sanitaria-herramientas-y-consejos-para-disenar-un-programa-de-soporte-a-pacientes\/' title='DISE\u00d1O DE SERVICIOS DE ATENCI\u00d3N SANITARIA: HERRAMIENTAS Y CONSEJOS PARA DISE\u00d1AR UN PROGRAMA DE SOPORTE A PACIENTES'>DISE\u00d1O DE SERVICIOS DE ATENCI\u00d3N SANITARIA: HERRAMIENTAS Y CONSEJOS PARA DISE\u00d1AR UN PROGRAMA DE SOPORTE A PACIENTES<\/a><\/h3><span class=\"av-vertical-delimiter\"><\/span><\/header><div class=\"slide-meta\"><time class='slide-meta-time updated'  itemprop=\"datePublished\" datetime=\"2023-04-06T14:59:32+02:00\" >6 de abril de 2023<\/time><\/div><div class='slide-entry-excerpt entry-content'  itemprop=\"text\" >\r\n\r\n\r\n\r\nLas necesidades no cubiertas, el\u00a0patient journey, los\u2026<\/div><\/div><footer class=\"entry-footer\"><\/footer><span class='hidden'>\n\t\t\t\t<span class='av-structured-data'  itemprop=\"image\" itemscope=\"itemscope\" itemtype=\"https:\/\/schema.org\/ImageObject\" >\n\t\t\t\t\t\t<span itemprop='url'>https:\/\/phdlifescience.eu\/wp-content\/uploads\/Healthcare-service-design.jpg<\/span>\n\t\t\t\t\t\t<span itemprop='height'>1600<\/span>\n\t\t\t\t\t\t<span itemprop='width'>1254<\/span>\n\t\t\t\t<\/span>\n\t\t\t\t<span class='av-structured-data'  itemprop=\"publisher\" itemtype=\"https:\/\/schema.org\/Organization\" itemscope=\"itemscope\" >\n\t\t\t\t\t\t<span itemprop='name'>admin4802<\/span>\n\t\t\t\t\t\t<span itemprop='logo' itemscope itemtype='https:\/\/schema.org\/ImageObject'>\n\t\t\t\t\t\t\t<span itemprop='url'>http:\/\/phdlifescience.eu\/wp-content\/uploads\/PHD-lifescience.png<\/span>\n\t\t\t\t\t\t<\/span>\n\t\t\t\t<\/span><span class='av-structured-data'  itemprop=\"author\" itemscope=\"itemscope\" itemtype=\"https:\/\/schema.org\/Person\" ><span itemprop='name'>admin4802<\/span><\/span><span class='av-structured-data'  itemprop=\"datePublished\" datetime=\"2026-03-19T16:03:06+01:00\" >2023-04-06 14:59:32<\/span><span class='av-structured-data'  itemprop=\"dateModified\" itemtype=\"https:\/\/schema.org\/dateModified\" >2023-09-11 15:03:01<\/span><span class='av-structured-data'  itemprop=\"mainEntityOfPage\" itemtype=\"https:\/\/schema.org\/mainEntityOfPage\" ><span itemprop='name'>DISE\u00d1O DE SERVICIOS DE ATENCI\u00d3N SANITARIA: HERRAMIENTAS Y CONSEJOS PARA DISE\u00d1AR UN PROGRAMA DE SOPORTE A PACIENTES<\/span><\/span><\/span><\/article><\/div><\/div><\/div>\n<\/p>\n","protected":false},"excerpt":{"rendered":"","protected":false},"author":7,"featured_media":0,"parent":6244,"menu_order":0,"comment_status":"closed","ping_status":"closed","template":"","meta":{"footnotes":""},"class_list":["post-9667","page","type-page","status-publish","hentry"],"_links":{"self":[{"href":"https:\/\/phdlifescience.eu\/es\/wp-json\/wp\/v2\/pages\/9667","targetHints":{"allow":["GET"]}}],"collection":[{"href":"https:\/\/phdlifescience.eu\/es\/wp-json\/wp\/v2\/pages"}],"about":[{"href":"https:\/\/phdlifescience.eu\/es\/wp-json\/wp\/v2\/types\/page"}],"author":[{"embeddable":true,"href":"https:\/\/phdlifescience.eu\/es\/wp-json\/wp\/v2\/users\/7"}],"replies":[{"embeddable":true,"href":"https:\/\/phdlifescience.eu\/es\/wp-json\/wp\/v2\/comments?post=9667"}],"version-history":[{"count":1,"href":"https:\/\/phdlifescience.eu\/es\/wp-json\/wp\/v2\/pages\/9667\/revisions"}],"predecessor-version":[{"id":9669,"href":"https:\/\/phdlifescience.eu\/es\/wp-json\/wp\/v2\/pages\/9667\/revisions\/9669"}],"up":[{"embeddable":true,"href":"https:\/\/phdlifescience.eu\/es\/wp-json\/wp\/v2\/pages\/6244"}],"wp:attachment":[{"href":"https:\/\/phdlifescience.eu\/es\/wp-json\/wp\/v2\/media?parent=9667"}],"curies":[{"name":"wp","href":"https:\/\/api.w.org\/{rel}","templated":true}]}}