{"id":7489,"date":"2023-08-11T12:37:10","date_gmt":"2023-08-11T10:37:10","guid":{"rendered":"https:\/\/phdlifescience.eu\/?page_id=7489"},"modified":"2023-11-21T09:46:53","modified_gmt":"2023-11-21T08:46:53","slug":"investigacion-comunicacion","status":"publish","type":"page","link":"https:\/\/phdlifescience.eu\/es\/historias\/investigacion-comunicacion\/","title":{"rendered":"Investigaci\u00f3n Comunicaci\u00f3n"},"content":{"rendered":"<div id='av-layout-grid-1'  class='av-layout-grid-container av-2nypx-b241972f45e9446f88840fe5153c705c entry-content-wrapper alternate_color av-flex-cells  avia-builder-el-0  el_before_av_section  avia-builder-el-first   container_wrap fullsize'  >\n\n<style type=\"text\/css\" data-created_by=\"avia_inline_auto\" id=\"style-css-av-ll21879s-d55e594927ade33f9053e8485712229e\">\n.flex_cell.av-ll21879s-d55e594927ade33f9053e8485712229e{\nvertical-align:middle;\nbackground-color:#d60b52;\n}\n.responsive #top #wrap_all .flex_cell.av-ll21879s-d55e594927ade33f9053e8485712229e{\npadding:40px 40px 40px 40px !important;\n}\n<\/style>\n<div class='flex_cell av-ll21879s-d55e594927ade33f9053e8485712229e av-gridrow-cell av_one_full no_margin  avia-builder-el-1  avia-builder-el-no-sibling '  ><div class='flex_cell_inner'><div  class='flex_column av-235c5-07bd1a19df952e7fc3de1d1b088f85e1 av_one_full  avia-builder-el-2  avia-builder-el-no-sibling  first flex_column_div  '     ><section  class='av_textblock_section av-71foq-543b9b88cc305c42222946b90c8be424 '   itemscope=\"itemscope\" itemtype=\"https:\/\/schema.org\/CreativeWork\" ><div class='avia_textblock'  itemprop=\"text\" ><h1 style=\"text-align: center;\">COMUNICACI\u00d3N<\/h1>\n<\/div><\/section><\/div>\n<\/div><\/div><\/div><div id='av_section_1'  class='avia-section av-14xuuw-2cb630971f1234ef76db813466e53a31 main_color avia-section-default avia-no-border-styling  avia-builder-el-4  el_after_av_layout_row  avia-builder-el-last  avia-bg-style-scroll container_wrap fullsize'  ><div class='container av-section-cont-open' ><div class='template-page content  av-content-full alpha units'><div class='post-entry post-entry-type-page post-entry-7489'><div class='entry-content-wrapper clearfix'>\n<div  data-slideshow-options=\"{&quot;animation&quot;:&quot;fade&quot;,&quot;autoplay&quot;:false,&quot;loop_autoplay&quot;:&quot;once&quot;,&quot;interval&quot;:5,&quot;loop_manual&quot;:&quot;manual-endless&quot;,&quot;autoplay_stopper&quot;:false,&quot;noNavigation&quot;:false,&quot;show_slide_delay&quot;:90}\" class='avia-content-slider avia-content-grid-active avia-content-slider1 avia-content-slider-odd  avia-builder-el-5  avia-builder-el-no-sibling  av-slideshow-ui av-control-default   av-no-slider-navigation av-slideshow-manual av-loop-once av-loop-manual-endless '  itemscope=\"itemscope\" itemtype=\"https:\/\/schema.org\/Blog\" ><div class=\"avia-content-slider-inner\"><div class=\"slide-entry-wrap\"><article class='slide-entry flex_column  post-entry post-entry-7970 slide-entry-overview slide-loop-1 slide-parity-odd  av_one_third first real-thumbnail posttype-post post-format-standard'  itemscope=\"itemscope\" itemtype=\"https:\/\/schema.org\/CreativeWork\" ><a href='https:\/\/phdlifescience.eu\/es\/las-palabras-son-importantes-el-lenguaje-en-el-ambito-de-la-salud\/' data-rel='slide-1' class='slide-image' title='LAS PALABRAS SON IMPORTANTES: EL LENGUAJE EN EL \u00c1MBITO DE LA SALUD'><img decoding=\"async\" width=\"495\" height=\"400\" src=\"https:\/\/phdlifescience.eu\/wp-content\/uploads\/sincerely-media-gG86PdIzUA-unsplash-495x400.jpg\" class=\"wp-image-7843 avia-img-lazy-loading-not-7843 attachment-portfolio size-portfolio wp-post-image\" alt=\"Start now\" srcset=\"https:\/\/phdlifescience.eu\/wp-content\/uploads\/sincerely-media-gG86PdIzUA-unsplash-495x400.jpg 495w, https:\/\/phdlifescience.eu\/wp-content\/uploads\/sincerely-media-gG86PdIzUA-unsplash-845x684.jpg 845w\" sizes=\"(max-width: 495px) 100vw, 495px\" \/><\/a><div class=\"slide-content\"><header class=\"entry-content-header\"><h3 class='slide-entry-title entry-title '  itemprop=\"headline\" ><a href='https:\/\/phdlifescience.eu\/es\/las-palabras-son-importantes-el-lenguaje-en-el-ambito-de-la-salud\/' title='LAS PALABRAS SON IMPORTANTES: EL LENGUAJE EN EL \u00c1MBITO DE LA SALUD'>LAS PALABRAS SON IMPORTANTES: EL LENGUAJE EN EL \u00c1MBITO DE LA SALUD<\/a><\/h3><span class=\"av-vertical-delimiter\"><\/span><\/header><div class=\"slide-meta\"><time class='slide-meta-time updated'  itemprop=\"datePublished\" datetime=\"2024-06-18T11:57:57+02:00\" >18 de junio de 2024<\/time><\/div><div class='slide-entry-excerpt entry-content'  itemprop=\"text\" >\r\n\r\n\r\n\r\n\u00bfPodemos cuidar a las personas a trav\u00e9s de las palabras?\u2026<\/div><\/div><footer class=\"entry-footer\"><\/footer><span class='hidden'>\n\t\t\t\t<span class='av-structured-data'  itemprop=\"image\" itemscope=\"itemscope\" itemtype=\"https:\/\/schema.org\/ImageObject\" >\n\t\t\t\t\t\t<span itemprop='url'>https:\/\/phdlifescience.eu\/wp-content\/uploads\/sincerely-media-gG86PdIzUA-unsplash-scaled.jpg<\/span>\n\t\t\t\t\t\t<span itemprop='height'>1920<\/span>\n\t\t\t\t\t\t<span itemprop='width'>2560<\/span>\n\t\t\t\t<\/span>\n\t\t\t\t<span class='av-structured-data'  itemprop=\"publisher\" itemtype=\"https:\/\/schema.org\/Organization\" itemscope=\"itemscope\" >\n\t\t\t\t\t\t<span itemprop='name'>Melania Aloia<\/span>\n\t\t\t\t\t\t<span itemprop='logo' itemscope itemtype='https:\/\/schema.org\/ImageObject'>\n\t\t\t\t\t\t\t<span itemprop='url'>http:\/\/phdlifescience.eu\/wp-content\/uploads\/PHD-lifescience.png<\/span>\n\t\t\t\t\t\t<\/span>\n\t\t\t\t<\/span><span class='av-structured-data'  itemprop=\"author\" itemscope=\"itemscope\" itemtype=\"https:\/\/schema.org\/Person\" ><span itemprop='name'>Melania Aloia<\/span><\/span><span class='av-structured-data'  itemprop=\"datePublished\" datetime=\"2023-08-11T12:37:10+02:00\" >2024-06-18 11:57:57<\/span><span class='av-structured-data'  itemprop=\"dateModified\" itemtype=\"https:\/\/schema.org\/dateModified\" >2024-06-18 11:57:57<\/span><span class='av-structured-data'  itemprop=\"mainEntityOfPage\" itemtype=\"https:\/\/schema.org\/mainEntityOfPage\" ><span itemprop='name'>LAS PALABRAS SON IMPORTANTES: EL LENGUAJE EN EL \u00c1MBITO DE LA SALUD<\/span><\/span><\/span><\/article><article class='slide-entry flex_column  post-entry post-entry-7736 slide-entry-overview slide-loop-2 slide-parity-even  av_one_third  real-thumbnail posttype-post post-format-standard'  itemscope=\"itemscope\" itemtype=\"https:\/\/schema.org\/CreativeWork\" ><a href='https:\/\/phdlifescience.eu\/es\/pasate-al-contenido-visual-tecnicas-y-herramientas-de-comunicacion-en-salud\/' data-rel='slide-1' class='slide-image' title='P\u00c1SATE AL CONTENIDO VISUAL: T\u00c9CNICAS Y HERRAMIENTAS DE COMUNICACI\u00d3N EN SALUD'><img decoding=\"async\" width=\"495\" height=\"400\" src=\"https:\/\/phdlifescience.eu\/wp-content\/uploads\/articolo-make-it-visual-495x400.png\" class=\"wp-image-7694 avia-img-lazy-loading-not-7694 attachment-portfolio size-portfolio wp-post-image\" alt=\"\" \/><\/a><div class=\"slide-content\"><header class=\"entry-content-header\"><h3 class='slide-entry-title entry-title '  itemprop=\"headline\" ><a href='https:\/\/phdlifescience.eu\/es\/pasate-al-contenido-visual-tecnicas-y-herramientas-de-comunicacion-en-salud\/' title='P\u00c1SATE AL CONTENIDO VISUAL: T\u00c9CNICAS Y HERRAMIENTAS DE COMUNICACI\u00d3N EN SALUD'>P\u00c1SATE AL CONTENIDO VISUAL: T\u00c9CNICAS Y HERRAMIENTAS DE COMUNICACI\u00d3N EN SALUD<\/a><\/h3><span class=\"av-vertical-delimiter\"><\/span><\/header><div class=\"slide-meta\"><time class='slide-meta-time updated'  itemprop=\"datePublished\" datetime=\"2024-02-15T12:43:56+01:00\" >15 de febrero de 2024<\/time><\/div><div class='slide-entry-excerpt entry-content'  itemprop=\"text\" >\r\n\r\n\r\n\r\nLa comunicaci\u00f3n de contenidos se basa en la combinaci\u00f3n\u2026<\/div><\/div><footer class=\"entry-footer\"><\/footer><span class='hidden'>\n\t\t\t\t<span class='av-structured-data'  itemprop=\"image\" itemscope=\"itemscope\" itemtype=\"https:\/\/schema.org\/ImageObject\" >\n\t\t\t\t\t\t<span itemprop='url'>https:\/\/phdlifescience.eu\/wp-content\/uploads\/articolo-make-it-visual.png<\/span>\n\t\t\t\t\t\t<span itemprop='height'>400<\/span>\n\t\t\t\t\t\t<span itemprop='width'>600<\/span>\n\t\t\t\t<\/span>\n\t\t\t\t<span class='av-structured-data'  itemprop=\"publisher\" itemtype=\"https:\/\/schema.org\/Organization\" itemscope=\"itemscope\" >\n\t\t\t\t\t\t<span itemprop='name'>Melania Aloia<\/span>\n\t\t\t\t\t\t<span itemprop='logo' itemscope itemtype='https:\/\/schema.org\/ImageObject'>\n\t\t\t\t\t\t\t<span itemprop='url'>http:\/\/phdlifescience.eu\/wp-content\/uploads\/PHD-lifescience.png<\/span>\n\t\t\t\t\t\t<\/span>\n\t\t\t\t<\/span><span class='av-structured-data'  itemprop=\"author\" itemscope=\"itemscope\" itemtype=\"https:\/\/schema.org\/Person\" ><span itemprop='name'>Melania Aloia<\/span><\/span><span class='av-structured-data'  itemprop=\"datePublished\" datetime=\"2023-08-11T12:37:10+02:00\" >2024-02-15 12:43:56<\/span><span class='av-structured-data'  itemprop=\"dateModified\" itemtype=\"https:\/\/schema.org\/dateModified\" >2024-02-15 12:43:56<\/span><span class='av-structured-data'  itemprop=\"mainEntityOfPage\" itemtype=\"https:\/\/schema.org\/mainEntityOfPage\" ><span itemprop='name'>P\u00c1SATE AL CONTENIDO VISUAL: T\u00c9CNICAS Y HERRAMIENTAS DE COMUNICACI\u00d3N EN SALUD<\/span><\/span><\/span><\/article><article class='slide-entry flex_column  post-entry post-entry-7687 slide-entry-overview slide-loop-3 slide-parity-odd  av_one_third  real-thumbnail posttype-post post-format-standard'  itemscope=\"itemscope\" itemtype=\"https:\/\/schema.org\/CreativeWork\" ><a href='https:\/\/phdlifescience.eu\/es\/educacion-sanitaria-del-bienestar-individual-al-bienestar-comunitario\/' data-rel='slide-1' class='slide-image' title='EDUCACI\u00d3N SANITARIA: DEL BIENESTAR INDIVIDUAL AL BIENESTAR COMUNITARIO'><img decoding=\"async\" width=\"495\" height=\"400\" src=\"https:\/\/phdlifescience.eu\/wp-content\/uploads\/jonas-leupe-WargGLQW_Yk-unsplash-495x400.jpg\" class=\"wp-image-5695 avia-img-lazy-loading-not-5695 attachment-portfolio size-portfolio wp-post-image\" alt=\"\" srcset=\"https:\/\/phdlifescience.eu\/wp-content\/uploads\/jonas-leupe-WargGLQW_Yk-unsplash-495x400.jpg 495w, https:\/\/phdlifescience.eu\/wp-content\/uploads\/jonas-leupe-WargGLQW_Yk-unsplash-845x684.jpg 845w\" sizes=\"(max-width: 495px) 100vw, 495px\" \/><\/a><div class=\"slide-content\"><header class=\"entry-content-header\"><h3 class='slide-entry-title entry-title '  itemprop=\"headline\" ><a href='https:\/\/phdlifescience.eu\/es\/educacion-sanitaria-del-bienestar-individual-al-bienestar-comunitario\/' title='EDUCACI\u00d3N SANITARIA: DEL BIENESTAR INDIVIDUAL AL BIENESTAR COMUNITARIO'>EDUCACI\u00d3N SANITARIA: DEL BIENESTAR INDIVIDUAL AL BIENESTAR COMUNITARIO<\/a><\/h3><span class=\"av-vertical-delimiter\"><\/span><\/header><div class=\"slide-meta\"><time class='slide-meta-time updated'  itemprop=\"datePublished\" datetime=\"2024-01-16T16:14:17+01:00\" >16 de enero de 2024<\/time><\/div><div class='slide-entry-excerpt entry-content'  itemprop=\"text\" >\r\n\r\n\r\n\r\nLa emergencia sanitaria ha puesto de relieve la importancia\u2026<\/div><\/div><footer class=\"entry-footer\"><\/footer><span class='hidden'>\n\t\t\t\t<span class='av-structured-data'  itemprop=\"image\" itemscope=\"itemscope\" itemtype=\"https:\/\/schema.org\/ImageObject\" >\n\t\t\t\t\t\t<span itemprop='url'>https:\/\/phdlifescience.eu\/wp-content\/uploads\/jonas-leupe-WargGLQW_Yk-unsplash.jpg<\/span>\n\t\t\t\t\t\t<span itemprop='height'>1067<\/span>\n\t\t\t\t\t\t<span itemprop='width'>1600<\/span>\n\t\t\t\t<\/span>\n\t\t\t\t<span class='av-structured-data'  itemprop=\"publisher\" itemtype=\"https:\/\/schema.org\/Organization\" itemscope=\"itemscope\" >\n\t\t\t\t\t\t<span itemprop='name'>Melania Aloia<\/span>\n\t\t\t\t\t\t<span itemprop='logo' itemscope itemtype='https:\/\/schema.org\/ImageObject'>\n\t\t\t\t\t\t\t<span itemprop='url'>http:\/\/phdlifescience.eu\/wp-content\/uploads\/PHD-lifescience.png<\/span>\n\t\t\t\t\t\t<\/span>\n\t\t\t\t<\/span><span class='av-structured-data'  itemprop=\"author\" itemscope=\"itemscope\" itemtype=\"https:\/\/schema.org\/Person\" ><span itemprop='name'>Melania Aloia<\/span><\/span><span class='av-structured-data'  itemprop=\"datePublished\" datetime=\"2023-08-11T12:37:10+02:00\" >2024-01-16 16:14:17<\/span><span class='av-structured-data'  itemprop=\"dateModified\" itemtype=\"https:\/\/schema.org\/dateModified\" >2024-01-16 16:14:31<\/span><span class='av-structured-data'  itemprop=\"mainEntityOfPage\" itemtype=\"https:\/\/schema.org\/mainEntityOfPage\" ><span itemprop='name'>EDUCACI\u00d3N SANITARIA: DEL BIENESTAR INDIVIDUAL AL BIENESTAR COMUNITARIO<\/span><\/span><\/span><\/article><\/div><div class=\"slide-entry-wrap\"><article class='slide-entry flex_column  post-entry post-entry-7684 slide-entry-overview slide-loop-4 slide-parity-odd  av_one_third first real-thumbnail posttype-post post-format-standard'  itemscope=\"itemscope\" itemtype=\"https:\/\/schema.org\/CreativeWork\" ><a href='https:\/\/phdlifescience.eu\/es\/evolucion-healthcare-busqueda-por-voz\/' data-rel='slide-1' class='slide-image' title='LA EVOLUCI\u00d3N DE LA ATENCI\u00d3N SANITARIA GRACIAS A LA B\u00daSQUEDA POR VOZ'><img decoding=\"async\" width=\"495\" height=\"400\" src=\"https:\/\/phdlifescience.eu\/wp-content\/uploads\/ivan-bandura-lZCHy8PLyyo-unsplash-1-495x400.jpg\" class=\"wp-image-5693 avia-img-lazy-loading-not-5693 attachment-portfolio size-portfolio wp-post-image\" alt=\"\" srcset=\"https:\/\/phdlifescience.eu\/wp-content\/uploads\/ivan-bandura-lZCHy8PLyyo-unsplash-1-495x400.jpg 495w, https:\/\/phdlifescience.eu\/wp-content\/uploads\/ivan-bandura-lZCHy8PLyyo-unsplash-1-845x684.jpg 845w\" sizes=\"(max-width: 495px) 100vw, 495px\" \/><\/a><div class=\"slide-content\"><header class=\"entry-content-header\"><h3 class='slide-entry-title entry-title '  itemprop=\"headline\" ><a href='https:\/\/phdlifescience.eu\/es\/evolucion-healthcare-busqueda-por-voz\/' title='LA EVOLUCI\u00d3N DE LA ATENCI\u00d3N SANITARIA GRACIAS A LA B\u00daSQUEDA POR VOZ'>LA EVOLUCI\u00d3N DE LA ATENCI\u00d3N SANITARIA GRACIAS A LA B\u00daSQUEDA POR VOZ<\/a><\/h3><span class=\"av-vertical-delimiter\"><\/span><\/header><div class=\"slide-meta\"><time class='slide-meta-time updated'  itemprop=\"datePublished\" datetime=\"2024-01-16T15:52:17+01:00\" >16 de enero de 2024<\/time><\/div><div class='slide-entry-excerpt entry-content'  itemprop=\"text\" >\r\n\r\n\r\n\r\nHablar en lugar de escribir: las personas interact\u00faan\u2026<\/div><\/div><footer class=\"entry-footer\"><\/footer><span class='hidden'>\n\t\t\t\t<span class='av-structured-data'  itemprop=\"image\" itemscope=\"itemscope\" itemtype=\"https:\/\/schema.org\/ImageObject\" >\n\t\t\t\t\t\t<span itemprop='url'>https:\/\/phdlifescience.eu\/wp-content\/uploads\/ivan-bandura-lZCHy8PLyyo-unsplash-1.jpg<\/span>\n\t\t\t\t\t\t<span itemprop='height'>1067<\/span>\n\t\t\t\t\t\t<span itemprop='width'>1600<\/span>\n\t\t\t\t<\/span>\n\t\t\t\t<span class='av-structured-data'  itemprop=\"publisher\" itemtype=\"https:\/\/schema.org\/Organization\" itemscope=\"itemscope\" >\n\t\t\t\t\t\t<span itemprop='name'>Melania Aloia<\/span>\n\t\t\t\t\t\t<span itemprop='logo' itemscope itemtype='https:\/\/schema.org\/ImageObject'>\n\t\t\t\t\t\t\t<span itemprop='url'>http:\/\/phdlifescience.eu\/wp-content\/uploads\/PHD-lifescience.png<\/span>\n\t\t\t\t\t\t<\/span>\n\t\t\t\t<\/span><span class='av-structured-data'  itemprop=\"author\" itemscope=\"itemscope\" itemtype=\"https:\/\/schema.org\/Person\" ><span itemprop='name'>Melania Aloia<\/span><\/span><span class='av-structured-data'  itemprop=\"datePublished\" datetime=\"2023-08-11T12:37:10+02:00\" >2024-01-16 15:52:17<\/span><span class='av-structured-data'  itemprop=\"dateModified\" itemtype=\"https:\/\/schema.org\/dateModified\" >2024-01-16 15:56:47<\/span><span class='av-structured-data'  itemprop=\"mainEntityOfPage\" itemtype=\"https:\/\/schema.org\/mainEntityOfPage\" ><span itemprop='name'>LA EVOLUCI\u00d3N DE LA ATENCI\u00d3N SANITARIA GRACIAS A LA B\u00daSQUEDA POR VOZ<\/span><\/span><\/span><\/article><article class='slide-entry flex_column  post-entry post-entry-7681 slide-entry-overview slide-loop-5 slide-parity-even  av_one_third  real-thumbnail posttype-post post-format-standard'  itemscope=\"itemscope\" itemtype=\"https:\/\/schema.org\/CreativeWork\" ><a href='https:\/\/phdlifescience.eu\/es\/chatgpt-se-abre-camino-en-la-redaccion-scientifica\/' data-rel='slide-1' class='slide-image' title='CHATGPT SE ABRE CAMINO EN LA REDACCI\u00d3N CIENT\u00cdFICA'><img decoding=\"async\" width=\"495\" height=\"400\" src=\"https:\/\/phdlifescience.eu\/wp-content\/uploads\/ChatGPT-495x400.jpg\" class=\"wp-image-5660 avia-img-lazy-loading-not-5660 attachment-portfolio size-portfolio wp-post-image\" alt=\"\" \/><\/a><div class=\"slide-content\"><header class=\"entry-content-header\"><h3 class='slide-entry-title entry-title '  itemprop=\"headline\" ><a href='https:\/\/phdlifescience.eu\/es\/chatgpt-se-abre-camino-en-la-redaccion-scientifica\/' title='CHATGPT SE ABRE CAMINO EN LA REDACCI\u00d3N CIENT\u00cdFICA'>CHATGPT SE ABRE CAMINO EN LA REDACCI\u00d3N CIENT\u00cdFICA<\/a><\/h3><span class=\"av-vertical-delimiter\"><\/span><\/header><div class=\"slide-meta\"><time class='slide-meta-time updated'  itemprop=\"datePublished\" datetime=\"2024-01-16T15:26:11+01:00\" >16 de enero de 2024<\/time><\/div><div class='slide-entry-excerpt entry-content'  itemprop=\"text\" >\r\n\r\n\r\n\r\nCuando le preguntas qui\u00e9n es, responde: \u201cSoy un programa\u2026<\/div><\/div><footer class=\"entry-footer\"><\/footer><span class='hidden'>\n\t\t\t\t<span class='av-structured-data'  itemprop=\"image\" itemscope=\"itemscope\" itemtype=\"https:\/\/schema.org\/ImageObject\" >\n\t\t\t\t\t\t<span itemprop='url'>https:\/\/phdlifescience.eu\/wp-content\/uploads\/ChatGPT.jpg<\/span>\n\t\t\t\t\t\t<span itemprop='height'>597<\/span>\n\t\t\t\t\t\t<span itemprop='width'>1024<\/span>\n\t\t\t\t<\/span>\n\t\t\t\t<span class='av-structured-data'  itemprop=\"publisher\" itemtype=\"https:\/\/schema.org\/Organization\" itemscope=\"itemscope\" >\n\t\t\t\t\t\t<span itemprop='name'>Melania Aloia<\/span>\n\t\t\t\t\t\t<span itemprop='logo' itemscope itemtype='https:\/\/schema.org\/ImageObject'>\n\t\t\t\t\t\t\t<span itemprop='url'>http:\/\/phdlifescience.eu\/wp-content\/uploads\/PHD-lifescience.png<\/span>\n\t\t\t\t\t\t<\/span>\n\t\t\t\t<\/span><span class='av-structured-data'  itemprop=\"author\" itemscope=\"itemscope\" itemtype=\"https:\/\/schema.org\/Person\" ><span itemprop='name'>Melania Aloia<\/span><\/span><span class='av-structured-data'  itemprop=\"datePublished\" datetime=\"2023-08-11T12:37:10+02:00\" >2024-01-16 15:26:11<\/span><span class='av-structured-data'  itemprop=\"dateModified\" itemtype=\"https:\/\/schema.org\/dateModified\" >2024-01-16 15:26:11<\/span><span class='av-structured-data'  itemprop=\"mainEntityOfPage\" itemtype=\"https:\/\/schema.org\/mainEntityOfPage\" ><span itemprop='name'>CHATGPT SE ABRE CAMINO EN LA REDACCI\u00d3N CIENT\u00cdFICA<\/span><\/span><\/span><\/article><article class='slide-entry flex_column  post-entry post-entry-7483 slide-entry-overview slide-loop-6 slide-parity-odd  post-entry-last  av_one_third  real-thumbnail posttype-post post-format-standard'  itemscope=\"itemscope\" itemtype=\"https:\/\/schema.org\/CreativeWork\" ><a href='https:\/\/phdlifescience.eu\/es\/el-metaverso-abre-sus-puertas-al-primer-avatar-hemofilico\/' data-rel='slide-1' class='slide-image' title='EL METAVERSO ABRE SUS PUERTAS AL PRIMER AVATAR HEMOF\u00cdLICO'><img decoding=\"async\" width=\"495\" height=\"400\" src=\"https:\/\/phdlifescience.eu\/wp-content\/uploads\/screenshot-The-Nemesis-495x400.jpg\" class=\"wp-image-5716 avia-img-lazy-loading-not-5716 attachment-portfolio size-portfolio wp-post-image\" alt=\"\" \/><\/a><div class=\"slide-content\"><header class=\"entry-content-header\"><h3 class='slide-entry-title entry-title '  itemprop=\"headline\" ><a href='https:\/\/phdlifescience.eu\/es\/el-metaverso-abre-sus-puertas-al-primer-avatar-hemofilico\/' title='EL METAVERSO ABRE SUS PUERTAS AL PRIMER AVATAR HEMOF\u00cdLICO'>EL METAVERSO ABRE SUS PUERTAS AL PRIMER AVATAR HEMOF\u00cdLICO<\/a><\/h3><span class=\"av-vertical-delimiter\"><\/span><\/header><div class=\"slide-meta\"><time class='slide-meta-time updated'  itemprop=\"datePublished\" datetime=\"2023-11-20T18:41:52+01:00\" >20 de noviembre de 2023<\/time><\/div><div class='slide-entry-excerpt entry-content'  itemprop=\"text\" >\r\n\r\n\r\n\r\n(Reproducci\u00f3n conversaci\u00f3n)\r\n\r\nHELENE12: \u00bfPor qu\u00e9\u2026<\/div><\/div><footer class=\"entry-footer\"><\/footer><span class='hidden'>\n\t\t\t\t<span class='av-structured-data'  itemprop=\"image\" itemscope=\"itemscope\" itemtype=\"https:\/\/schema.org\/ImageObject\" >\n\t\t\t\t\t\t<span itemprop='url'>https:\/\/phdlifescience.eu\/wp-content\/uploads\/screenshot-The-Nemesis.jpg<\/span>\n\t\t\t\t\t\t<span itemprop='height'>658<\/span>\n\t\t\t\t\t\t<span itemprop='width'>1297<\/span>\n\t\t\t\t<\/span>\n\t\t\t\t<span class='av-structured-data'  itemprop=\"publisher\" itemtype=\"https:\/\/schema.org\/Organization\" itemscope=\"itemscope\" >\n\t\t\t\t\t\t<span itemprop='name'>Melania Aloia<\/span>\n\t\t\t\t\t\t<span itemprop='logo' itemscope itemtype='https:\/\/schema.org\/ImageObject'>\n\t\t\t\t\t\t\t<span itemprop='url'>http:\/\/phdlifescience.eu\/wp-content\/uploads\/PHD-lifescience.png<\/span>\n\t\t\t\t\t\t<\/span>\n\t\t\t\t<\/span><span class='av-structured-data'  itemprop=\"author\" itemscope=\"itemscope\" itemtype=\"https:\/\/schema.org\/Person\" ><span itemprop='name'>Melania Aloia<\/span><\/span><span class='av-structured-data'  itemprop=\"datePublished\" datetime=\"2023-08-11T12:37:10+02:00\" >2023-11-20 18:41:52<\/span><span class='av-structured-data'  itemprop=\"dateModified\" itemtype=\"https:\/\/schema.org\/dateModified\" >2023-11-21 09:22:19<\/span><span class='av-structured-data'  itemprop=\"mainEntityOfPage\" itemtype=\"https:\/\/schema.org\/mainEntityOfPage\" ><span itemprop='name'>EL METAVERSO ABRE SUS PUERTAS AL PRIMER AVATAR HEMOF\u00cdLICO<\/span><\/span><\/span><\/article><\/div><\/div><\/div>\n<\/p>\n","protected":false},"excerpt":{"rendered":"","protected":false},"author":1,"featured_media":0,"parent":6244,"menu_order":0,"comment_status":"closed","ping_status":"closed","template":"","meta":{"footnotes":""},"class_list":["post-7489","page","type-page","status-publish","hentry"],"_links":{"self":[{"href":"https:\/\/phdlifescience.eu\/es\/wp-json\/wp\/v2\/pages\/7489","targetHints":{"allow":["GET"]}}],"collection":[{"href":"https:\/\/phdlifescience.eu\/es\/wp-json\/wp\/v2\/pages"}],"about":[{"href":"https:\/\/phdlifescience.eu\/es\/wp-json\/wp\/v2\/types\/page"}],"author":[{"embeddable":true,"href":"https:\/\/phdlifescience.eu\/es\/wp-json\/wp\/v2\/users\/1"}],"replies":[{"embeddable":true,"href":"https:\/\/phdlifescience.eu\/es\/wp-json\/wp\/v2\/comments?post=7489"}],"version-history":[{"count":3,"href":"https:\/\/phdlifescience.eu\/es\/wp-json\/wp\/v2\/pages\/7489\/revisions"}],"predecessor-version":[{"id":7491,"href":"https:\/\/phdlifescience.eu\/es\/wp-json\/wp\/v2\/pages\/7489\/revisions\/7491"}],"up":[{"embeddable":true,"href":"https:\/\/phdlifescience.eu\/es\/wp-json\/wp\/v2\/pages\/6244"}],"wp:attachment":[{"href":"https:\/\/phdlifescience.eu\/es\/wp-json\/wp\/v2\/media?parent=7489"}],"curies":[{"name":"wp","href":"https:\/\/api.w.org\/{rel}","templated":true}]}}