{"id":6670,"date":"2023-08-10T11:24:40","date_gmt":"2023-08-10T09:24:40","guid":{"rendered":"https:\/\/phdlifescience.eu\/?page_id=6670"},"modified":"2025-02-21T10:15:13","modified_gmt":"2025-02-21T09:15:13","slug":"politica-de-cookies","status":"publish","type":"page","link":"https:\/\/phdlifescience.eu\/es\/politica-de-cookies\/","title":{"rendered":"Pol\u00edtica de cookies"},"content":{"rendered":"<div id='av-layout-grid-1'  class='av-layout-grid-container av-av_layout_row-e5b2e0ae1333729b0cecd2c9a9f94a7b entry-content-wrapper alternate_color av-flex-cells  avia-builder-el-0  el_before_av_section  avia-builder-el-first   container_wrap fullsize'  >\n\n<style type=\"text\/css\" data-created_by=\"avia_inline_auto\" id=\"style-css-av-av_cell_one_full-3e332afb4377ca57cdca088be70201b2\">\n.flex_cell.av-av_cell_one_full-3e332afb4377ca57cdca088be70201b2{\nvertical-align:middle;\n}\n.responsive #top #wrap_all .flex_cell.av-av_cell_one_full-3e332afb4377ca57cdca088be70201b2{\npadding:40px 40px 40px 40px !important;\n}\n<\/style>\n<div class='flex_cell av-av_cell_one_full-3e332afb4377ca57cdca088be70201b2 av-gridrow-cell av_one_full no_margin  avia-builder-el-1  avia-builder-el-no-sibling '  ><div class='flex_cell_inner'><div  class='flex_column av-av_one_full-753d03be8845da87da60299c8f023eed av_one_full  avia-builder-el-2  avia-builder-el-no-sibling  first flex_column_div  '     ><section  class='av_textblock_section av-av_textblock-dcb83a6857fc49453ed31f97f542e332 '   itemscope=\"itemscope\" itemtype=\"https:\/\/schema.org\/CreativeWork\" ><div class='avia_textblock'  itemprop=\"text\" ><h1 style=\"text-align: center;\">POL\u00cdTICA DE COOKIES<\/h1>\n<\/div><\/section><\/div>\n<\/div><\/div>\n<\/div>\n<div id='av_section_1'  class='avia-section av-av_section-2b7e576b35afe3220478614636b86336 main_color avia-section-default avia-no-border-styling  avia-builder-el-4  el_after_av_layout_row  avia-builder-el-last  avia-bg-style-scroll container_wrap fullsize'  ><div class='container av-section-cont-open' ><div class='template-page content  av-content-full alpha units'><div class='post-entry post-entry-type-page post-entry-6670'><div class='entry-content-wrapper clearfix'>\n<div  class='flex_column av-av_one_full-753d03be8845da87da60299c8f023eed av_one_full  avia-builder-el-5  avia-builder-el-no-sibling  first flex_column_div  '     ><section  class='av_textblock_section av-ln4c1644-450cdd2b63ef74905cad3889cb12b307 '   itemscope=\"itemscope\" itemtype=\"https:\/\/schema.org\/CreativeWork\" ><div class='avia_textblock'  itemprop=\"text\" ><h2>POL\u00cdTICA DE COOKIES INFORMACI\u00d3N SOBRE EL TRATAMIENTO DE DATOS PERSONALES A TRAV\u00c9S DE COOKIES INSTALADAS POR EL SITIO PHDLIFESCIENCE.UE<\/h2>\n<p>La presente informaci\u00f3n, que forma parte de la Pol\u00edtica de Privacidad del sitio web, se elabora de conformidad con el art\u00edculo 13 del Reglamento (UE) 2016\/679, relativo a la protecci\u00f3n de las personas f\u00edsicas en lo que respecta al tratamiento de datos personales y la libre circulaci\u00f3n de estos datos, y que deroga la Directiva 95\/46\/CE (en adelante, \u00abRGPD\u00bb) para describir a los usuarios del sitio web c\u00f3mo se recopilan y tratan sus datos personales durante la navegaci\u00f3n a trav\u00e9s del uso de cookies.<\/p>\n<p>\u00bfQui\u00e9n trata mis datos? El responsable del tratamiento de sus datos personales es PHD Lifescience S.L., con NIF 06671690482, con sede legal en Passeig Sant Joan 97, 5\u00ba3\u00aa, 08009 Barcelona, al que puede contactar escribiendo a la direcci\u00f3n: <u><a href=\"mailto:info@hnpgroup.eu\">info.es@phdlifescience.eu<\/a><\/u>.<\/p>\n<p>\u00bfQu\u00e9 son las cookies? Las cookies son peque\u00f1os archivos de texto que un sitio web instala en la memoria temporal del navegador que est\u00e1 utilizando (y, por lo tanto, en el dispositivo desde el cual se conecta al sitio web, como una PC, tableta, smartphone, etc.). Las cookies permiten registrar temporalmente cierta informaci\u00f3n sobre sus preferencias, al mismo tiempo que le brindan una navegaci\u00f3n m\u00e1s sencilla y eficiente en el sitio que est\u00e1 visitando.<\/p>\n<p>\u00bfTodas las cookies son iguales? Existen varios tipos de cookies. Las diferencias se refieren a su origen, funci\u00f3n o prop\u00f3sito, y duraci\u00f3n.<\/p>\n<p>Seg\u00fan su origen, las cookies pueden ser:<\/p>\n<ul>\n<li>Propias, es decir, se env\u00edan directamente desde nuestro sitio.<\/li>\n<li>De terceros, es decir, provienen de otros sitios y se env\u00edan a trav\u00e9s de nuestro sitio.<\/li>\n<\/ul>\n<p>Seg\u00fan la informaci\u00f3n que recopilan y su prop\u00f3sito, las cookies pueden ser:<\/p>\n<ul>\n<li>T\u00e9cnicas de navegaci\u00f3n: sirven para navegar por el sitio web o proporcionar un servicio solicitado por el usuario, garantizando una navegaci\u00f3n correcta y m\u00e1s segura, y no se utilizan para otros fines.<\/li>\n<li>T\u00e9cnicas de funcionalidad: son \u00fatiles para facilitar el uso efectivo del sitio por parte del usuario personalizando la experiencia de navegaci\u00f3n, como realizar un seguimiento del idioma elegido.<\/li>\n<li>Anal\u00edticas: recopilan datos e informaci\u00f3n estad\u00edstica sobre el comportamiento y el uso del sitio por parte de los visitantes. Permiten, por ejemplo, saber cu\u00e1ntas personas visitan el sitio, cu\u00e1les son las p\u00e1ginas m\u00e1s vistas, los canales de origen y otros datos sobre el uso de los contenidos por parte de los usuarios.<\/li>\n<li>De perfilado: son cookies utilizadas para rastrear la navegaci\u00f3n del usuario en l\u00ednea y crear perfiles sobre sus gustos, h\u00e1bitos y elecciones. A trav\u00e9s de la informaci\u00f3n contenida en estas cookies, por ejemplo, se pueden transmitir mensajes publicitarios al dispositivo del usuario de acuerdo con las preferencias manifestadas durante la navegaci\u00f3n en l\u00ednea.<\/li>\n<\/ul>\n<p>Las cookies se dividen en:<\/p>\n<ul>\n<li>Temporales: permanecen en el sistema solo durante la duraci\u00f3n de la sesi\u00f3n, es decir, hasta que se cierra el navegador utilizado para la navegaci\u00f3n.<\/li>\n<li>Permanentes: pueden almacenarse durante un per\u00edodo m\u00e1s largo, generalmente hasta su vencimiento.<\/li>\n<\/ul>\n<p>\u00bfQu\u00e9 cookies instala este sitio? Este sitio web instala cookies t\u00e9cnicas y anal\u00edticas \u00a0propias en su dispositivo. A continuaci\u00f3n, se proporciona informaci\u00f3n detallada sobre las principales.<\/p>\n<p><strong>Cookies t\u00e9cnicas<\/strong><\/p>\n<p>Este sitio utiliza cookies t\u00e9cnicas que ayudan a hacer que el sitio web sea utilizable habilitando funciones b\u00e1sicas como la navegaci\u00f3n de p\u00e1ginas. El sitio web no puede funcionar correctamente sin estas cookies.<\/p>\n<p>Para la emisi\u00f3n de estas cookies, la legislaci\u00f3n actual no requiere su consentimiento previo. La instalaci\u00f3n es leg\u00edtima en virtud del inter\u00e9s leg\u00edtimo del responsable del tratamiento, que consiste en llevar a cabo su actividad comercial, tambi\u00e9n ofreciendo a los usuarios una f\u00e1cil utilizaci\u00f3n de su sitio web.<\/p>\n<p><strong>Cookies anal\u00edticas<\/strong><\/p>\n<p>Para la emisi\u00f3n de cookies anal\u00edticas an\u00f3nimas, la legislaci\u00f3n actual no requiere su consentimiento previo. La instalaci\u00f3n de estas cookies es leg\u00edtima en virtud del inter\u00e9s leg\u00edtimo del responsable del tratamiento, que consiste en llevar a cabo su actividad comercial, tambi\u00e9n ofreciendo a los usuarios una f\u00e1cil utilizaci\u00f3n de su sitio web. Cuando se trata de cookies no anonimizadas, su instalaci\u00f3n es leg\u00edtima en virtud del consentimiento que pueda haber otorgado a trav\u00e9s de la selecci\u00f3n de la casilla correspondiente en el banner del sitio. Siempre puede retirar el consentimiento otorgado desactivando las cookies (consulte el punto n. 8).<\/p>\n<p><script type=\"text\/javascript\" id=\"CookieDeclaration\" src=\"https:\/\/consent.cookiebot.com\/820161df-2891-418d-92c8-6cf8e168a6a2\/cd.js\" data-culture=\"ES\" async><\/script><\/p>\n<h3>\u00bfC\u00f3mo puedo gestionar las cookies?<\/h3>\n<p>Puede evitar la instalaci\u00f3n y el uso de cookies por parte de nuestro sitio web en cualquier momento haciendo clic en el punto n. 4 para Cambiar consentimiento o Retirar consentimiento, o deshabilitando la aceptaci\u00f3n de cookies en la configuraci\u00f3n de su navegador. Aqu\u00ed est\u00e1n los enlaces a las instrucciones para desactivar las cookies en los principales navegadores (los enlaces est\u00e1n actualizados en la fecha de redacci\u00f3n de la Pol\u00edtica de cookies): Google Chrome (<u><a href=\"https:\/\/support.google.com\/chrome\/answer\/95647?hl=es\">https:\/\/support.google.com\/chrome\/answer\/95647?hl=es<\/a><\/u>), Safari (<u><a href=\"http:\/\/support.apple.com\/kb\/HT1677?viewlocale=es_ES\">http:\/\/support.apple.com\/kb\/HT1677?viewlocale=es_ES<\/a><\/u>), Microsoft Edge (<u><a href=\"https:\/\/support.microsoft.com\/es-es\/microsoft-edge\/eliminar-las-cookies-en-microsoft-edge-63947406-40ac-c3b8-57b9-2a946a29ae09\">https:\/\/support.microsoft.com\/es-es\/microsoft-edge\/eliminar-las-cookies-en-microsoft-edge-63947406-40ac-c3b8-57b9-2a946a29ae09<\/a><\/u>), Mozilla Firefox (<u><a href=\"https:\/\/support.mozilla.org\/es\/kb\/activar-y-deshabilitar-cookies\">https:\/\/support.mozilla.org\/es\/kb\/activar-y-deshabilitar-cookies<\/a><\/u>).<\/p>\n<p>Le recordamos que deshabilitar las cookies puede impedir el correcto funcionamiento del sitio web.<\/p>\n<p>\u00bfPuedo evitar la instalaci\u00f3n de cookies? Por lo general, la instalaci\u00f3n de cookies se realiza autom\u00e1ticamente por parte de los navegadores. Puede evitar la instalaci\u00f3n de cookies desactivando la recepci\u00f3n de cookies en la configuraci\u00f3n del navegador. Aqu\u00ed est\u00e1n los enlaces a las configuraciones de los principales navegadores: Google Chrome (<u><a href=\"https:\/\/support.google.com\/accounts\/answer\/61416?co=GENIE.Platform%3DDesktop&amp;hl=es\">https:\/\/support.google.com\/accounts\/answer\/61416?co=GENIE.Platform%3DDesktop&amp;hl=es<\/a><\/u>), Safari (<u><a href=\"https:\/\/support.apple.com\/es-es\/guide\/safari\/sfri11471\/mac\">https:\/\/support.apple.com\/es-es\/guide\/safari\/sfri11471\/mac<\/a><\/u>), Microsoft Edge (<u><a href=\"https:\/\/support.microsoft.com\/es-es\/windows\/eliminar-y-administrar-cookies-168dab11-0753-043d-7c16-ede5947fc64d\">https:\/\/support.microsoft.com\/es-es\/windows\/eliminar-y-administrar-cookies-168dab11-0753-043d-7c16-ede5947fc64d<\/a><\/u>), Mozilla Firefox (<u><a href=\"https:\/\/support.mozilla.org\/es\/kb\/Bloquear%20cookies\">https:\/\/support.mozilla.org\/es\/kb\/Bloquear%20cookies<\/a><\/u>).<\/p>\n<p>\u00bfA qui\u00e9n se transmiten mis datos recopilados por las cookies? Este sitio web no transmite sus datos personales a terceros.<\/p>\n<p>\u00bfSe transfieren mis datos recopilados por las cookies al extranjero? Sus datos no se transfieren fuera de la Uni\u00f3n Europea. En cualquier caso, queremos asegurarle que evaluamos el impacto de las transferencias de datos y adoptamos, si corresponde, las garant\u00edas m\u00e1s apropiadas (por ejemplo, decisiones de adecuaci\u00f3n o cl\u00e1usulas contractuales est\u00e1ndar).<\/p>\n<p>\u00bfCu\u00e1les son mis derechos? En relaci\u00f3n con sus datos personales tratados mediante la instalaci\u00f3n de cookies, tiene derecho a acceder a ellos y, en determinados casos, a rectificarlos, suprimirlos, limitar su tratamiento y oponerse al tratamiento. Si ha otorgado su consentimiento, tambi\u00e9n tiene derecho a revocarlo. Para obtener m\u00e1s informaci\u00f3n, consulte los art\u00edculos 15-22 del Reglamento de la UE 679\/2016. Puede ejercer sus derechos poni\u00e9ndose en contacto con el Responsable.<\/p>\n<p>\u00bfC\u00f3mo puedo presentar una queja? Si considera que se han infringido sus derechos, tiene derecho a presentar una queja ante la\u00a0Autoridad Espa\u00f1ola de protecci\u00f3n de datos\u00a0o cualquier autoridad de control europea para cualquier reclamaci\u00f3n derivada del tratamiento de tus datos. Puedes encontrar la lista actualizada de dichas organizaciones por jurisdicci\u00f3n en\u00a0<a href=\"https:\/\/edpb.europa.eu\/about-edpb\/about-edpb\/members_en#member-es\">https:\/\/edpb.europa.eu\/about-edpb\/about-edpb\/members_en#member-es<\/a><\/p>\n<p>Cambios y actualizaciones Esta informaci\u00f3n est\u00e1 sujeta a actualizaciones peri\u00f3dicas. La \u00faltima actualizaci\u00f3n de la Pol\u00edtica de Privacidad se realiz\u00f3 el 1 de julio de 2023.<\/p>\n<\/div><\/section><\/div>\n","protected":false},"excerpt":{"rendered":"","protected":false},"author":1,"featured_media":0,"parent":0,"menu_order":0,"comment_status":"closed","ping_status":"open","template":"","meta":{"footnotes":""},"class_list":["post-6670","page","type-page","status-publish","hentry"],"_links":{"self":[{"href":"https:\/\/phdlifescience.eu\/es\/wp-json\/wp\/v2\/pages\/6670","targetHints":{"allow":["GET"]}}],"collection":[{"href":"https:\/\/phdlifescience.eu\/es\/wp-json\/wp\/v2\/pages"}],"about":[{"href":"https:\/\/phdlifescience.eu\/es\/wp-json\/wp\/v2\/types\/page"}],"author":[{"embeddable":true,"href":"https:\/\/phdlifescience.eu\/es\/wp-json\/wp\/v2\/users\/1"}],"replies":[{"embeddable":true,"href":"https:\/\/phdlifescience.eu\/es\/wp-json\/wp\/v2\/comments?post=6670"}],"version-history":[{"count":2,"href":"https:\/\/phdlifescience.eu\/es\/wp-json\/wp\/v2\/pages\/6670\/revisions"}],"predecessor-version":[{"id":8538,"href":"https:\/\/phdlifescience.eu\/es\/wp-json\/wp\/v2\/pages\/6670\/revisions\/8538"}],"wp:attachment":[{"href":"https:\/\/phdlifescience.eu\/es\/wp-json\/wp\/v2\/media?parent=6670"}],"curies":[{"name":"wp","href":"https:\/\/api.w.org\/{rel}","templated":true}]}}