{"id":6270,"date":"2023-08-07T11:10:30","date_gmt":"2023-08-07T09:10:30","guid":{"rendered":"https:\/\/phdlifescience.eu\/?page_id=6270"},"modified":"2024-02-13T14:46:05","modified_gmt":"2024-02-13T13:46:05","slug":"politica-de-privacidad","status":"publish","type":"page","link":"https:\/\/phdlifescience.eu\/es\/politica-de-privacidad\/","title":{"rendered":"Pol\u00edtica de privacidad"},"content":{"rendered":"<div id='av-layout-grid-1'  class='av-layout-grid-container av-ll4y7p5e-be17fda1637e52dd5618ab6baa9fbb40 entry-content-wrapper alternate_color av-flex-cells  avia-builder-el-0  el_before_av_section  avia-builder-el-first   container_wrap fullsize'  >\n\n<style type=\"text\/css\" data-created_by=\"avia_inline_auto\" id=\"style-css-av-9423-8a14bebc551f60678cf0c757315a25a4\">\n.flex_cell.av-9423-8a14bebc551f60678cf0c757315a25a4{\nvertical-align:middle;\n}\n.responsive #top #wrap_all .flex_cell.av-9423-8a14bebc551f60678cf0c757315a25a4{\npadding:40px 40px 40px 40px !important;\n}\n<\/style>\n<div class='flex_cell av-9423-8a14bebc551f60678cf0c757315a25a4 av-gridrow-cell av_one_full no_margin  avia-builder-el-1  avia-builder-el-no-sibling '  ><div class='flex_cell_inner'><div  class='flex_column av-73w1-10bca4b2125bf7f2f2958397bef45bb5 av_one_full  avia-builder-el-2  avia-builder-el-no-sibling  first flex_column_div  '     ><section  class='av_textblock_section av-ll4y7t8c-ab9b6fe7cfa875aa24821b4cadb62191 '   itemscope=\"itemscope\" itemtype=\"https:\/\/schema.org\/CreativeWork\" ><div class='avia_textblock'  itemprop=\"text\" ><h1 style=\"text-align: center;\">POL\u00cdTICA DE PRIVACIDAD<\/h1>\n<\/div><\/section><\/div>\n<\/div><\/div>\n<\/div>\n<div id='av_section_1'  class='avia-section av-ll4y8g0k-0fd123d8cdcf3f491914ae37c33b4dfb main_color avia-section-default avia-no-border-styling  avia-builder-el-4  el_after_av_layout_row  avia-builder-el-last  avia-bg-style-scroll container_wrap fullsize'  ><div class='container av-section-cont-open' ><div class='template-page content  av-content-full alpha units'><div class='post-entry post-entry-type-page post-entry-6270'><div class='entry-content-wrapper clearfix'>\n<div  class='flex_column av-5w47-1c07c3acc0b71f4bab2bcb890a89aa21 av_one_full  avia-builder-el-5  avia-builder-el-no-sibling  first flex_column_div  '     ><section  class='av_textblock_section av-3n2z-eab201b0d550e95242bd424d8a0e644f '   itemscope=\"itemscope\" itemtype=\"https:\/\/schema.org\/CreativeWork\" ><div class='avia_textblock'  itemprop=\"text\" ><h2>POL\u00cdTICA DE PRIVACIDAD POL\u00cdTICA DE PRIVACIDAD DEL TRATAMIENTO DE DATOS PERSONALES DE LOS USUARIOS DEL SITIO PHDLIFESCIENCE.EU<\/h2>\n<p>La presente pol\u00edtica se elabora de acuerdo con el Art\u00edculo 13 del Reglamento (UE) 2016\/679, relativo a la protecci\u00f3n de las personas f\u00edsicas en lo que respecta al tratamiento de datos personales y la libre circulaci\u00f3n de estos datos, y por el que se deroga la Directiva 95\/46\/CE (en adelante, \u00abGDPR\u00bb), y tiene como objeto informar a los usuarios del sitio web acerca del tratamiento sus datos personales durante la navegaci\u00f3n.<\/p>\n<p><strong>Responsable del tratamiento<\/strong>: El responsable del tratamiento de sus datos personales es PHD Lifescience Spain S.L., NIF 06671690482, con domicilio en Barcelona, Passeig Sant Joan 97, 5\u00ba3\u00aa, al que puede contactar escribiendo a la direcci\u00f3n: <a href=\"mailto:info@hnpgroup.eu\">info.es@phdlifescience.eu<\/a>.<\/p>\n<p><strong>Finalidades, bases legales y comunicaci\u00f3n de los datos: <\/strong><\/p>\n<ol>\n<li><u>Permitir la navegaci\u00f3n del usuario en el sitio web<\/u>. Los datos de navegaci\u00f3n (por ejemplo, direcciones IP o nombres de dominio de las computadoras) se recopilan con el \u00fanico prop\u00f3sito de obtener informaci\u00f3n estad\u00edstica an\u00f3nima sobre el uso del sitio y verificar su correcto funcionamiento. El tratamiento se basa en el inter\u00e9s leg\u00edtimo del responsable, que consiste en permitir a los usuarios navegar por el sitio web y ofrecer una navegaci\u00f3n r\u00e1pida, \u00e1gil y efectiva. Para esta finalidad, los usuarios proporcionan autom\u00e1ticamente los datos al responsable al navegar por el sitio. Usted es libre de no proporcionar sus datos al no acceder al sitio web, sin que esto tenga consecuencias negativas para usted.<\/li>\n<li><u>Responder a preguntas y atender las solicitudes enviadas por los usuarios, as\u00ed como ponerse en contacto con los usuarios que han proporcionado sus datos a trav\u00e9s del formulario correspondiente<\/u>. El tratamiento se basa en el inter\u00e9s leg\u00edtimo del responsable de responder de manera oportuna a las solicitudes de los usuarios y proporcionarles informaci\u00f3n y en el consentimiento prestado por el usuario en el momento de rellenar el formulario correspondiente. Para esta finalidad, los usuarios son libres de no proporcionar sus datos, pero en ese caso, el responsable no podr\u00e1 responder a las solicitudes ni ponerse en contacto con ellos. Destinatarios de los datos Los datos personales de los usuarios pueden ser tratados por terceros que act\u00faan como responsables del tratamiento o que operan en nombre del responsable como encargados del tratamiento.<\/li>\n<\/ol>\n<p>Entre los destinatarios de los datos se encuentran, por ejemplo: empresas del Grupo PHD; proveedores de servicios (servicios de comunicaci\u00f3n, alojamiento, etc.); empresas de desarrollo web; empresas de marketing. Puede solicitar la lista completa de destinatarios de los datos personales contactando al responsable. Los datos personales de los usuarios no ser\u00e1n divulgados ni publicados.<\/p>\n<p><strong>Transferencia de datos fuera de la Uni\u00f3n Europea<\/strong> Los datos pueden transferirse fuera de la Uni\u00f3n Europea. En caso de que se realice una transferencia de datos fuera de la Uni\u00f3n Europea, se llevar\u00e1 a cabo de acuerdo con una de las modalidades permitidas por la ley vigente, como la adopci\u00f3n de Cl\u00e1usulas Est\u00e1ndar aprobadas por la Comisi\u00f3n Europea u otras garant\u00edas que aseguren un nivel adecuado de protecci\u00f3n. Para los tratamientos que involucren cookies, consulte la informaci\u00f3n espec\u00edfica. (se deber\u00eda de indicar el link de la pol\u00edtica de cookies)<\/p>\n<p><strong>Conservaci\u00f3n de datos<\/strong>, El responsable conservar\u00e1 los datos personales durante un per\u00edodo de tiempo no superior al necesario para cumplir con los fines para los cuales se est\u00e1n tratando. Espec\u00edficamente, los datos se conservar\u00e1n durante el tiempo necesario para llevar a cabo el servicio solicitado por el usuario. Al final de estos per\u00edodos, el responsable eliminar\u00e1 los datos de manera irreversible, mediante m\u00e9todos de destrucci\u00f3n o eliminaci\u00f3n segura, o los conservar\u00e1 en una forma an\u00f3nima que no permita, ni siquiera indirectamente, la identificaci\u00f3n del usuario.<\/p>\n<p><strong>Perfilado<\/strong> Los datos no se utilizar\u00e1n en ning\u00fan caso para obtener informaci\u00f3n sobre las preferencias o el comportamiento de los usuarios, ni se tomar\u00e1n decisiones basadas \u00fanicamente en el tratamiento automatizado de sus datos personales. Para los tratamientos que involucren cookies, consulte la informaci\u00f3n espec\u00edfica. se deber\u00eda de indicar el link de la pol\u00edtica de cookies<\/p>\n<p><strong>Derechos de los usuarios<\/strong> Los usuarios tienen los siguientes derechos:<\/p>\n<p><u>Derecho de acceso a los datos:<\/u> derecho a obtener del responsable la confirmaci\u00f3n de si se est\u00e1 realizando un tratamiento de sus datos personales y, en tal caso, a obtener acceso a sus datos personales, as\u00ed como una copia de los mismos, y recibir informaci\u00f3n sobre el tratamiento.<\/p>\n<p><u>Derecho de rectificaci\u00f3n de los datos<\/u>: derecho a obtener del responsable del tratamiento la rectificaci\u00f3n de los datos personales inexactos que les conciernan sin demora injustificada y a que se completen los datos personales incompletos, incluso mediante una declaraci\u00f3n adicional.<\/p>\n<p><u>Derecho de supresi\u00f3n de datos<\/u>: derecho a obtener del responsable del tratamiento la eliminaci\u00f3n o el borrado de los datos personales que el responsable tenga, cuando no exista una raz\u00f3n o finalidad que justifique conservarlos. Este derecho tambi\u00e9n se conoce como \u201cel derecho al olvido\u201d y no es un derecho total a la eliminaci\u00f3n ya que puede haber excepciones<\/p>\n<p><u>Derecho de limitaci\u00f3n del tratamiento<\/u>: derecho a obtener del responsable del tratamiento la limitaci\u00f3n del tratamiento cuando se cumpla una de las siguientes situaciones: los usuarios impugnan la exactitud de los datos personales, durante el per\u00edodo que permita al responsable verificar la exactitud de dichos datos personales; el tratamiento es il\u00edcito y los usuarios se oponen a la supresi\u00f3n de los datos personales y solicitan en su lugar la limitaci\u00f3n de su uso; aunque el responsable ya no necesite los datos personales para fines de tratamiento, los usuarios los necesiten para la formulaci\u00f3n, el ejercicio o la defensa de reclamaciones legales; los usuarios se han opuesto al tratamiento mientras se verifica si los motivos leg\u00edtimos del responsable prevalecen sobre los de los usuarios.<\/p>\n<p><u>Derecho a la portabilidad de los datos:<\/u> derecho a recibir los datos personales que les incumban, que hayan facilitado al responsable, en un formato estructurado, de uso com\u00fan y lectura mec\u00e1nica, y a transmitir esos datos a otro responsable del tratamiento cuando se cumplan las condiciones establecidas en la normativa.<\/p>\n<p><u>Derecho de oposici\u00f3n al tratamiento<\/u>: derecho a oponerse al tratamiento basado en la ejecuci\u00f3n de una tarea de inter\u00e9s p\u00fablico o en el ejercicio de poderes p\u00fablicos, o en el leg\u00edtimo inter\u00e9s del responsable o de terceros, as\u00ed como el derecho a oponerse al tratamiento de datos personales que les conciernan con fines de marketing directo, incluida la elaboraci\u00f3n de perfiles en la medida en que est\u00e9 relacionada con dicho marketing directo. <u>Derecho a no ser objeto de una decisi\u00f3n basada \u00fanicamente en el tratamiento automatizado<\/u>, incluida la elaboraci\u00f3n de perfiles, que produzca efectos jur\u00eddicos que les afecten o les afecten significativamente de manera similar.<\/p>\n<p>Los usuarios pueden ejercer sus derechos enviando una solicitud a la direcci\u00f3n de correo electr\u00f3nico del responsable (<a href=\"mailto:info@hnpgroup.eu\">info.es@phdlifescience.eu<\/a>) adjuntando una copia del DNI\/ pasaporte, que responder\u00e1 lo antes posible y, en cualquier caso, en un plazo m\u00e1ximo de 30 d\u00edas desde la solicitud.<\/p>\n<p><strong>Reclamaciones <\/strong>Si los usuarios desean presentar una reclamaci\u00f3n sobre la forma en que el responsable trata sus datos personales o sobre la gesti\u00f3n de una reclamaci\u00f3n presentada, tienen el derecho de presentar una queja directamente ante la Agencia espa\u00f1ola de protecci\u00f3n de datos o cualquier autoridad de control europea para cualquier reclamaci\u00f3n derivada del tratamiento de tus datos. Puedes encontrar la lista actualizada de dichas organizaciones por jurisdicci\u00f3n en <a href=\"https:\/\/edpb.europa.eu\/about-edpb\/about-edpb\/members_en#member-es\">https:\/\/edpb.europa.eu\/about-edpb\/about-edpb\/members_en#member-es<\/a><\/p>\n<p>Actualizaciones Este texto est\u00e1 sujeto a actualizaciones peri\u00f3dicas. La \u00faltima versi\u00f3n es del 3 de julio de 2023.<\/p>\n<\/div><\/section><\/div>\n","protected":false},"excerpt":{"rendered":"","protected":false},"author":1,"featured_media":0,"parent":0,"menu_order":0,"comment_status":"closed","ping_status":"open","template":"","meta":{"footnotes":""},"class_list":["post-6270","page","type-page","status-publish","hentry"],"_links":{"self":[{"href":"https:\/\/phdlifescience.eu\/es\/wp-json\/wp\/v2\/pages\/6270","targetHints":{"allow":["GET"]}}],"collection":[{"href":"https:\/\/phdlifescience.eu\/es\/wp-json\/wp\/v2\/pages"}],"about":[{"href":"https:\/\/phdlifescience.eu\/es\/wp-json\/wp\/v2\/types\/page"}],"author":[{"embeddable":true,"href":"https:\/\/phdlifescience.eu\/es\/wp-json\/wp\/v2\/users\/1"}],"replies":[{"embeddable":true,"href":"https:\/\/phdlifescience.eu\/es\/wp-json\/wp\/v2\/comments?post=6270"}],"version-history":[{"count":2,"href":"https:\/\/phdlifescience.eu\/es\/wp-json\/wp\/v2\/pages\/6270\/revisions"}],"predecessor-version":[{"id":8380,"href":"https:\/\/phdlifescience.eu\/es\/wp-json\/wp\/v2\/pages\/6270\/revisions\/8380"}],"wp:attachment":[{"href":"https:\/\/phdlifescience.eu\/es\/wp-json\/wp\/v2\/media?parent=6270"}],"curies":[{"name":"wp","href":"https:\/\/api.w.org\/{rel}","templated":true}]}}