{"id":6242,"date":"2023-08-09T14:26:53","date_gmt":"2023-08-09T12:26:53","guid":{"rendered":"https:\/\/phdlifescience.eu\/?page_id=6242"},"modified":"2023-09-11T17:12:46","modified_gmt":"2023-09-11T15:12:46","slug":"como-trabajamos","status":"publish","type":"page","link":"https:\/\/phdlifescience.eu\/es\/como-trabajamos\/","title":{"rendered":"C\u00f3mo trabajamos"},"content":{"rendered":"<div id='av-layout-grid-1'  class='av-layout-grid-container av-esjj2-5672bbfb75175761d241023526796f63 entry-content-wrapper main_color av-flex-cells  avia-builder-el-0  el_before_av_layout_row  avia-builder-el-first  av-desktop-hide av-medium-hide container_wrap fullsize'  >\n\n<style type=\"text\/css\" data-created_by=\"avia_inline_auto\" id=\"style-css-av-bw84m-6aaf5af831f1c84264c6910e8d08ce3a\">\n.flex_cell.av-bw84m-6aaf5af831f1c84264c6910e8d08ce3a{\nvertical-align:top;\nbackground-color:#1d71b8;\n}\n.responsive #top #wrap_all .flex_cell.av-bw84m-6aaf5af831f1c84264c6910e8d08ce3a{\npadding:0px 0px 0px 0px !important;\n}\n<\/style>\n<div class='flex_cell av-bw84m-6aaf5af831f1c84264c6910e8d08ce3a av-gridrow-cell av_one_full no_margin  avia-builder-el-1  avia-builder-el-no-sibling  av-zero-padding'  ><div class='flex_cell_inner'>\n<style type=\"text\/css\" data-created_by=\"avia_inline_auto\" id=\"style-css-av-ll3ujfse-044780ebed0687b80aa79d7f56518892\">\n.avia-image-container.av-ll3ujfse-044780ebed0687b80aa79d7f56518892 img.avia_image{\nbox-shadow:none;\n}\n.avia-image-container.av-ll3ujfse-044780ebed0687b80aa79d7f56518892 .av-image-caption-overlay-center{\ncolor:#ffffff;\n}\n<\/style>\n<div  class='avia-image-container av-ll3ujfse-044780ebed0687b80aa79d7f56518892 av-styling-no-styling avia-align-center  avia-builder-el-2  avia-builder-el-no-sibling '   itemprop=\"image\" itemscope=\"itemscope\" itemtype=\"https:\/\/schema.org\/ImageObject\" ><div class=\"avia-image-container-inner\"><div class=\"avia-image-overlay-wrap\"><img decoding=\"async\" class='wp-image-6025 avia-img-lazy-loading-not-6025 avia_image ' src=\"https:\/\/phdlifescience.eu\/wp-content\/uploads\/phd-header-mobile-come-lavoriamo.png\" alt='' title='phd-header-mobile-come-lavoriamo'  height=\"243\" width=\"500\"  itemprop=\"thumbnailUrl\" srcset=\"https:\/\/phdlifescience.eu\/wp-content\/uploads\/phd-header-mobile-come-lavoriamo.png 500w, https:\/\/phdlifescience.eu\/wp-content\/uploads\/phd-header-mobile-come-lavoriamo-300x146.png 300w\" sizes=\"(max-width: 500px) 100vw, 500px\" \/><\/div><\/div><\/div>\n<\/div><\/div>\n<\/div>\n<div id='av-layout-grid-2'  class='av-layout-grid-container av-ll0v2tr7-64b4e367190e606c876554c6554e4f24 entry-content-wrapper alternate_color av-flex-cells  avia-builder-el-3  el_after_av_layout_row  el_before_av_layout_row  grid-row-not-first av-small-hide av-mini-hide container_wrap fullsize'  >\n\n<style type=\"text\/css\" data-created_by=\"avia_inline_auto\" id=\"style-css-av-1x5wl-0f76a4c700c99c851f9a7f6aa0f23fb2\">\n.flex_cell.av-1x5wl-0f76a4c700c99c851f9a7f6aa0f23fb2{\nvertical-align:middle;\n}\n.responsive #top #wrap_all .flex_cell.av-1x5wl-0f76a4c700c99c851f9a7f6aa0f23fb2{\npadding:80px 0 80px 100px !important;\n}\n<\/style>\n<div class='flex_cell av-1x5wl-0f76a4c700c99c851f9a7f6aa0f23fb2 av-gridrow-cell av_one_half no_margin  avia-builder-el-4  el_before_av_cell_one_half  avia-builder-el-first '  ><div class='flex_cell_inner'><div  class='flex_column av-1ncid-50d9a17cbb5a3ac3c1d9a6129f20bf53 av_one_full  avia-builder-el-5  avia-builder-el-no-sibling  first flex_column_div  '     ><section  class='av_textblock_section av-ll0pyb6l-8d1f12ea070022fc6997e67f39e1bec9 '   itemscope=\"itemscope\" itemtype=\"https:\/\/schema.org\/CreativeWork\" ><div class='avia_textblock'  itemprop=\"text\" ><h1>C\u00d3MO TRABAJAMOS<\/h1>\n<\/div><\/section><br \/>\n\n<style type=\"text\/css\" data-created_by=\"avia_inline_auto\" id=\"style-css-av-do4a6-3fd3f0adf4d2eb63e4e34bbefc23a548\">\n#top .av_textblock_section.av-do4a6-3fd3f0adf4d2eb63e4e34bbefc23a548 .avia_textblock{\nfont-size:18px;\n}\n<\/style>\n<section  class='av_textblock_section av-do4a6-3fd3f0adf4d2eb63e4e34bbefc23a548 '   itemscope=\"itemscope\" itemtype=\"https:\/\/schema.org\/CreativeWork\" ><div class='avia_textblock'  itemprop=\"text\" ><p>Somos investigadores e investigadoras que aportamos distintas habilidades al sector servicios: compartimos m\u00faltiples conocimientos que van desde la ingenier\u00eda hasta las ciencias de la enfermer\u00eda, desde el acceso al mercado hasta la farmacovigilancia, desde la nutrici\u00f3n hasta el asesoramiento, pasando por la psicolog\u00eda, la fisioterapia, la medicina, los gr\u00e1ficos, las copias y la inform\u00e1tica.<\/p>\n<p>Nos encargamos de ofrecer apoyo, educaci\u00f3n, comunicaci\u00f3n, asesoramiento y evidencias del mundo real, y para ello seguimos apelando a nuestra mejor cualidad: la curiosidad que nos impulsa a crear todas nuestras experiencias de salud.<\/p>\n<p>Cada a\u00f1o nuevas personas se unen a nuestro equipo y lo enriquecen con nuevos conocimientos y habilidades.<\/p>\n<\/div><\/section><\/p><\/div>\n<\/div><\/div>\n<style type=\"text\/css\" data-created_by=\"avia_inline_auto\" id=\"style-css-av-ll0v3yrz-5e8495df1813146abfa6eae5d7dde217\">\n.flex_cell.av-ll0v3yrz-5e8495df1813146abfa6eae5d7dde217{\nvertical-align:top;\nbackground:url(https:\/\/phdlifescience.eu\/wp-content\/uploads\/phd-header-le-noster-persone.png) 0% 50% no-repeat scroll ;\n}\n<\/style>\n<div class='flex_cell av-ll0v3yrz-5e8495df1813146abfa6eae5d7dde217 av-gridrow-cell av_one_half no_margin  avia-builder-el-8  el_after_av_cell_one_half  avia-builder-el-last  avia-full-stretch'  ><div class='flex_cell_inner'><\/div><\/div>\n<\/div>\n<div id='av-layout-grid-3'  class='av-layout-grid-container av-2nypx-30492d76a36dc30991faafc6ebb3749a entry-content-wrapper alternate_color av-flex-cells  avia-builder-el-9  el_after_av_layout_row  el_before_av_section  grid-row-not-first av-desktop-hide av-medium-hide container_wrap fullsize'  >\n\n<style type=\"text\/css\" data-created_by=\"avia_inline_auto\" id=\"style-css-av-ll21879s-cd841537b774ce4a3a6597fde2b83d98\">\n.flex_cell.av-ll21879s-cd841537b774ce4a3a6597fde2b83d98{\nvertical-align:middle;\n}\n.responsive #top #wrap_all .flex_cell.av-ll21879s-cd841537b774ce4a3a6597fde2b83d98{\npadding:40px 40px 40px 40px !important;\n}\n<\/style>\n<div class='flex_cell av-ll21879s-cd841537b774ce4a3a6597fde2b83d98 av-gridrow-cell av_one_full no_margin  avia-builder-el-10  avia-builder-el-no-sibling '  ><div class='flex_cell_inner'><div  class='flex_column av-235c5-07bd1a19df952e7fc3de1d1b088f85e1 av_one_full  avia-builder-el-11  avia-builder-el-no-sibling  first flex_column_div  '     ><section  class='av_textblock_section av-85wha-18790c40a07434b4efc6ed72d7f8b7f8 '   itemscope=\"itemscope\" itemtype=\"https:\/\/schema.org\/CreativeWork\" ><div class='avia_textblock'  itemprop=\"text\" ><h1>C\u00d3MO TRABAJAMOS<\/h1>\n<\/div><\/section><br \/>\n\n<style type=\"text\/css\" data-created_by=\"avia_inline_auto\" id=\"style-css-av-djq3m-29b7ffe82fd3239469669b41dd59cb76\">\n#top .av_textblock_section.av-djq3m-29b7ffe82fd3239469669b41dd59cb76 .avia_textblock{\nfont-size:18px;\n}\n<\/style>\n<section  class='av_textblock_section av-djq3m-29b7ffe82fd3239469669b41dd59cb76 '   itemscope=\"itemscope\" itemtype=\"https:\/\/schema.org\/CreativeWork\" ><div class='avia_textblock'  itemprop=\"text\" ><p>Somos investigadores e investigadoras que aportamos distintas habilidades al sector servicios: compartimos m\u00faltiples conocimientos que van desde la ingenier\u00eda hasta las ciencias de la enfermer\u00eda, desde el acceso al mercado hasta la farmacovigilancia, desde la nutrici\u00f3n hasta el asesoramiento, pasando por la psicolog\u00eda, la fisioterapia, la medicina, los gr\u00e1ficos, las copias y la inform\u00e1tica.<\/p>\n<p>Nos encargamos de ofrecer apoyo, educaci\u00f3n, comunicaci\u00f3n, asesoramiento y evidencias del mundo real, y para ello seguimos apelando a nuestra mejor cualidad: la curiosidad que nos impulsa a crear todas nuestras experiencias de salud.<\/p>\n<p>Cada a\u00f1o nuevas personas se unen a nuestro equipo y lo enriquecen con nuevos conocimientos y habilidades.<\/p>\n<\/div><\/section><\/p><\/div>\n<\/div><\/div>\n<\/div>\n<div id='av_section_1'  class='avia-section av-35axq-e85e2dcf6b68532889df0b41978f7e96 main_color avia-section-default avia-no-border-styling  avia-builder-el-14  el_after_av_layout_row  avia-builder-el-last  avia-bg-style-scroll container_wrap fullsize'  ><div class='container av-section-cont-open' ><div class='template-page content  av-content-full alpha units'><div class='post-entry post-entry-type-page post-entry-6242'><div class='entry-content-wrapper clearfix'>\n\n<style type=\"text\/css\" data-created_by=\"avia_inline_auto\" id=\"style-css-av-irdi6-ddebd27b180f2093913b2e1f4de3c56b\">\n.flex_column.av-irdi6-ddebd27b180f2093913b2e1f4de3c56b{\nwidth:45%;\n}\n<\/style>\n<div  class='flex_column av-irdi6-ddebd27b180f2093913b2e1f4de3c56b av_one_half  avia-builder-el-15  el_before_av_one_half  avia-builder-el-first  first flex_column_div  '     ><p>\n<style type=\"text\/css\" data-created_by=\"avia_inline_auto\" id=\"style-css-av-ll6o619x-9bf5241598c3162905f281beeb4f9fd5\">\n#top .av_textblock_section.av-ll6o619x-9bf5241598c3162905f281beeb4f9fd5 .avia_textblock{\nfont-size:20px;\ncolor:#1d72b8;\n}\n<\/style>\n<section  class='av_textblock_section av-ll6o619x-9bf5241598c3162905f281beeb4f9fd5 '   itemscope=\"itemscope\" itemtype=\"https:\/\/schema.org\/CreativeWork\" ><div class='avia_textblock av_inherit_color'  itemprop=\"text\" ><p>HEMOS ELABORADO UN MANIFIESTO QUE DESCRIBE LO QUE SIGNIFICA TRABAJAR EN PHD:<\/p>\n<\/div><\/section><br \/>\n\n<style type=\"text\/css\" data-created_by=\"avia_inline_auto\" id=\"style-css-av-z7lpy-50789305a326eb42bd29b78aba61e551\">\n#top .avia-icon-list-container.av-z7lpy-50789305a326eb42bd29b78aba61e551 .iconlist_icon{\ncolor:#1d72b8;\nbackground-color:#ffcc02;\n}\n.avia-icon-list-container.av-z7lpy-50789305a326eb42bd29b78aba61e551 .iconlist_content{\ncolor:#000000;\n}\n<\/style>\n<div  class='avia-icon-list-container av-z7lpy-50789305a326eb42bd29b78aba61e551  avia-builder-el-17  el_after_av_textblock  avia-builder-el-last  lista-come-lavoriamo'><ul class='avia-icon-list avia_animate_when_almost_visible avia-icon-list-left av-iconlist-big av-z7lpy-50789305a326eb42bd29b78aba61e551 avia-iconlist-animate'>\n<li><div class='iconlist_icon av-qu2s6-ddeef8f889849f061130344785d2869f avia-font-phd-icons'><span class='iconlist-char' aria-hidden='true' data-av_icon='\ue80b' data-av_iconfont='phd-icons'><\/span><\/div><article class=\"article-icon-entry \"  itemscope=\"itemscope\" itemtype=\"https:\/\/schema.org\/CreativeWork\" ><div class=\"iconlist_content_wrap\"><header class=\"entry-content-header\"><\/header><div class='iconlist_content av_inherit_color'  itemprop=\"text\" ><p>Tener curiosidad por encontrar las mejores soluciones para satisfacer las necesidades y exigencias de nuestros clientes internos y externos, introduciendo nuevas formas de ver, pensar y trabajar<\/p>\n<\/div><\/div><footer class=\"entry-footer\"><\/footer><\/article><div class=\"iconlist-timeline\"><\/div><\/li>\n<li><div class='iconlist_icon av-lyzji-c193b00e10a5d40fe8c80a12c06bd7b3 avia-font-phd-icons'><span class='iconlist-char' aria-hidden='true' data-av_icon='\ue80f' data-av_iconfont='phd-icons'><\/span><\/div><article class=\"article-icon-entry \"  itemscope=\"itemscope\" itemtype=\"https:\/\/schema.org\/CreativeWork\" ><div class=\"iconlist_content_wrap\"><header class=\"entry-content-header\"><\/header><div class='iconlist_content av_inherit_color'  itemprop=\"text\" ><p>Trabajar en un equipo donde el respeto por la diversidad es una pieza clave para hacer frente a nuevos retos<\/p>\n<\/div><\/div><footer class=\"entry-footer\"><\/footer><\/article><div class=\"iconlist-timeline\"><\/div><\/li>\n<li><div class='iconlist_icon av-hdfny-9fd07ab2008bc42d1878c6823ccc3251 avia-font-phd-icons'><span class='iconlist-char' aria-hidden='true' data-av_icon='\ue80e' data-av_iconfont='phd-icons'><\/span><\/div><article class=\"article-icon-entry \"  itemscope=\"itemscope\" itemtype=\"https:\/\/schema.org\/CreativeWork\" ><div class=\"iconlist_content_wrap\"><header class=\"entry-content-header\"><\/header><div class='iconlist_content av_inherit_color'  itemprop=\"text\" ><p>Ser responsables con el objetivo de perseguir resultados concretos<\/p>\n<\/div><\/div><footer class=\"entry-footer\"><\/footer><\/article><div class=\"iconlist-timeline\"><\/div><\/li>\n<li><div class='iconlist_icon av-7eeie-6e750a2b3840c4409551f31e419208d7 avia-font-phd-icons'><span class='iconlist-char' aria-hidden='true' data-av_icon='\ue80a' data-av_iconfont='phd-icons'><\/span><\/div><article class=\"article-icon-entry \"  itemscope=\"itemscope\" itemtype=\"https:\/\/schema.org\/CreativeWork\" ><div class=\"iconlist_content_wrap\"><header class=\"entry-content-header\"><\/header><div class='iconlist_content av_inherit_color'  itemprop=\"text\" ><p>Contribuir individualmente a un trabajo en equipo que, a trav\u00e9s de la escucha activa y la comparaci\u00f3n, busca y experimenta las mejores soluciones para nuestros clientes.<\/p>\n<\/div><\/div><footer class=\"entry-footer\"><\/footer><\/article><div class=\"iconlist-timeline\"><\/div><\/li>\n<\/ul><\/div><\/p><\/div>\n<style type=\"text\/css\" data-created_by=\"avia_inline_auto\" id=\"style-css-av-h1ini-00bf970882a8c9ff3f4e0ce41b321af2\">\n.flex_column.av-h1ini-00bf970882a8c9ff3f4e0ce41b321af2{\nwidth:45%;\nmargin-left:10%;\n}\n<\/style>\n<div  class='flex_column av-h1ini-00bf970882a8c9ff3f4e0ce41b321af2 av_one_half  avia-builder-el-18  el_after_av_one_half  el_before_av_hr  flex_column_div  '     ><p>\n<style type=\"text\/css\" data-created_by=\"avia_inline_auto\" id=\"style-css-av-ll3pos7w-ba89b2c7ae7016896820c010184e2798\">\n#top .av_textblock_section.av-ll3pos7w-ba89b2c7ae7016896820c010184e2798 .avia_textblock{\nfont-size:20px;\ncolor:#1d72b8;\n}\n<\/style>\n<section  class='av_textblock_section av-ll3pos7w-ba89b2c7ae7016896820c010184e2798 '   itemscope=\"itemscope\" itemtype=\"https:\/\/schema.org\/CreativeWork\" ><div class='avia_textblock av_inherit_color'  itemprop=\"text\" ><p>PARA PODER IMPLEMENTAR ESTE MANIFIESTO, HEMOS DECIDIDO TRABAJAR:<\/p>\n<\/div><\/section><br \/>\n\n<style type=\"text\/css\" data-created_by=\"avia_inline_auto\" id=\"style-css-av-ll6o2fx6-e457d157c30bf09c4241e60a008bf3d2\">\n#top .avia-icon-list-container.av-ll6o2fx6-e457d157c30bf09c4241e60a008bf3d2 .iconlist_icon{\ncolor:#1d72b8;\nbackground-color:#ffcc02;\n}\n.avia-icon-list-container.av-ll6o2fx6-e457d157c30bf09c4241e60a008bf3d2 .iconlist_content{\ncolor:#000000;\n}\n<\/style>\n<div  class='avia-icon-list-container av-ll6o2fx6-e457d157c30bf09c4241e60a008bf3d2  avia-builder-el-20  el_after_av_textblock  avia-builder-el-last  lista-come-lavoriamo'><ul class='avia-icon-list avia_animate_when_almost_visible avia-icon-list-left av-iconlist-big av-ll6o2fx6-e457d157c30bf09c4241e60a008bf3d2 avia-iconlist-animate'>\n<li><div class='iconlist_icon av-ll6o1vzy-583b329bfae3738405a763aea2fb7243 avia-font-phd-icons'><span class='iconlist-char' aria-hidden='true' data-av_icon='\ue806' data-av_iconfont='phd-icons'><\/span><\/div><article class=\"article-icon-entry \"  itemscope=\"itemscope\" itemtype=\"https:\/\/schema.org\/CreativeWork\" ><div class=\"iconlist_content_wrap\"><header class=\"entry-content-header\"><\/header><div class='iconlist_content av_inherit_color'  itemprop=\"text\" ><p>Persiguiendo objetivos SMART<\/p>\n<\/div><\/div><footer class=\"entry-footer\"><\/footer><\/article><div class=\"iconlist-timeline\"><\/div><\/li>\n<li><div class='iconlist_icon av-ll6o1vzy-7-6a6e9c25c8c6871c7578df48cfd1319a avia-font-phd-icons'><span class='iconlist-char' aria-hidden='true' data-av_icon='\ue80d' data-av_iconfont='phd-icons'><\/span><\/div><article class=\"article-icon-entry \"  itemscope=\"itemscope\" itemtype=\"https:\/\/schema.org\/CreativeWork\" ><div class=\"iconlist_content_wrap\"><header class=\"entry-content-header\"><\/header><div class='iconlist_content av_inherit_color'  itemprop=\"text\" ><p>Fomentando la gesti\u00f3n del rendimiento a trav\u00e9s de:<\/p>\n<ul>\n<li>el respeto por todas las personas y el reconocimiento de la diversidad, en todas sus formas, para fomentar la creaci\u00f3n de experiencias de valor<\/li>\n<li>la oportunidad de que todos los miembros del equipo entiendan la estrategia y la cultura de PHD: solo as\u00ed se puede generar cultura e innovaci\u00f3n<\/li>\n<li>el di\u00e1logo constante entre la direcci\u00f3n y los miembros del equipo<\/li>\n<\/ul>\n<\/div><\/div><footer class=\"entry-footer\"><\/footer><\/article><div class=\"iconlist-timeline\"><\/div><\/li>\n<li><div class='iconlist_icon av-ll6o1vzy-6-e619874939e51cf2e6b90ddcd243ce46 avia-font-phd-icons'><span class='iconlist-char' aria-hidden='true' data-av_icon='\ue80c' data-av_iconfont='phd-icons'><\/span><\/div><article class=\"article-icon-entry \"  itemscope=\"itemscope\" itemtype=\"https:\/\/schema.org\/CreativeWork\" ><div class=\"iconlist_content_wrap\"><header class=\"entry-content-header\"><\/header><div class='iconlist_content av_inherit_color'  itemprop=\"text\" ><p>Hemos creado un sistema de gesti\u00f3n del rendimiento que eval\u00faa la actividad de todas las personas en PHD en relaci\u00f3n con su comportamiento y los resultados obtenidos. Para ello, se llevan a cabo reuniones peri\u00f3dicas de feedback que posteriormente permiten la elaboraci\u00f3n de planes de desarrollo personal.<\/p>\n<\/div><\/div><footer class=\"entry-footer\"><\/footer><\/article><div class=\"iconlist-timeline\"><\/div><\/li>\n<\/ul><\/div><\/p><\/div>\n<style type=\"text\/css\" data-created_by=\"avia_inline_auto\" id=\"style-css-av-ll3pxcjw-3a59a132704577142eeb2224e1a685ff\">\n#top .hr.hr-invisible.av-ll3pxcjw-3a59a132704577142eeb2224e1a685ff{\nheight:10px;\n}\n<\/style>\n<div  class='hr av-ll3pxcjw-3a59a132704577142eeb2224e1a685ff hr-invisible  avia-builder-el-21  el_after_av_one_half  el_before_av_one_fifth  av-small-hide av-mini-hide'><span class='hr-inner '><span class=\"hr-inner-style\"><\/span><\/span><\/div>\n<div  class='flex_column av-ba0qu-07a59246b12af78c0a43548bebb1f3f1 av_one_fifth  avia-builder-el-22  el_after_av_hr  el_before_av_three_fifth  first no_margin flex_column_div  '     ><\/div><div  class='flex_column av-mgpnq-d4e6c88f79b9c3dd421f6b84b8ac5a1a av_three_fifth  avia-builder-el-23  el_after_av_one_fifth  el_before_av_one_fifth  no_margin flex_column_div  '     ><section  class='av_textblock_section av-h2846-bd4ecdf466725079e7d0ac9794affd18 '   itemscope=\"itemscope\" itemtype=\"https:\/\/schema.org\/CreativeWork\" ><div class='avia_textblock'  itemprop=\"text\" ><p style=\"text-align: center;\">Impulsamos la b\u00fasqueda constante de personas que compartan nuestros valores, por lo que puedes enviarnos tu solicitud a: <a href=\"mailto:selezioni@phdlifescience.eu\" target=\"_blank\" rel=\"noopener\">selezioni@phdlifescience.eu<\/a><\/p>\n<\/div><\/section><\/div><div  class='flex_column av-98l86-2f2483a69f4d7af9325fa1420270e9dd av_one_fifth  avia-builder-el-25  el_after_av_three_fifth  avia-builder-el-last  no_margin flex_column_div  '     ><\/div>\n","protected":false},"excerpt":{"rendered":"","protected":false},"author":1,"featured_media":0,"parent":0,"menu_order":0,"comment_status":"closed","ping_status":"closed","template":"","meta":{"footnotes":""},"class_list":["post-6242","page","type-page","status-publish","hentry"],"_links":{"self":[{"href":"https:\/\/phdlifescience.eu\/es\/wp-json\/wp\/v2\/pages\/6242","targetHints":{"allow":["GET"]}}],"collection":[{"href":"https:\/\/phdlifescience.eu\/es\/wp-json\/wp\/v2\/pages"}],"about":[{"href":"https:\/\/phdlifescience.eu\/es\/wp-json\/wp\/v2\/types\/page"}],"author":[{"embeddable":true,"href":"https:\/\/phdlifescience.eu\/es\/wp-json\/wp\/v2\/users\/1"}],"replies":[{"embeddable":true,"href":"https:\/\/phdlifescience.eu\/es\/wp-json\/wp\/v2\/comments?post=6242"}],"version-history":[{"count":1,"href":"https:\/\/phdlifescience.eu\/es\/wp-json\/wp\/v2\/pages\/6242\/revisions"}],"predecessor-version":[{"id":8551,"href":"https:\/\/phdlifescience.eu\/es\/wp-json\/wp\/v2\/pages\/6242\/revisions\/8551"}],"wp:attachment":[{"href":"https:\/\/phdlifescience.eu\/es\/wp-json\/wp\/v2\/media?parent=6242"}],"curies":[{"name":"wp","href":"https:\/\/api.w.org\/{rel}","templated":true}]}}