{"id":6229,"date":"2023-08-09T12:05:36","date_gmt":"2023-08-09T10:05:36","guid":{"rendered":"https:\/\/phdlifescience.eu\/?page_id=6229"},"modified":"2026-02-11T10:24:16","modified_gmt":"2026-02-11T09:24:16","slug":"certificaciones","status":"publish","type":"page","link":"https:\/\/phdlifescience.eu\/es\/certificaciones\/","title":{"rendered":"Certificaciones"},"content":{"rendered":"<div id='av-layout-grid-1'  class='av-layout-grid-container av-edr2d-1a1608e3fcec5b90ea32e3fdcdd7b4f4 entry-content-wrapper main_color av-flex-cells  avia-builder-el-0  el_before_av_layout_row  avia-builder-el-first  av-desktop-hide av-medium-hide container_wrap fullsize'  >\n\n<style type=\"text\/css\" data-created_by=\"avia_inline_auto\" id=\"style-css-av-3725gl-53f978cf29013ed9222aaf81695070a1\">\n.flex_cell.av-3725gl-53f978cf29013ed9222aaf81695070a1{\nvertical-align:top;\nbackground-color:#1d71b8;\n}\n.responsive #top #wrap_all .flex_cell.av-3725gl-53f978cf29013ed9222aaf81695070a1{\npadding:0px 0px 0px 0px !important;\n}\n<\/style>\n<div class='flex_cell av-3725gl-53f978cf29013ed9222aaf81695070a1 av-gridrow-cell av_one_full no_margin  avia-builder-el-1  avia-builder-el-no-sibling  av-zero-padding'  ><div class='flex_cell_inner'>\n<style type=\"text\/css\" data-created_by=\"avia_inline_auto\" id=\"style-css-av-ll3uh1hz-9be4552a4601549681ec06b9e64abc76\">\n.avia-image-container.av-ll3uh1hz-9be4552a4601549681ec06b9e64abc76 img.avia_image{\nbox-shadow:none;\n}\n.avia-image-container.av-ll3uh1hz-9be4552a4601549681ec06b9e64abc76 .av-image-caption-overlay-center{\ncolor:#ffffff;\n}\n<\/style>\n<div  class='avia-image-container av-ll3uh1hz-9be4552a4601549681ec06b9e64abc76 av-styling-no-styling avia-align-center  avia-builder-el-2  avia-builder-el-no-sibling '   itemprop=\"image\" itemscope=\"itemscope\" itemtype=\"https:\/\/schema.org\/ImageObject\" ><div class=\"avia-image-container-inner\"><div class=\"avia-image-overlay-wrap\"><img decoding=\"async\" class='wp-image-6031 avia-img-lazy-loading-not-6031 avia_image ' src=\"https:\/\/phdlifescience.eu\/wp-content\/uploads\/phd-header-mobile-certificazioni.png\" alt='' title='phd-header-mobile-certificazioni'  height=\"243\" width=\"500\"  itemprop=\"thumbnailUrl\" srcset=\"https:\/\/phdlifescience.eu\/wp-content\/uploads\/phd-header-mobile-certificazioni.png 500w, https:\/\/phdlifescience.eu\/wp-content\/uploads\/phd-header-mobile-certificazioni-300x146.png 300w\" sizes=\"(max-width: 500px) 100vw, 500px\" \/><\/div><\/div><\/div>\n<\/div><\/div>\n<\/div>\n<div id='av-layout-grid-2'  class='av-layout-grid-container av-ll0v2tr7-64b4e367190e606c876554c6554e4f24 entry-content-wrapper alternate_color av-flex-cells  avia-builder-el-3  el_after_av_layout_row  el_before_av_layout_row  grid-row-not-first av-small-hide av-mini-hide container_wrap fullsize'  >\n\n<style type=\"text\/css\" data-created_by=\"avia_inline_auto\" id=\"style-css-av-1x5wl-0f76a4c700c99c851f9a7f6aa0f23fb2\">\n.flex_cell.av-1x5wl-0f76a4c700c99c851f9a7f6aa0f23fb2{\nvertical-align:middle;\n}\n.responsive #top #wrap_all .flex_cell.av-1x5wl-0f76a4c700c99c851f9a7f6aa0f23fb2{\npadding:80px 0 80px 100px !important;\n}\n<\/style>\n<div class='flex_cell av-1x5wl-0f76a4c700c99c851f9a7f6aa0f23fb2 av-gridrow-cell av_two_fifth no_margin  avia-builder-el-4  el_before_av_cell_three_fifth  avia-builder-el-first '  ><div class='flex_cell_inner'><p><div  class='flex_column av-1ncid-50d9a17cbb5a3ac3c1d9a6129f20bf53 av_one_full  avia-builder-el-5  el_before_av_button  avia-builder-el-first  first flex_column_div  '     ><section  class='av_textblock_section av-ll0pyb6l-8d1f12ea070022fc6997e67f39e1bec9 '   itemscope=\"itemscope\" itemtype=\"https:\/\/schema.org\/CreativeWork\" ><div class='avia_textblock'  itemprop=\"text\" ><h1>CERTIFICACIONES<\/h1>\n<\/div><\/section><br \/>\n\n<style type=\"text\/css\" data-created_by=\"avia_inline_auto\" id=\"style-css-av-rx9d-d7d66fd9686ef96c17e201b1f83b49c7\">\n#top .av_textblock_section.av-rx9d-d7d66fd9686ef96c17e201b1f83b49c7 .avia_textblock{\nfont-size:18px;\n}\n<\/style>\n<section  class='av_textblock_section av-rx9d-d7d66fd9686ef96c17e201b1f83b49c7 '   itemscope=\"itemscope\" itemtype=\"https:\/\/schema.org\/CreativeWork\" ><div class='avia_textblock'  itemprop=\"text\" ><p><strong>La calidad es el eje central de todas nuestras actividades y procedimientos.<\/strong><\/p>\n<\/div><\/section><br \/>\n\n<style type=\"text\/css\" data-created_by=\"avia_inline_auto\" id=\"style-css-av-ll3k4cln-5caad32ac39983b84e7c1e6708c2e6b3\">\n#top .av_textblock_section.av-ll3k4cln-5caad32ac39983b84e7c1e6708c2e6b3 .avia_textblock{\nfont-size:18px;\n}\n<\/style>\n<section  class='av_textblock_section av-ll3k4cln-5caad32ac39983b84e7c1e6708c2e6b3 '   itemscope=\"itemscope\" itemtype=\"https:\/\/schema.org\/CreativeWork\" ><div class='avia_textblock'  itemprop=\"text\" ><p>Por este motivo contamos con un sistema de gesti\u00f3n integrado ISO 9001:2015, ISO 27001:2022 e UNE 179003:2013\u00a0que permite estandarizar nuestros procesos, desarrollar nuestros servicios, garantizar la confidencialidad, la integridad y la disponibilidad de la informaci\u00f3n de nuestra organizaci\u00f3n, as\u00ed como la satisfacci\u00f3n de nuestros agentes implicados y la seguridad de la informaci\u00f3n.<\/p>\n<\/div><\/section><\/p><\/div><div  class='avia-button-wrap av-m1z2qav8-a2ea0cb73f3bf65b581e624830e25d32-wrap avia-button-left  avia-builder-el-9  el_after_av_one_full  avia-builder-el-last '><a href='https:\/\/phdlifescience.eu\/wp-content\/uploads\/PPQ_v00_Politica-del-SIG.pdf' class='avia-button av-m1z2qav8-a2ea0cb73f3bf65b581e624830e25d32 avia-icon_select-no avia-size-small avia-position-left avia-color-theme-color' target=\"_blank\" rel=\"noopener noreferrer\"><span class='avia_iconbox_title' >Descarga nuestra pol\u00edtica de calidad y seguridad<\/span><\/a><\/div><\/p>\n<\/div><\/div>\n<style type=\"text\/css\" data-created_by=\"avia_inline_auto\" id=\"style-css-av-ll0v3yrz-edd7f5a407451273c809826774e295b6\">\n.flex_cell.av-ll0v3yrz-edd7f5a407451273c809826774e295b6{\nvertical-align:top;\nbackground:url(https:\/\/phdlifescience.eu\/wp-content\/uploads\/phd-header-certificazioni.png) 0% 50% no-repeat scroll ;\n}\n<\/style>\n<div class='flex_cell av-ll0v3yrz-edd7f5a407451273c809826774e295b6 av-gridrow-cell av_three_fifth no_margin  avia-builder-el-10  el_after_av_cell_two_fifth  avia-builder-el-last  avia-full-stretch'  ><div class='flex_cell_inner'><\/div><\/div><\/div><div id='av-layout-grid-3'  class='av-layout-grid-container av-2nypx-30492d76a36dc30991faafc6ebb3749a entry-content-wrapper alternate_color av-flex-cells  avia-builder-el-11  el_after_av_layout_row  el_before_av_section  grid-row-not-first av-desktop-hide av-medium-hide container_wrap fullsize'  >\n\n<style type=\"text\/css\" data-created_by=\"avia_inline_auto\" id=\"style-css-av-ll21879s-cd841537b774ce4a3a6597fde2b83d98\">\n.flex_cell.av-ll21879s-cd841537b774ce4a3a6597fde2b83d98{\nvertical-align:middle;\n}\n.responsive #top #wrap_all .flex_cell.av-ll21879s-cd841537b774ce4a3a6597fde2b83d98{\npadding:40px 40px 40px 40px !important;\n}\n<\/style>\n<div class='flex_cell av-ll21879s-cd841537b774ce4a3a6597fde2b83d98 av-gridrow-cell av_one_full no_margin  avia-builder-el-12  avia-builder-el-no-sibling '  ><div class='flex_cell_inner'><div  class='flex_column av-235c5-07bd1a19df952e7fc3de1d1b088f85e1 av_one_full  avia-builder-el-13  avia-builder-el-no-sibling  first flex_column_div  '     ><section  class='av_textblock_section av-1mypnk-54b7cccbea702e7c8d188cd5d2d55ea3 '   itemscope=\"itemscope\" itemtype=\"https:\/\/schema.org\/CreativeWork\" ><div class='avia_textblock'  itemprop=\"text\" ><h1>CERTIFICACIONES<\/h1>\n<\/div><\/section><br \/>\n\n<style type=\"text\/css\" data-created_by=\"avia_inline_auto\" id=\"style-css-av-1di1rk-ee98f08b7e2b46d417b7a1110cd66895\">\n#top .av_textblock_section.av-1di1rk-ee98f08b7e2b46d417b7a1110cd66895 .avia_textblock{\nfont-size:18px;\n}\n<\/style>\n<section  class='av_textblock_section av-1di1rk-ee98f08b7e2b46d417b7a1110cd66895 '   itemscope=\"itemscope\" itemtype=\"https:\/\/schema.org\/CreativeWork\" ><div class='avia_textblock'  itemprop=\"text\" ><p><strong>La calidad es el eje central de todas nuestras actividades y procedimientos.<\/strong><\/p>\n<\/div><\/section><br \/>\n\n<style type=\"text\/css\" data-created_by=\"avia_inline_auto\" id=\"style-css-av-18yhnc-aeed5767313d960a5f9d084406317a24\">\n#top .av_textblock_section.av-18yhnc-aeed5767313d960a5f9d084406317a24 .avia_textblock{\nfont-size:18px;\n}\n<\/style>\n<section  class='av_textblock_section av-18yhnc-aeed5767313d960a5f9d084406317a24 '   itemscope=\"itemscope\" itemtype=\"https:\/\/schema.org\/CreativeWork\" ><div class='avia_textblock'  itemprop=\"text\" ><p>Por este motivo contamos con un sistema de gesti\u00f3n integrado ISO 9001:2015, ISO 27001:2022 e UNE 179003:2013\u00a0que permite estandarizar nuestros procesos, desarrollar nuestros servicios, garantizar la confidencialidad, la integridad y la disponibilidad de la informaci\u00f3n de nuestra organizaci\u00f3n, as\u00ed como la satisfacci\u00f3n de nuestros agentes implicados y la seguridad de la informaci\u00f3n.<\/p>\n<\/div><\/section><\/p><\/div>\n<\/div><\/div>\n<\/div><\/p>\n<div id='av_section_1'  class='avia-section av-14xuuw-d683f6b84b347162cb682c279865e15c main_color avia-section-default avia-no-border-styling  avia-builder-el-17  el_after_av_layout_row  avia-builder-el-last  avia-bg-style-scroll container_wrap fullsize'  ><div class='container av-section-cont-open' ><div class='template-page content  av-content-full alpha units'><div class='post-entry post-entry-type-page post-entry-6229'><div class='entry-content-wrapper clearfix'>\n\n<style type=\"text\/css\" data-created_by=\"avia_inline_auto\" id=\"style-css-av-uoslc-cd8c364695acd13167e5bc29b66334de\">\n.flex_column.av-uoslc-cd8c364695acd13167e5bc29b66334de{\npadding:30px 30px 30px 30px;\n}\n<\/style>\n<div  class='flex_column av-uoslc-cd8c364695acd13167e5bc29b66334de av_one_third  avia-builder-el-18  el_before_av_one_third  avia-builder-el-first  first flex_column_div  '     ><style type=\"text\/css\" data-created_by=\"avia_inline_auto\" id=\"style-css-av-ip1ds-09c14209a7c165c7c45ec9c02542087e\">\n.avia-image-container.av-ip1ds-09c14209a7c165c7c45ec9c02542087e img.avia_image{\nbox-shadow:none;\n}\n.avia-image-container.av-ip1ds-09c14209a7c165c7c45ec9c02542087e .av-image-caption-overlay-center{\ncolor:#ffffff;\n}\n<\/style>\n<div  class='avia-image-container av-ip1ds-09c14209a7c165c7c45ec9c02542087e av-styling-no-styling avia-align-center  avia-builder-el-19  avia-builder-el-no-sibling '   itemprop=\"image\" itemscope=\"itemscope\" itemtype=\"https:\/\/schema.org\/ImageObject\" ><div class=\"avia-image-container-inner\"><div class=\"avia-image-overlay-wrap\"><img decoding=\"async\" class='wp-image-9431 avia-img-lazy-loading-not-9431 avia_image ' src=\"https:\/\/phdlifescience.eu\/wp-content\/uploads\/Brand-Spain-179003-300x112.jpg\" alt='' title='Brand Spain 179003'  height=\"112\" width=\"300\"  itemprop=\"thumbnailUrl\" srcset=\"https:\/\/phdlifescience.eu\/wp-content\/uploads\/Brand-Spain-179003-300x112.jpg 300w, https:\/\/phdlifescience.eu\/wp-content\/uploads\/Brand-Spain-179003-705x263.jpg 705w, https:\/\/phdlifescience.eu\/wp-content\/uploads\/Brand-Spain-179003.jpg 768w\" sizes=\"(max-width: 300px) 100vw, 300px\" \/><\/div><\/div><\/div><\/div>\n<style type=\"text\/css\" data-created_by=\"avia_inline_auto\" id=\"style-css-av-2qa0w-eb74f95beaa3097eb1666b52801b103f\">\n.flex_column.av-2qa0w-eb74f95beaa3097eb1666b52801b103f{\npadding:30px 30px 30px 30px;\n}\n<\/style>\n<div  class='flex_column av-2qa0w-eb74f95beaa3097eb1666b52801b103f av_one_third  avia-builder-el-20  el_after_av_one_third  el_before_av_one_third  flex_column_div  '     ><style type=\"text\/css\" data-created_by=\"avia_inline_auto\" id=\"style-css-av-lmen9scu-1a2b5eed1cc830b2af861979fea84896\">\n.avia-image-container.av-lmen9scu-1a2b5eed1cc830b2af861979fea84896 img.avia_image{\nbox-shadow:none;\n}\n.avia-image-container.av-lmen9scu-1a2b5eed1cc830b2af861979fea84896 .av-image-caption-overlay-center{\ncolor:#ffffff;\n}\n<\/style>\n<div  class='avia-image-container av-lmen9scu-1a2b5eed1cc830b2af861979fea84896 av-styling-no-styling avia-align-center  avia-builder-el-21  avia-builder-el-no-sibling '   itemprop=\"image\" itemscope=\"itemscope\" itemtype=\"https:\/\/schema.org\/ImageObject\" ><div class=\"avia-image-container-inner\"><div class=\"avia-image-overlay-wrap\"><img decoding=\"async\" class='wp-image-9430 avia-img-lazy-loading-not-9430 avia_image ' src=\"https:\/\/phdlifescience.eu\/wp-content\/uploads\/Brand-Spain-9001-300x112.jpg\" alt='' title='Brand Spain 9001'  height=\"112\" width=\"300\"  itemprop=\"thumbnailUrl\" srcset=\"https:\/\/phdlifescience.eu\/wp-content\/uploads\/Brand-Spain-9001-300x112.jpg 300w, https:\/\/phdlifescience.eu\/wp-content\/uploads\/Brand-Spain-9001-1030x384.jpg 1030w, https:\/\/phdlifescience.eu\/wp-content\/uploads\/Brand-Spain-9001-768x286.jpg 768w, https:\/\/phdlifescience.eu\/wp-content\/uploads\/Brand-Spain-9001-1536x572.jpg 1536w, https:\/\/phdlifescience.eu\/wp-content\/uploads\/Brand-Spain-9001-2048x763.jpg 2048w, https:\/\/phdlifescience.eu\/wp-content\/uploads\/Brand-Spain-9001-1500x559.jpg 1500w, https:\/\/phdlifescience.eu\/wp-content\/uploads\/Brand-Spain-9001-705x263.jpg 705w\" sizes=\"(max-width: 300px) 100vw, 300px\" \/><\/div><\/div><\/div><\/div>\n<style type=\"text\/css\" data-created_by=\"avia_inline_auto\" id=\"style-css-av-1oljk-89d2eeaa16060f75bb70ca73343d7e14\">\n.flex_column.av-1oljk-89d2eeaa16060f75bb70ca73343d7e14{\npadding:30px 30px 30px 30px;\n}\n<\/style>\n<div  class='flex_column av-1oljk-89d2eeaa16060f75bb70ca73343d7e14 av_one_third  avia-builder-el-22  el_after_av_one_third  avia-builder-el-last  flex_column_div  '     ><style type=\"text\/css\" data-created_by=\"avia_inline_auto\" id=\"style-css-av-ll3ke653-3cc2febb85c96dfdd71a086430f7582f\">\n.avia-image-container.av-ll3ke653-3cc2febb85c96dfdd71a086430f7582f img.avia_image{\nbox-shadow:none;\n}\n.avia-image-container.av-ll3ke653-3cc2febb85c96dfdd71a086430f7582f .av-image-caption-overlay-center{\ncolor:#ffffff;\n}\n<\/style>\n<div  class='avia-image-container av-ll3ke653-3cc2febb85c96dfdd71a086430f7582f av-styling-no-styling avia-align-center  avia-builder-el-23  avia-builder-el-no-sibling '   itemprop=\"image\" itemscope=\"itemscope\" itemtype=\"https:\/\/schema.org\/ImageObject\" ><div class=\"avia-image-container-inner\"><div class=\"avia-image-overlay-wrap\"><img decoding=\"async\" class='wp-image-9429 avia-img-lazy-loading-not-9429 avia_image ' src=\"https:\/\/phdlifescience.eu\/wp-content\/uploads\/Brand-Spain-27001-300x110.jpg\" alt='' title='Brand Spain 27001'  height=\"110\" width=\"300\"  itemprop=\"thumbnailUrl\" srcset=\"https:\/\/phdlifescience.eu\/wp-content\/uploads\/Brand-Spain-27001-300x110.jpg 300w, https:\/\/phdlifescience.eu\/wp-content\/uploads\/Brand-Spain-27001-1030x379.jpg 1030w, https:\/\/phdlifescience.eu\/wp-content\/uploads\/Brand-Spain-27001-768x282.jpg 768w, https:\/\/phdlifescience.eu\/wp-content\/uploads\/Brand-Spain-27001-1536x565.jpg 1536w, https:\/\/phdlifescience.eu\/wp-content\/uploads\/Brand-Spain-27001-2048x753.jpg 2048w, https:\/\/phdlifescience.eu\/wp-content\/uploads\/Brand-Spain-27001-1500x552.jpg 1500w, https:\/\/phdlifescience.eu\/wp-content\/uploads\/Brand-Spain-27001-705x259.jpg 705w\" sizes=\"(max-width: 300px) 100vw, 300px\" \/><\/div><\/div><\/div><\/div>\n\n","protected":false},"excerpt":{"rendered":"","protected":false},"author":1,"featured_media":0,"parent":0,"menu_order":0,"comment_status":"closed","ping_status":"closed","template":"","meta":{"footnotes":""},"class_list":["post-6229","page","type-page","status-publish","hentry"],"_links":{"self":[{"href":"https:\/\/phdlifescience.eu\/es\/wp-json\/wp\/v2\/pages\/6229","targetHints":{"allow":["GET"]}}],"collection":[{"href":"https:\/\/phdlifescience.eu\/es\/wp-json\/wp\/v2\/pages"}],"about":[{"href":"https:\/\/phdlifescience.eu\/es\/wp-json\/wp\/v2\/types\/page"}],"author":[{"embeddable":true,"href":"https:\/\/phdlifescience.eu\/es\/wp-json\/wp\/v2\/users\/1"}],"replies":[{"embeddable":true,"href":"https:\/\/phdlifescience.eu\/es\/wp-json\/wp\/v2\/comments?post=6229"}],"version-history":[{"count":9,"href":"https:\/\/phdlifescience.eu\/es\/wp-json\/wp\/v2\/pages\/6229\/revisions"}],"predecessor-version":[{"id":9494,"href":"https:\/\/phdlifescience.eu\/es\/wp-json\/wp\/v2\/pages\/6229\/revisions\/9494"}],"wp:attachment":[{"href":"https:\/\/phdlifescience.eu\/es\/wp-json\/wp\/v2\/media?parent=6229"}],"curies":[{"name":"wp","href":"https:\/\/api.w.org\/{rel}","templated":true}]}}