{"id":6222,"date":"2023-08-09T12:31:41","date_gmt":"2023-08-09T10:31:41","guid":{"rendered":"https:\/\/phdlifescience.eu\/?page_id=6222"},"modified":"2023-09-11T10:35:41","modified_gmt":"2023-09-11T08:35:41","slug":"igualdad-de-genero","status":"publish","type":"page","link":"https:\/\/phdlifescience.eu\/es\/igualdad-de-genero\/","title":{"rendered":"Igualdad de g\u00e9nero"},"content":{"rendered":"<div id='av-layout-grid-1'  class='av-layout-grid-container av-av_layout_row-1b8cd9b88f0a70bab5790aa00eb8b997 entry-content-wrapper main_color av-flex-cells  avia-builder-el-0  el_before_av_layout_row  avia-builder-el-first  av-desktop-hide av-medium-hide container_wrap fullsize'  >\n\n<style type=\"text\/css\" data-created_by=\"avia_inline_auto\" id=\"style-css-av-av_cell_one_full-39a60fb7cdabb9564cd88475cb6790ae\">\n.flex_cell.av-av_cell_one_full-39a60fb7cdabb9564cd88475cb6790ae{\nvertical-align:top;\nbackground-color:#1d71b8;\n}\n.responsive #top #wrap_all .flex_cell.av-av_cell_one_full-39a60fb7cdabb9564cd88475cb6790ae{\npadding:0px 0px 0px 0px !important;\n}\n<\/style>\n<div class='flex_cell av-av_cell_one_full-39a60fb7cdabb9564cd88475cb6790ae av-gridrow-cell av_one_full no_margin  avia-builder-el-1  avia-builder-el-no-sibling  av-zero-padding'  ><div class='flex_cell_inner'>\n<style type=\"text\/css\" data-created_by=\"avia_inline_auto\" id=\"style-css-av-ll3uoj45-c02d968d1f892342d5f8ce082046ad74\">\n.avia-image-container.av-ll3uoj45-c02d968d1f892342d5f8ce082046ad74 img.avia_image{\nbox-shadow:none;\n}\n.avia-image-container.av-ll3uoj45-c02d968d1f892342d5f8ce082046ad74 .av-image-caption-overlay-center{\ncolor:#ffffff;\n}\n<\/style>\n<div  class='avia-image-container av-ll3uoj45-c02d968d1f892342d5f8ce082046ad74 av-styling-no-styling avia-align-center  avia-builder-el-2  avia-builder-el-no-sibling '   itemprop=\"image\" itemscope=\"itemscope\" itemtype=\"https:\/\/schema.org\/ImageObject\" ><div class=\"avia-image-container-inner\"><div class=\"avia-image-overlay-wrap\"><img decoding=\"async\" class='wp-image-6021 avia-img-lazy-loading-not-6021 avia_image ' src=\"https:\/\/phdlifescience.eu\/wp-content\/uploads\/phd-header-mobile-parita-di-genere.png\" alt='' title='phd-header-mobile-parita-di-genere'  height=\"243\" width=\"500\"  itemprop=\"thumbnailUrl\" srcset=\"https:\/\/phdlifescience.eu\/wp-content\/uploads\/phd-header-mobile-parita-di-genere.png 500w, https:\/\/phdlifescience.eu\/wp-content\/uploads\/phd-header-mobile-parita-di-genere-300x146.png 300w\" sizes=\"(max-width: 500px) 100vw, 500px\" \/><\/div><\/div><\/div>\n<\/div><\/div>\n<\/div>\n<div id='av-layout-grid-2'  class='av-layout-grid-container av-ll0v2tr7-64b4e367190e606c876554c6554e4f24 entry-content-wrapper alternate_color av-flex-cells  avia-builder-el-3  el_after_av_layout_row  el_before_av_layout_row  grid-row-not-first av-small-hide av-mini-hide container_wrap fullsize'  >\n\n<style type=\"text\/css\" data-created_by=\"avia_inline_auto\" id=\"style-css-av-1x5wl-0f76a4c700c99c851f9a7f6aa0f23fb2\">\n.flex_cell.av-1x5wl-0f76a4c700c99c851f9a7f6aa0f23fb2{\nvertical-align:middle;\n}\n.responsive #top #wrap_all .flex_cell.av-1x5wl-0f76a4c700c99c851f9a7f6aa0f23fb2{\npadding:80px 0 80px 100px !important;\n}\n<\/style>\n<div class='flex_cell av-1x5wl-0f76a4c700c99c851f9a7f6aa0f23fb2 av-gridrow-cell av_two_fifth no_margin  avia-builder-el-4  el_before_av_cell_three_fifth  avia-builder-el-first '  ><div class='flex_cell_inner'><div  class='flex_column av-1ncid-50d9a17cbb5a3ac3c1d9a6129f20bf53 av_one_full  avia-builder-el-5  avia-builder-el-no-sibling  first flex_column_div  '     ><section  class='av_textblock_section av-ll0pyb6l-8d1f12ea070022fc6997e67f39e1bec9 '   itemscope=\"itemscope\" itemtype=\"https:\/\/schema.org\/CreativeWork\" ><div class='avia_textblock'  itemprop=\"text\" ><h1>IGUALDAD DE G\u00c9NERO<\/h1>\n<\/div><\/section><br \/>\n\n<style type=\"text\/css\" data-created_by=\"avia_inline_auto\" id=\"style-css-av-djq3m-29b7ffe82fd3239469669b41dd59cb76\">\n#top .av_textblock_section.av-djq3m-29b7ffe82fd3239469669b41dd59cb76 .avia_textblock{\nfont-size:18px;\n}\n<\/style>\n<section  class='av_textblock_section av-djq3m-29b7ffe82fd3239469669b41dd59cb76 '   itemscope=\"itemscope\" itemtype=\"https:\/\/schema.org\/CreativeWork\" ><div class='avia_textblock'  itemprop=\"text\" ><p>Reconocemos el valor de las personas y de sus diferencias a trav\u00e9s de un enfoque de gesti\u00f3n de personal que ofrece a todos las mismas oportunidades de desarrollo profesional. Gracias a la elaboraci\u00f3n de una <strong>pol\u00edtica<\/strong> espec\u00edfica, hemos definido una serie de normativas generales de referencia, obligaciones y conductas prohibidas con el fin de garantizar, de acuerdo con los principios de equidad e igualdad, un ambiente de trabajo inclusivo, libre de discriminaci\u00f3n, violencia y acoso de cualquier forma o tipo.<\/p>\n<\/div><\/section><\/p><\/div>\n<\/div><\/div>\n<style type=\"text\/css\" data-created_by=\"avia_inline_auto\" id=\"style-css-av-ll0v3yrz-0ea9bf869716270a63c0e522593ffc79\">\n.flex_cell.av-ll0v3yrz-0ea9bf869716270a63c0e522593ffc79{\nvertical-align:top;\nbackground:url(https:\/\/phdlifescience.eu\/wp-content\/uploads\/phd-header-parita-di-genere.png) 0% 50% no-repeat scroll ;\n}\n<\/style>\n<div class='flex_cell av-ll0v3yrz-0ea9bf869716270a63c0e522593ffc79 av-gridrow-cell av_three_fifth no_margin  avia-builder-el-8  el_after_av_cell_two_fifth  avia-builder-el-last  avia-full-stretch'  ><div class='flex_cell_inner'><\/div><\/div><\/div><div id='av-layout-grid-3'  class='av-layout-grid-container av-2nypx-30492d76a36dc30991faafc6ebb3749a entry-content-wrapper alternate_color av-flex-cells  avia-builder-el-9  el_after_av_layout_row  el_before_av_section  grid-row-not-first av-desktop-hide av-medium-hide container_wrap fullsize'  >\n\n<style type=\"text\/css\" data-created_by=\"avia_inline_auto\" id=\"style-css-av-ll21879s-cd841537b774ce4a3a6597fde2b83d98\">\n.flex_cell.av-ll21879s-cd841537b774ce4a3a6597fde2b83d98{\nvertical-align:middle;\n}\n.responsive #top #wrap_all .flex_cell.av-ll21879s-cd841537b774ce4a3a6597fde2b83d98{\npadding:40px 40px 40px 40px !important;\n}\n<\/style>\n<div class='flex_cell av-ll21879s-cd841537b774ce4a3a6597fde2b83d98 av-gridrow-cell av_one_full no_margin  avia-builder-el-10  avia-builder-el-no-sibling '  ><div class='flex_cell_inner'><div  class='flex_column av-235c5-07bd1a19df952e7fc3de1d1b088f85e1 av_one_full  avia-builder-el-11  avia-builder-el-no-sibling  first flex_column_div  '     ><section  class='av_textblock_section av-71foq-543b9b88cc305c42222946b90c8be424 '   itemscope=\"itemscope\" itemtype=\"https:\/\/schema.org\/CreativeWork\" ><div class='avia_textblock'  itemprop=\"text\" ><h1>IGUALDAD DE G\u00c9NERO<\/h1>\n<\/div><\/section><br \/>\n\n<style type=\"text\/css\" data-created_by=\"avia_inline_auto\" id=\"style-css-av-ll3k4cln-5caad32ac39983b84e7c1e6708c2e6b3\">\n#top .av_textblock_section.av-ll3k4cln-5caad32ac39983b84e7c1e6708c2e6b3 .avia_textblock{\nfont-size:18px;\n}\n<\/style>\n<section  class='av_textblock_section av-ll3k4cln-5caad32ac39983b84e7c1e6708c2e6b3 '   itemscope=\"itemscope\" itemtype=\"https:\/\/schema.org\/CreativeWork\" ><div class='avia_textblock'  itemprop=\"text\" ><p>Reconocemos el valor de las personas y de sus diferencias a trav\u00e9s de un enfoque de gesti\u00f3n de personal que ofrece a todos las mismas oportunidades de desarrollo profesional. Gracias a la elaboraci\u00f3n de una <strong>pol\u00edtica<\/strong> espec\u00edfica, hemos definido una serie de normativas generales de referencia, obligaciones y conductas prohibidas con el fin de garantizar, de acuerdo con los principios de equidad e igualdad, un ambiente de trabajo inclusivo, libre de discriminaci\u00f3n, violencia y acoso de cualquier forma o tipo.<\/p>\n<\/div><\/section><\/p><\/div>\n<\/div><\/div><\/div><div id='av_section_1'  class='avia-section av-14xuuw-d683f6b84b347162cb682c279865e15c main_color avia-section-default avia-no-border-styling  avia-builder-el-14  el_after_av_layout_row  avia-builder-el-last  avia-bg-style-scroll container_wrap fullsize'  ><div class='container av-section-cont-open' ><div class='template-page content  av-content-full alpha units'><div class='post-entry post-entry-type-page post-entry-6222'><div class='entry-content-wrapper clearfix'>\n<div  class='flex_column av-uoslc-1562b831718c54107067df63feebbf8d av_one_fifth  avia-builder-el-15  el_before_av_three_fifth  avia-builder-el-first  first no_margin flex_column_div  '     ><\/div>\n<style type=\"text\/css\" data-created_by=\"avia_inline_auto\" id=\"style-css-av-2qa0w-53108dc725bdeed58c494313ccc71682\">\n.flex_column.av-2qa0w-53108dc725bdeed58c494313ccc71682{\npadding:0 30px 0 30px;\n}\n<\/style>\n<div  class='flex_column av-2qa0w-53108dc725bdeed58c494313ccc71682 av_three_fifth  avia-builder-el-16  el_after_av_one_fifth  el_before_av_one_fifth  no_margin flex_column_div  '     ><section  class='av_textblock_section av-ll3l4dfa-b0c75e28571d55bc100b4c96c4e7ddaf '   itemscope=\"itemscope\" itemtype=\"https:\/\/schema.org\/CreativeWork\" ><div class='avia_textblock'  itemprop=\"text\" ><p style=\"text-align: center;\">Este compromiso tambi\u00e9n se aplica a terceros, como consultores, proveedores, clientes, socios comerciales y, en general, cualquier persona que se relacione con la empresa.<\/p>\n<\/div><\/section><\/div><div  class='flex_column av-7j1xk-a0f67afb4ba1e54b659f7c68957e166e av_one_fifth  avia-builder-el-18  el_after_av_three_fifth  avia-builder-el-last  no_margin flex_column_div  '     ><\/div><\/p>\n","protected":false},"excerpt":{"rendered":"","protected":false},"author":1,"featured_media":0,"parent":0,"menu_order":0,"comment_status":"closed","ping_status":"closed","template":"","meta":{"footnotes":""},"class_list":["post-6222","page","type-page","status-publish","hentry"],"_links":{"self":[{"href":"https:\/\/phdlifescience.eu\/es\/wp-json\/wp\/v2\/pages\/6222","targetHints":{"allow":["GET"]}}],"collection":[{"href":"https:\/\/phdlifescience.eu\/es\/wp-json\/wp\/v2\/pages"}],"about":[{"href":"https:\/\/phdlifescience.eu\/es\/wp-json\/wp\/v2\/types\/page"}],"author":[{"embeddable":true,"href":"https:\/\/phdlifescience.eu\/es\/wp-json\/wp\/v2\/users\/1"}],"replies":[{"embeddable":true,"href":"https:\/\/phdlifescience.eu\/es\/wp-json\/wp\/v2\/comments?post=6222"}],"version-history":[{"count":0,"href":"https:\/\/phdlifescience.eu\/es\/wp-json\/wp\/v2\/pages\/6222\/revisions"}],"wp:attachment":[{"href":"https:\/\/phdlifescience.eu\/es\/wp-json\/wp\/v2\/media?parent=6222"}],"curies":[{"name":"wp","href":"https:\/\/api.w.org\/{rel}","templated":true}]}}