{"id":6218,"date":"2023-08-09T10:49:13","date_gmt":"2023-08-09T08:49:13","guid":{"rendered":"https:\/\/phdlifescience.eu\/?page_id=6218"},"modified":"2025-05-14T10:51:27","modified_gmt":"2025-05-14T08:51:27","slug":"capacidad-hospitalaria","status":"publish","type":"page","link":"https:\/\/phdlifescience.eu\/es\/capacidad-hospitalaria\/","title":{"rendered":"Programas de apoyo hospitalario"},"content":{"rendered":"<div id='av-layout-grid-1'  class='av-layout-grid-container av-aqd4z-dedb53f6b520a10eb9761682ab5f6a77 entry-content-wrapper main_color av-flex-cells  avia-builder-el-0  el_before_av_layout_row  avia-builder-el-first  av-desktop-hide av-medium-hide container_wrap fullsize'  >\n\n<style type=\"text\/css\" data-created_by=\"avia_inline_auto\" id=\"style-css-av-ll3unxdm-21396ec6c588b9965d0870090a1e8142\">\n.flex_cell.av-ll3unxdm-21396ec6c588b9965d0870090a1e8142{\nvertical-align:top;\nbackground-color:#5c82c2;\n}\n.responsive #top #wrap_all .flex_cell.av-ll3unxdm-21396ec6c588b9965d0870090a1e8142{\npadding:0px 0px 0px 0px !important;\n}\n<\/style>\n<div class='flex_cell av-ll3unxdm-21396ec6c588b9965d0870090a1e8142 av-gridrow-cell av_one_full no_margin  avia-builder-el-1  avia-builder-el-no-sibling  av-zero-padding'  ><div class='flex_cell_inner'>\n<style type=\"text\/css\" data-created_by=\"avia_inline_auto\" id=\"style-css-av-ll3unim4-8685e39fcba5e5fd901b688cf7b68337\">\n.avia-image-container.av-ll3unim4-8685e39fcba5e5fd901b688cf7b68337 img.avia_image{\nbox-shadow:none;\n}\n.avia-image-container.av-ll3unim4-8685e39fcba5e5fd901b688cf7b68337 .av-image-caption-overlay-center{\ncolor:#ffffff;\n}\n<\/style>\n<div  class='avia-image-container av-ll3unim4-8685e39fcba5e5fd901b688cf7b68337 av-styling-no-styling avia-align-center  avia-builder-el-2  avia-builder-el-no-sibling '   itemprop=\"image\" itemscope=\"itemscope\" itemtype=\"https:\/\/schema.org\/ImageObject\" ><div class=\"avia-image-container-inner\"><div class=\"avia-image-overlay-wrap\"><img decoding=\"async\" class='wp-image-6017 avia-img-lazy-loading-not-6017 avia_image ' src=\"https:\/\/phdlifescience.eu\/wp-content\/uploads\/phd-header-mobile-experience.png\" alt='' title='phd-header-mobile-experience'  height=\"243\" width=\"500\"  itemprop=\"thumbnailUrl\" srcset=\"https:\/\/phdlifescience.eu\/wp-content\/uploads\/phd-header-mobile-experience.png 500w, https:\/\/phdlifescience.eu\/wp-content\/uploads\/phd-header-mobile-experience-300x146.png 300w\" sizes=\"(max-width: 500px) 100vw, 500px\" \/><\/div><\/div><\/div>\n<\/div><\/div>\n<\/div>\n<div id='av-layout-grid-2'  class='av-layout-grid-container av-ll0v2tr7-64b4e367190e606c876554c6554e4f24 entry-content-wrapper alternate_color av-flex-cells  avia-builder-el-3  el_after_av_layout_row  el_before_av_layout_row  grid-row-not-first av-small-hide av-mini-hide container_wrap fullsize'  >\n\n<style type=\"text\/css\" data-created_by=\"avia_inline_auto\" id=\"style-css-av-1x5wl-78c20ddcd174c690115c321516a41c21\">\n.flex_cell.av-1x5wl-78c20ddcd174c690115c321516a41c21{\nvertical-align:middle;\nbackground-color:#5c82c2;\n}\n.responsive #top #wrap_all .flex_cell.av-1x5wl-78c20ddcd174c690115c321516a41c21{\npadding:80px 0 80px 100px !important;\n}\n<\/style>\n<div class='flex_cell av-1x5wl-78c20ddcd174c690115c321516a41c21 av-gridrow-cell av_two_fifth no_margin  avia-builder-el-4  el_before_av_cell_three_fifth  avia-builder-el-first '  ><div class='flex_cell_inner'><div  class='flex_column av-1ncid-50d9a17cbb5a3ac3c1d9a6129f20bf53 av_one_full  avia-builder-el-5  avia-builder-el-no-sibling  first flex_column_div  '     ><section  class='av_textblock_section av-dow0c-92498adc5ae4f2659980cd497aaef7df '   itemscope=\"itemscope\" itemtype=\"https:\/\/schema.org\/CreativeWork\" ><div class='avia_textblock'  itemprop=\"text\" ><h1>PROGRAMAS<br \/>\nDE APOYO HOSPITALARIO<\/h1>\n<\/div><\/section><br \/>\n\n<style type=\"text\/css\" data-created_by=\"avia_inline_auto\" id=\"style-css-av-b0swk-62824b858ed4be8551f455f5481b4587\">\n#top .av_textblock_section.av-b0swk-62824b858ed4be8551f455f5481b4587 .avia_textblock{\nfont-size:18px;\n}\n<\/style>\n<section  class='av_textblock_section av-b0swk-62824b858ed4be8551f455f5481b4587 '   itemscope=\"itemscope\" itemtype=\"https:\/\/schema.org\/CreativeWork\" ><div class='avia_textblock'  itemprop=\"text\" ><p>Dise\u00f1amos modelos y herramientas para facilitar la integraci\u00f3n de todos los agentes del sistema sanitario. Nuestro objetivo es brindar apoyo a los profesionales de la salud en la optimizaci\u00f3n del proceso de atenci\u00f3n a las personas, empleando los recursos disponibles del sistema sanitario.<\/p>\n<\/div><\/section><\/p><\/div>\n<\/div><\/div>\n<style type=\"text\/css\" data-created_by=\"avia_inline_auto\" id=\"style-css-av-ll0v3yrz-7a62f092adc948cd2de3de9a213572a6\">\n.flex_cell.av-ll0v3yrz-7a62f092adc948cd2de3de9a213572a6{\nvertical-align:top;\nbackground:url(https:\/\/phdlifescience.eu\/wp-content\/uploads\/phd-header-hospital-capacity.png) 0% 50% no-repeat scroll #5c82c2;\n}\n.responsive #top #wrap_all .flex_cell.av-ll0v3yrz-7a62f092adc948cd2de3de9a213572a6{\npadding:0px 0px 0px 0px !important;\n}\n<\/style>\n<div class='flex_cell av-ll0v3yrz-7a62f092adc948cd2de3de9a213572a6 av-gridrow-cell av_three_fifth no_margin  avia-builder-el-8  el_after_av_cell_two_fifth  avia-builder-el-last  av-zero-padding avia-full-stretch'  ><div class='flex_cell_inner'><\/div><\/div><\/div><div id='av-layout-grid-3'  class='av-layout-grid-container av-2nypx-30492d76a36dc30991faafc6ebb3749a entry-content-wrapper alternate_color av-flex-cells  avia-builder-el-9  el_after_av_layout_row  el_before_av_section  grid-row-not-first av-desktop-hide av-medium-hide container_wrap fullsize'  >\n\n<style type=\"text\/css\" data-created_by=\"avia_inline_auto\" id=\"style-css-av-ll21879s-38dd7e6742d1d914f9e0d76d37f3d713\">\n.flex_cell.av-ll21879s-38dd7e6742d1d914f9e0d76d37f3d713{\nvertical-align:middle;\nbackground-color:#5c82c2;\n}\n.responsive #top #wrap_all .flex_cell.av-ll21879s-38dd7e6742d1d914f9e0d76d37f3d713{\npadding:40px 40px 40px 40px !important;\n}\n<\/style>\n<div class='flex_cell av-ll21879s-38dd7e6742d1d914f9e0d76d37f3d713 av-gridrow-cell av_one_full no_margin  avia-builder-el-10  avia-builder-el-no-sibling '  ><div class='flex_cell_inner'><div  class='flex_column av-235c5-07bd1a19df952e7fc3de1d1b088f85e1 av_one_full  avia-builder-el-11  avia-builder-el-no-sibling  first flex_column_div  '     ><section  class='av_textblock_section av-23d5f-ed61750f324d5cc48b4a6e24d53eff51 '   itemscope=\"itemscope\" itemtype=\"https:\/\/schema.org\/CreativeWork\" ><div class='avia_textblock'  itemprop=\"text\" ><h1>PROGRAMAS DE APOYO HOSPITALARIO<\/h1>\n<\/div><\/section><br \/>\n\n<style type=\"text\/css\" data-created_by=\"avia_inline_auto\" id=\"style-css-av-dvdt7-81c83ffcf97ccc554441e9b4998cd5b9\">\n#top .av_textblock_section.av-dvdt7-81c83ffcf97ccc554441e9b4998cd5b9 .avia_textblock{\nfont-size:18px;\n}\n<\/style>\n<section  class='av_textblock_section av-dvdt7-81c83ffcf97ccc554441e9b4998cd5b9 '   itemscope=\"itemscope\" itemtype=\"https:\/\/schema.org\/CreativeWork\" ><div class='avia_textblock'  itemprop=\"text\" ><p>Dise\u00f1amos modelos y herramientas para facilitar la integraci\u00f3n de todos los agentes del sistema sanitario. Nuestro objetivo es brindar apoyo a los profesionales de la salud en la optimizaci\u00f3n del proceso de atenci\u00f3n a las personas, empleando los recursos disponibles del sistema sanitario.<\/p>\n<\/div><\/section><\/p><\/div>\n<\/div><\/div>\n<\/div><\/p>\n<div id='av_section_1'  class='avia-section av-ra65w-6bbf8c9c0522e12205a879bf8d308287 main_color avia-section-default avia-no-border-styling  avia-builder-el-14  el_after_av_layout_row  avia-builder-el-last  avia-bg-style-scroll container_wrap fullsize'  ><div class='container av-section-cont-open' ><div class='template-page content  av-content-full alpha units'><div class='post-entry post-entry-type-page post-entry-6218'><div class='entry-content-wrapper clearfix'>\n<div  class='flex_column av-irz0k-b133ba80e88b9b457ab787d631319504 av_one_fifth  avia-builder-el-15  el_before_av_three_fifth  avia-builder-el-first  first no_margin flex_column_div  '     ><\/div><div  class='flex_column av-9ww6c-5b539f306d108f63fab5fcd1d0261bd0 av_three_fifth  avia-builder-el-16  el_after_av_one_fifth  el_before_av_one_fifth  no_margin flex_column_div  '     ><p>\n<style type=\"text\/css\" data-created_by=\"avia_inline_auto\" id=\"style-css-av-ll3harn5-020925b6ef3498a92453b9522961787c\">\n#top .av_textblock_section.av-ll3harn5-020925b6ef3498a92453b9522961787c .avia_textblock{\nfont-size:24px;\n}\n<\/style>\n<section  class='av_textblock_section av-ll3harn5-020925b6ef3498a92453b9522961787c '   itemscope=\"itemscope\" itemtype=\"https:\/\/schema.org\/CreativeWork\" ><div class='avia_textblock soluzioni-hospital-capacity'  itemprop=\"text\" ><p><mark>GESTI\u00d3N DE DATOS<\/mark><\/p>\n<\/div><\/section><br \/>\n<section  class='av_textblock_section av-lluzrb4y-e467e02419e363c53816b170fab9732b '   itemscope=\"itemscope\" itemtype=\"https:\/\/schema.org\/CreativeWork\" ><div class='avia_textblock'  itemprop=\"text\" ><p>Apoyo personalizado a los centros m\u00e9dicos a trav\u00e9s de la recopilaci\u00f3n, el an\u00e1lisis y la interpretaci\u00f3n de datos relacionados con actividades asistenciales y de investigaci\u00f3n m\u00e9dica, con el fin de identificar soluciones y pr\u00e1cticas organizativas que mejoren el desarrollo de las actividades asistenciales y cl\u00ednicas de cada departamento.<\/p>\n<\/div><\/section><br \/>\n\n<style type=\"text\/css\" data-created_by=\"avia_inline_auto\" id=\"style-css-av-ll3hsdvf-bff5277c92e4494f82948c2a3cd26a2c\">\n#top .av_textblock_section.av-ll3hsdvf-bff5277c92e4494f82948c2a3cd26a2c .avia_textblock{\nfont-size:24px;\n}\n<\/style>\n<section  class='av_textblock_section av-ll3hsdvf-bff5277c92e4494f82948c2a3cd26a2c '   itemscope=\"itemscope\" itemtype=\"https:\/\/schema.org\/CreativeWork\" ><div class='avia_textblock soluzioni-hospital-capacity'  itemprop=\"text\" ><p><mark>PROYECTOS DE DERIVACI\u00d3N<\/mark><\/p>\n<\/div><\/section><br \/>\n<section  class='av_textblock_section av-lluzry85-d0718c5d058719d499cd34cd8deebaf2 '   itemscope=\"itemscope\" itemtype=\"https:\/\/schema.org\/CreativeWork\" ><div class='avia_textblock'  itemprop=\"text\" ><p>Iniciativas destinadas al desarrollo de una red de relaciones y pr\u00e1cticas organizativas compartidas entre los distintos agentes de salud, tanto a nivel territorial como hospitalario, con el objetivo de facilitar el proceso de identificaci\u00f3n y derivaci\u00f3n de las personas con enfermedades cr\u00f3nicas por parte de un profesional (generalmente, un m\u00e9dico de familia) hacia un especialista o equipo de especialistas.<\/p>\n<\/div><\/section><br \/>\n\n<style type=\"text\/css\" data-created_by=\"avia_inline_auto\" id=\"style-css-av-ll3hs62q-80657d2722f25bb4d17172fbd641e945\">\n#top .av_textblock_section.av-ll3hs62q-80657d2722f25bb4d17172fbd641e945 .avia_textblock{\nfont-size:24px;\n}\n<\/style>\n<section  class='av_textblock_section av-ll3hs62q-80657d2722f25bb4d17172fbd641e945 '   itemscope=\"itemscope\" itemtype=\"https:\/\/schema.org\/CreativeWork\" ><div class='avia_textblock soluzioni-hospital-capacity'  itemprop=\"text\" ><p><mark>APOYO EN EL SEGUIMIENTO DE ENFERMEDADES<\/mark><\/p>\n<\/div><\/section><br \/>\n<section  class='av_textblock_section av-lluzse5p-2e8e6b349a074a49c7c04859debe98e9 '   itemscope=\"itemscope\" itemtype=\"https:\/\/schema.org\/CreativeWork\" ><div class='avia_textblock'  itemprop=\"text\" ><p>Iniciativas para fomentar un excelente seguimiento peri\u00f3dico de las personas con enfermedades cr\u00f3nicas por parte de los equipos de atenci\u00f3n m\u00e9dica. Estos proyectos se llevan a cabo a trav\u00e9s de la definici\u00f3n personalizada de procedimientos y herramientas, que se dise\u00f1an teniendo en cuenta las necesidades operativas de los agentes sanitarios implicados.<\/p>\n<\/div><\/section><\/p><\/div><div  class='flex_column av-7pmsb-949d8897f842c838934dde7f1b3bab7b av_one_fifth  avia-builder-el-23  el_after_av_three_fifth  el_before_av_one_full  no_margin flex_column_div  '     ><\/div><div  class='flex_column av-804to-a60b5dced4436e9825fbcec61c68c588 av_one_full  avia-builder-el-24  el_after_av_one_fifth  el_before_av_one_fifth  first flex_column_div  column-top-margin'     ><section  class='av_textblock_section av-ll2gkst6-615dac5c910867f1c735cf6d81e5e542 '   itemscope=\"itemscope\" itemtype=\"https:\/\/schema.org\/CreativeWork\" ><div class='avia_textblock'  itemprop=\"text\" ><p style=\"text-align: center;\">[layerslider id=\u00bb3&#8243;]<\/p>\n<\/div><\/section><\/div><div  class='flex_column av-27mfjn-91cf75bd211c6545e53a0f40c59c3b5b av_one_fifth  avia-builder-el-26  el_after_av_one_full  el_before_av_three_fifth  first no_margin flex_column_div  column-top-margin'     ><\/div><div  class='flex_column av-av_three_fifth-142d03dc1996436b0929e325da2ae973 av_three_fifth  avia-builder-el-27  el_after_av_one_fifth  el_before_av_one_fifth  no_margin flex_column_div  column-top-margin'     ><p>\n<style type=\"text\/css\" data-created_by=\"avia_inline_auto\" id=\"style-css-av-av_hr-3b2307b683e43c7f5a7eb383cfb8815f\">\n#top .hr.hr-invisible.av-av_hr-3b2307b683e43c7f5a7eb383cfb8815f{\nheight:80px;\n}\n<\/style>\n<div  class='hr av-av_hr-3b2307b683e43c7f5a7eb383cfb8815f hr-invisible  avia-builder-el-28  el_before_av_textblock  avia-builder-el-first '><span class='hr-inner '><span class=\"hr-inner-style\"><\/span><\/span><\/div><br \/>\n\n<style type=\"text\/css\" data-created_by=\"avia_inline_auto\" id=\"style-css-av-av_textblock-32c40922f23ae17ab1d0e2575f7dd9df\">\n#top .av_textblock_section.av-av_textblock-32c40922f23ae17ab1d0e2575f7dd9df .avia_textblock{\nfont-size:22px;\ncolor:#d60b52;\n}\n<\/style>\n<section  class='av_textblock_section av-av_textblock-32c40922f23ae17ab1d0e2575f7dd9df '   itemscope=\"itemscope\" itemtype=\"https:\/\/schema.org\/CreativeWork\" ><div class='avia_textblock soluzioni-titoli av_inherit_color'  itemprop=\"text\" ><p class=\"p1\" style=\"text-align: center;\">\u00bfQUIERES EXPLORAR NUESTRA OFERTA?<\/p>\n<\/div><\/section><br \/>\n\n<style type=\"text\/css\" data-created_by=\"avia_inline_auto\" id=\"style-css-av-av_hr-d5b666c45e3554e0e619b566791d9967\">\n#top .hr.hr-invisible.av-av_hr-d5b666c45e3554e0e619b566791d9967{\nmargin-top:-15px;\nheight:1px;\n}\n<\/style>\n<div  class='hr av-av_hr-d5b666c45e3554e0e619b566791d9967 hr-invisible  avia-builder-el-30  el_after_av_textblock  el_before_av_textblock '><span class='hr-inner '><span class=\"hr-inner-style\"><\/span><\/span><\/div><br \/>\n<section  class='av_textblock_section av-av_textblock-dcb83a6857fc49453ed31f97f542e332 '   itemscope=\"itemscope\" itemtype=\"https:\/\/schema.org\/CreativeWork\" ><div class='avia_textblock'  itemprop=\"text\" ><p style=\"text-align: center;\">Completa el cuestionario a continuaci\u00f3n<\/p>\n<\/div><\/section><br \/>\n\n<style type=\"text\/css\" data-created_by=\"avia_inline_auto\" id=\"style-css-av-av_hr-82f5be0ae0af6a64fe3091010b237709\">\n#top .hr.hr-invisible.av-av_hr-82f5be0ae0af6a64fe3091010b237709{\nheight:20px;\n}\n<\/style>\n<div  class='hr av-av_hr-82f5be0ae0af6a64fe3091010b237709 hr-invisible  avia-builder-el-32  el_after_av_textblock  el_before_av_contact '><span class='hr-inner '><span class=\"hr-inner-style\"><\/span><\/span><\/div><br \/>\n<form action=\"https:\/\/phdlifescience.eu\/es\/capacidad-hospitalaria\/\" method=\"post\" data-fields-with-error=\"Found errors in the following field(s):\" class=\"avia_ajax_form av-form-labels-hidden   avia-builder-el-33  el_after_av_hr  avia-builder-el-last  form-contatto-soluzioni  \" data-avia-form-id=\"1\" data-avia-redirect='' ><fieldset><p class='  first_form  form_element form_element_half' id='element_avia_1_1'><label for=\"avia_1_1\">Nombre <abbr class=\"required\" title=\"requerido\">*<\/abbr><\/label> <input name=\"avia_1_1\" class=\"text_input is_empty\" type=\"text\" id=\"avia_1_1\" value=\"\"  placeholder='Nombre*'\/><\/p><p class='  form_element form_element_half' id='element_avia_2_1'><label for=\"avia_2_1\">Apellido <abbr class=\"required\" title=\"requerido\">*<\/abbr><\/label> <input name=\"avia_2_1\" class=\"text_input is_empty\" type=\"text\" id=\"avia_2_1\" value=\"\"  placeholder='Apellido*'\/><\/p><p class='  first_form  form_element form_fullwidth' id='element_avia_3_1'><label for=\"avia_3_1\">Correo electr\u00f3nico <abbr class=\"required\" title=\"requerido\">*<\/abbr><\/label> <input name=\"avia_3_1\" class=\"text_input is_email\" type=\"text\" id=\"avia_3_1\" value=\"\"  placeholder='Correo electr\u00f3nico*'\/><\/p><p class='  first_form  form_element form_fullwidth' id='element_avia_4_1'><label for=\"avia_4_1\">Empresa<\/label> <input name=\"avia_4_1\" class=\"text_input \" type=\"text\" id=\"avia_4_1\" value=\"\"  placeholder='Empresa'\/><\/p><p class='  first_form  form_element form_fullwidth' id='element_avia_5_1'><label for=\"avia_5_1\">\u00c1rea de inter\u00e9s <abbr class=\"required\" title=\"requerido\">*<\/abbr><\/label><select  name=\"avia_5_1\" class=\"select is_empty\" id=\"avia_5_1\"><option class=\"av-placeholder\" disabled=\"disabled\" selected=\"selected\" value=''>\u00c1rea de inter\u00e9s*<\/option><option   value='Comunicaci\u00f3n'>Comunicaci\u00f3n<\/option><option   value='Capacidad Hospitalaria'>Capacidad Hospitalaria<\/option><option   value='Servicios Para Pacientes'>Servicios Para Pacientes<\/option><\/select><\/p><p class='  first_form  form_element form_fullwidth av-last-visible-form-element' id='element_avia_6_1'><input  name=\"avia_6_1\" class=\"input_checkbox is_empty\" type=\"checkbox\" id=\"avia_6_1\" value=\"true\"\/><label class=\"input_checkbox_label\" for=\"avia_6_1\">Autorizo el procesamiento de los datos proporcionados, seg\u00fan se especifica en la <a href=\"https:\/\/phdlifescience.eu\/es\/politica-de-privacidad\/\" target=\"_blank\" rel=\"noopener\">Pol\u00edtica de Privacidad<\/a> del sitio. <abbr class=\"required\" title=\"requerido\">*<\/abbr><\/label><\/p><p class=\"hidden\"><input type=\"text\" name=\"avia_7_1\" class=\"hidden \" id=\"avia_7_1\" value=\"\" \/><\/p><p class=\"form_element \"><input type=\"hidden\" value=\"1\" name=\"avia_generated_form1\" \/><input type=\"submit\" value=\"Enviar\" class=\"button\"  data-sending-label=\"Enviando\"\/><\/p><\/fieldset><\/form><div id=\"ajaxresponse_1\" class=\"ajaxresponse ajaxresponse_1 hidden\"><\/div><\/p><\/div><div  class='flex_column av-9vudf-1a0724573922f0c2239b0742addaef7b av_one_fifth  avia-builder-el-34  el_after_av_three_fifth  avia-builder-el-last  no_margin flex_column_div  column-top-margin'     ><\/div>\n\n","protected":false},"excerpt":{"rendered":"","protected":false},"author":1,"featured_media":0,"parent":0,"menu_order":0,"comment_status":"closed","ping_status":"closed","template":"","meta":{"footnotes":""},"class_list":["post-6218","page","type-page","status-publish","hentry"],"_links":{"self":[{"href":"https:\/\/phdlifescience.eu\/es\/wp-json\/wp\/v2\/pages\/6218","targetHints":{"allow":["GET"]}}],"collection":[{"href":"https:\/\/phdlifescience.eu\/es\/wp-json\/wp\/v2\/pages"}],"about":[{"href":"https:\/\/phdlifescience.eu\/es\/wp-json\/wp\/v2\/types\/page"}],"author":[{"embeddable":true,"href":"https:\/\/phdlifescience.eu\/es\/wp-json\/wp\/v2\/users\/1"}],"replies":[{"embeddable":true,"href":"https:\/\/phdlifescience.eu\/es\/wp-json\/wp\/v2\/comments?post=6218"}],"version-history":[{"count":3,"href":"https:\/\/phdlifescience.eu\/es\/wp-json\/wp\/v2\/pages\/6218\/revisions"}],"predecessor-version":[{"id":8782,"href":"https:\/\/phdlifescience.eu\/es\/wp-json\/wp\/v2\/pages\/6218\/revisions\/8782"}],"wp:attachment":[{"href":"https:\/\/phdlifescience.eu\/es\/wp-json\/wp\/v2\/media?parent=6218"}],"curies":[{"name":"wp","href":"https:\/\/api.w.org\/{rel}","templated":true}]}}