{"id":6216,"date":"2023-08-09T10:32:22","date_gmt":"2023-08-09T08:32:22","guid":{"rendered":"https:\/\/phdlifescience.eu\/?page_id=6216"},"modified":"2023-09-13T16:25:43","modified_gmt":"2023-09-13T14:25:43","slug":"servicios-para-pacientes","status":"publish","type":"page","link":"https:\/\/phdlifescience.eu\/es\/servicios-para-pacientes\/","title":{"rendered":"Servicios para pacientes"},"content":{"rendered":"<div id='av-layout-grid-1'  class='av-layout-grid-container av-fym50-983552d4612fcf8af72c4fc75dcb4ff6 entry-content-wrapper main_color av-flex-cells  avia-builder-el-0  el_before_av_layout_row  avia-builder-el-first  av-desktop-hide av-medium-hide container_wrap fullsize'  >\n\n<style type=\"text\/css\" data-created_by=\"avia_inline_auto\" id=\"style-css-av-ntfo-7ca121f7d38c4e15f371a7f5bf5e0f1b\">\n.flex_cell.av-ntfo-7ca121f7d38c4e15f371a7f5bf5e0f1b{\nvertical-align:top;\nbackground-color:#1d71b8;\n}\n.responsive #top #wrap_all .flex_cell.av-ntfo-7ca121f7d38c4e15f371a7f5bf5e0f1b{\npadding:0px 0px 0px 0px !important;\n}\n<\/style>\n<div class='flex_cell av-ntfo-7ca121f7d38c4e15f371a7f5bf5e0f1b av-gridrow-cell av_one_full no_margin  avia-builder-el-1  avia-builder-el-no-sibling  av-zero-padding'  ><div class='flex_cell_inner'>\n<style type=\"text\/css\" data-created_by=\"avia_inline_auto\" id=\"style-css-av-ll3up5mt-b059ae82ad42cd3d3e7e4b4f6dcf26c5\">\n.avia-image-container.av-ll3up5mt-b059ae82ad42cd3d3e7e4b4f6dcf26c5 img.avia_image{\nbox-shadow:none;\n}\n.avia-image-container.av-ll3up5mt-b059ae82ad42cd3d3e7e4b4f6dcf26c5 .av-image-caption-overlay-center{\ncolor:#ffffff;\n}\n<\/style>\n<div  class='avia-image-container av-ll3up5mt-b059ae82ad42cd3d3e7e4b4f6dcf26c5 av-styling-no-styling avia-align-center  avia-builder-el-2  avia-builder-el-no-sibling '   itemprop=\"image\" itemscope=\"itemscope\" itemtype=\"https:\/\/schema.org\/ImageObject\" ><div class=\"avia-image-container-inner\"><div class=\"avia-image-overlay-wrap\"><img decoding=\"async\" class='wp-image-6023 avia-img-lazy-loading-not-6023 avia_image ' src=\"https:\/\/phdlifescience.eu\/wp-content\/uploads\/phd-header-mobile-patient-services.png\" alt='' title='phd-header-mobile-patient-services'  height=\"243\" width=\"500\"  itemprop=\"thumbnailUrl\" srcset=\"https:\/\/phdlifescience.eu\/wp-content\/uploads\/phd-header-mobile-patient-services.png 500w, https:\/\/phdlifescience.eu\/wp-content\/uploads\/phd-header-mobile-patient-services-300x146.png 300w\" sizes=\"(max-width: 500px) 100vw, 500px\" \/><\/div><\/div><\/div>\n<\/div><\/div>\n<\/div>\n<div id='av-layout-grid-2'  class='av-layout-grid-container av-ll0v2tr7-64b4e367190e606c876554c6554e4f24 entry-content-wrapper alternate_color av-flex-cells  avia-builder-el-3  el_after_av_layout_row  el_before_av_layout_row  grid-row-not-first av-small-hide av-mini-hide container_wrap fullsize'  >\n\n<style type=\"text\/css\" data-created_by=\"avia_inline_auto\" id=\"style-css-av-1x5wl-0f76a4c700c99c851f9a7f6aa0f23fb2\">\n.flex_cell.av-1x5wl-0f76a4c700c99c851f9a7f6aa0f23fb2{\nvertical-align:middle;\n}\n.responsive #top #wrap_all .flex_cell.av-1x5wl-0f76a4c700c99c851f9a7f6aa0f23fb2{\npadding:80px 0 80px 100px !important;\n}\n<\/style>\n<div class='flex_cell av-1x5wl-0f76a4c700c99c851f9a7f6aa0f23fb2 av-gridrow-cell av_two_fifth no_margin  avia-builder-el-4  el_before_av_cell_three_fifth  avia-builder-el-first '  ><div class='flex_cell_inner'><div  class='flex_column av-1ncid-50d9a17cbb5a3ac3c1d9a6129f20bf53 av_one_full  avia-builder-el-5  avia-builder-el-no-sibling  first flex_column_div  '     ><section  class='av_textblock_section av-dow0c-92498adc5ae4f2659980cd497aaef7df '   itemscope=\"itemscope\" itemtype=\"https:\/\/schema.org\/CreativeWork\" ><div class='avia_textblock'  itemprop=\"text\" ><h1>SERVICIOS PARA PACIENTES<\/h1>\n<\/div><\/section><br \/>\n\n<style type=\"text\/css\" data-created_by=\"avia_inline_auto\" id=\"style-css-av-b0swk-62824b858ed4be8551f455f5481b4587\">\n#top .av_textblock_section.av-b0swk-62824b858ed4be8551f455f5481b4587 .avia_textblock{\nfont-size:18px;\n}\n<\/style>\n<section  class='av_textblock_section av-b0swk-62824b858ed4be8551f455f5481b4587 '   itemscope=\"itemscope\" itemtype=\"https:\/\/schema.org\/CreativeWork\" ><div class='avia_textblock'  itemprop=\"text\" ><p>Dise\u00f1amos servicios con el objetivo de enriquecer el nivel de atenci\u00f3n que el sistema sanitario ofrece directamente a los pacientes. Para ello, construimos una red de soporte integrada en la que participa tanto el personal sanitario como el no sanitario.<\/p>\n<\/div><\/section><\/p><\/div>\n<\/div><\/div>\n<style type=\"text\/css\" data-created_by=\"avia_inline_auto\" id=\"style-css-av-ll0v3yrz-f824085a6f2e6ccdb2409533b428bb03\">\n.flex_cell.av-ll0v3yrz-f824085a6f2e6ccdb2409533b428bb03{\nvertical-align:top;\nbackground:url(https:\/\/phdlifescience.eu\/wp-content\/uploads\/phd-header-patient-services.png) 0% 50% no-repeat scroll ;\n}\n.responsive #top #wrap_all .flex_cell.av-ll0v3yrz-f824085a6f2e6ccdb2409533b428bb03{\npadding:0px 0px 0px 0px !important;\n}\n<\/style>\n<div class='flex_cell av-ll0v3yrz-f824085a6f2e6ccdb2409533b428bb03 av-gridrow-cell av_three_fifth no_margin  avia-builder-el-8  el_after_av_cell_two_fifth  avia-builder-el-last  av-zero-padding avia-full-stretch'  ><div class='flex_cell_inner'><\/div><\/div>\n<\/div>\n<div id='av-layout-grid-3'  class='av-layout-grid-container av-2nypx-30492d76a36dc30991faafc6ebb3749a entry-content-wrapper alternate_color av-flex-cells  avia-builder-el-9  el_after_av_layout_row  el_before_av_section  grid-row-not-first av-desktop-hide av-medium-hide container_wrap fullsize'  >\n\n<style type=\"text\/css\" data-created_by=\"avia_inline_auto\" id=\"style-css-av-ll21879s-cd841537b774ce4a3a6597fde2b83d98\">\n.flex_cell.av-ll21879s-cd841537b774ce4a3a6597fde2b83d98{\nvertical-align:middle;\n}\n.responsive #top #wrap_all .flex_cell.av-ll21879s-cd841537b774ce4a3a6597fde2b83d98{\npadding:40px 40px 40px 40px !important;\n}\n<\/style>\n<div class='flex_cell av-ll21879s-cd841537b774ce4a3a6597fde2b83d98 av-gridrow-cell av_one_full no_margin  avia-builder-el-10  avia-builder-el-no-sibling '  ><div class='flex_cell_inner'><div  class='flex_column av-235c5-07bd1a19df952e7fc3de1d1b088f85e1 av_one_full  avia-builder-el-11  avia-builder-el-no-sibling  first flex_column_div  '     ><section  class='av_textblock_section av-ll0pyb6l-8d1f12ea070022fc6997e67f39e1bec9 '   itemscope=\"itemscope\" itemtype=\"https:\/\/schema.org\/CreativeWork\" ><div class='avia_textblock'  itemprop=\"text\" ><h1>SERVICIOS PARA PACIENTES<\/h1>\n<\/div><\/section><br \/>\n\n<style type=\"text\/css\" data-created_by=\"avia_inline_auto\" id=\"style-css-av-rx9d-d7d66fd9686ef96c17e201b1f83b49c7\">\n#top .av_textblock_section.av-rx9d-d7d66fd9686ef96c17e201b1f83b49c7 .avia_textblock{\nfont-size:18px;\n}\n<\/style>\n<section  class='av_textblock_section av-rx9d-d7d66fd9686ef96c17e201b1f83b49c7 '   itemscope=\"itemscope\" itemtype=\"https:\/\/schema.org\/CreativeWork\" ><div class='avia_textblock'  itemprop=\"text\" ><p>Dise\u00f1amos servicios con el objetivo de enriquecer el nivel de atenci\u00f3n que el sistema sanitario ofrece directamente a los pacientes. Para ello, construimos una red de soporte integrada en la que participa tanto el personal sanitario como el no sanitario.<\/p>\n<\/div><\/section><\/p><\/div>\n<\/div><\/div>\n<\/div>\n<div id='av_section_1'  class='avia-section av-ra65w-6bbf8c9c0522e12205a879bf8d308287 main_color avia-section-default avia-no-border-styling  avia-builder-el-14  el_after_av_layout_row  avia-builder-el-last  avia-bg-style-scroll container_wrap fullsize'  ><div class='container av-section-cont-open' ><div class='template-page content  av-content-full alpha units'><div class='post-entry post-entry-type-page post-entry-6216'><div class='entry-content-wrapper clearfix'>\n\n<style type=\"text\/css\" data-created_by=\"avia_inline_auto\" id=\"style-css-av-irz0k-251ebbb34da7bd382f7f897c48c7e603\">\n.flex_column.av-irz0k-251ebbb34da7bd382f7f897c48c7e603{\nwidth:45%;\n}\n<\/style>\n<div  class='flex_column av-irz0k-251ebbb34da7bd382f7f897c48c7e603 av_one_half  avia-builder-el-15  el_before_av_one_half  avia-builder-el-first  first flex_column_div  '     ><style type=\"text\/css\" data-created_by=\"avia_inline_auto\" id=\"style-css-av-ll2eznsc-81694eef90b2a1d99339393486ecdaf8\">\n#top .av_textblock_section.av-ll2eznsc-81694eef90b2a1d99339393486ecdaf8 .avia_textblock{\nfont-size:30px;\ncolor:#1d71b8;\n}\n<\/style>\n<section  class='av_textblock_section av-ll2eznsc-81694eef90b2a1d99339393486ecdaf8 '   itemscope=\"itemscope\" itemtype=\"https:\/\/schema.org\/CreativeWork\" ><div class='avia_textblock soluzioni-titoli av_inherit_color'  itemprop=\"text\" ><p class=\"p1\">PROGRAMA DE SOPORTE A PACIENTES (PSP)<\/p>\n<\/div><\/section><br \/>\n<section  class='av_textblock_section av-fltg4-58d613b1f0a474d44afb09e33a8da2f6 '   itemscope=\"itemscope\" itemtype=\"https:\/\/schema.org\/CreativeWork\" ><div class='avia_textblock'  itemprop=\"text\" ><p class=\"p1\">Programas destinados al soporte al <strong>paciente en tratamiento con un medicamento espec\u00edfico<\/strong>, teniendo en cuenta sus caracter\u00edsticas<\/p>\n<\/div><\/section><br \/>\n\n<style type=\"text\/css\" data-created_by=\"avia_inline_auto\" id=\"style-css-av-80jhg-a57f52435e463c86e3f8a10ec7d546ba\">\n#top .av_textblock_section.av-80jhg-a57f52435e463c86e3f8a10ec7d546ba .avia_textblock{\nfont-size:24px;\n}\n<\/style>\n<section  class='av_textblock_section av-80jhg-a57f52435e463c86e3f8a10ec7d546ba '   itemscope=\"itemscope\" itemtype=\"https:\/\/schema.org\/CreativeWork\" ><div class='avia_textblock soluzioni-patient-services'  itemprop=\"text\" ><p><mark>ASISTENCIA EN CASA<\/mark><\/p>\n<\/div><\/section><br \/>\n<section  class='av_textblock_section av-ll2ejylm-08b6d5201c7b530d3ca172b13b45f4cd '   itemscope=\"itemscope\" itemtype=\"https:\/\/schema.org\/CreativeWork\" ><div class='avia_textblock'  itemprop=\"text\" ><ul>\n<li>Terapia en casa<\/li>\n<li>Preparaci\u00f3n para la administraci\u00f3n de la medicaci\u00f3n y el uso de dispositivos<\/li>\n<li>Entrega de medicamentos a domicilio<\/li>\n<\/ul>\n<\/div><\/section><br \/>\n\n<style type=\"text\/css\" data-created_by=\"avia_inline_auto\" id=\"style-css-av-ll3h96bt-8136dc32ea4804f9b06488c35cc4c990\">\n#top .av_textblock_section.av-ll3h96bt-8136dc32ea4804f9b06488c35cc4c990 .avia_textblock{\nfont-size:24px;\n}\n<\/style>\n<section  class='av_textblock_section av-ll3h96bt-8136dc32ea4804f9b06488c35cc4c990 '   itemscope=\"itemscope\" itemtype=\"https:\/\/schema.org\/CreativeWork\" ><div class='avia_textblock soluzioni-patient-services'  itemprop=\"text\" ><p><mark>MONITORIZACI\u00d3N<\/mark><\/p>\n<\/div><\/section><br \/>\n<section  class='av_textblock_section av-ll3h9m6z-3453b6aab12a265e1600ae647238c844 '   itemscope=\"itemscope\" itemtype=\"https:\/\/schema.org\/CreativeWork\" ><div class='avia_textblock'  itemprop=\"text\" ><ul>\n<li>Extracciones de sangre<\/li>\n<li>An\u00e1lisis farmacocin\u00e9ticos<\/li>\n<li>Wearables<\/li>\n<li>Herramientas digitales de seguimiento de adherencia<\/li>\n<\/ul>\n<\/div><\/section><br \/>\n\n<style type=\"text\/css\" data-created_by=\"avia_inline_auto\" id=\"style-css-av-ll3h9uxv-32f9e38b9d05ce8e7922f39c7fa819a6\">\n#top .av_textblock_section.av-ll3h9uxv-32f9e38b9d05ce8e7922f39c7fa819a6 .avia_textblock{\nfont-size:24px;\n}\n<\/style>\n<section  class='av_textblock_section av-ll3h9uxv-32f9e38b9d05ce8e7922f39c7fa819a6 '   itemscope=\"itemscope\" itemtype=\"https:\/\/schema.org\/CreativeWork\" ><div class='avia_textblock soluzioni-patient-services'  itemprop=\"text\" ><p><mark>APOYOS FUNCIONALES<\/mark><\/p>\n<\/div><\/section><br \/>\n<section  class='av_textblock_section av-ll3ha3bn-aab612d86b5e759e8e336b5958e855ba '   itemscope=\"itemscope\" itemtype=\"https:\/\/schema.org\/CreativeWork\" ><div class='avia_textblock'  itemprop=\"text\" ><ul>\n<li>Fisioterapia<\/li>\n<li>Asesoramiento psicol\u00f3gico\/nutricional<\/li>\n<\/ul>\n<\/div><\/section><\/p><\/div>\n<style type=\"text\/css\" data-created_by=\"avia_inline_auto\" id=\"style-css-av-9ww6c-5b539f306d108f63fab5fcd1d0261bd0\">\n.flex_column.av-9ww6c-5b539f306d108f63fab5fcd1d0261bd0{\nwidth:45%;\nmargin-left:10%;\n}\n<\/style>\n<div  class='flex_column av-9ww6c-5b539f306d108f63fab5fcd1d0261bd0 av_one_half  avia-builder-el-24  el_after_av_one_half  el_before_av_one_full  flex_column_div  '     ><style type=\"text\/css\" data-created_by=\"avia_inline_auto\" id=\"style-css-av-ll3haan7-5f89d4c20acd5aad09a32e207080ab6e\">\n#top .av_textblock_section.av-ll3haan7-5f89d4c20acd5aad09a32e207080ab6e .avia_textblock{\nfont-size:30px;\ncolor:#1d71b8;\n}\n<\/style>\n<section  class='av_textblock_section av-ll3haan7-5f89d4c20acd5aad09a32e207080ab6e '   itemscope=\"itemscope\" itemtype=\"https:\/\/schema.org\/CreativeWork\" ><div class='avia_textblock soluzioni-titoli av_inherit_color'  itemprop=\"text\" ><p class=\"p1\">SOLUCIONES PARA PACIENTES<\/p>\n<\/div><\/section><br \/>\n<section  class='av_textblock_section av-ll3haj8p-6c5bf9b3790db45402a67c96bb439c67 '   itemscope=\"itemscope\" itemtype=\"https:\/\/schema.org\/CreativeWork\" ><div class='avia_textblock'  itemprop=\"text\" ><p class=\"p1\">Servicios que tienen como objetivo mejorar los resultados en salud y experiencia del <strong>paciente en un \u00e1rea terap\u00e9utica determinada<\/strong><\/p>\n<\/div><\/section><br \/>\n\n<style type=\"text\/css\" data-created_by=\"avia_inline_auto\" id=\"style-css-av-ll3harn5-4c1c06f3c1160dee89d0de79107e1675\">\n#top .av_textblock_section.av-ll3harn5-4c1c06f3c1160dee89d0de79107e1675 .avia_textblock{\nfont-size:24px;\n}\n<\/style>\n<section  class='av_textblock_section av-ll3harn5-4c1c06f3c1160dee89d0de79107e1675 '   itemscope=\"itemscope\" itemtype=\"https:\/\/schema.org\/CreativeWork\" ><div class='avia_textblock soluzioni-patient-services'  itemprop=\"text\" ><p><mark>APOYO AL DIAGN\u00d3STICO<\/mark><\/p>\n<\/div><\/section><br \/>\n<section  class='av_textblock_section av-ll3hb107-547623158e09c02a5c0192dfc091bf7c '   itemscope=\"itemscope\" itemtype=\"https:\/\/schema.org\/CreativeWork\" ><div class='avia_textblock'  itemprop=\"text\" ><ul>\n<li>Recogida de muestras, an\u00e1lisis e informes<\/li>\n<li>Campa\u00f1as de cribado<\/li>\n<li>Pedigr\u00ed m\u00e9dico: asesoramiento gen\u00e9tico para la elaboraci\u00f3n de \u00e1rboles geneal\u00f3gicos<\/li>\n<\/ul>\n<\/div><\/section><br \/>\n\n<style type=\"text\/css\" data-created_by=\"avia_inline_auto\" id=\"style-css-av-ll3hb7vy-30f9c9f5b0b2bc2cbdf1f13604a24132\">\n#top .av_textblock_section.av-ll3hb7vy-30f9c9f5b0b2bc2cbdf1f13604a24132 .avia_textblock{\nfont-size:24px;\n}\n<\/style>\n<section  class='av_textblock_section av-ll3hb7vy-30f9c9f5b0b2bc2cbdf1f13604a24132 '   itemscope=\"itemscope\" itemtype=\"https:\/\/schema.org\/CreativeWork\" ><div class='avia_textblock soluzioni-patient-services'  itemprop=\"text\" ><p><mark>MONITORIZACI\u00d3N<\/mark><\/p>\n<\/div><\/section><br \/>\n<section  class='av_textblock_section av-ll3hbd1i-b3e5be2fd73edfb52a5875a690a854a4 '   itemscope=\"itemscope\" itemtype=\"https:\/\/schema.org\/CreativeWork\" ><div class='avia_textblock'  itemprop=\"text\" ><ul>\n<li>Extracciones de sangre<\/li>\n<li>Herramientas digitales de seguimiento de adherencia<\/li>\n<\/ul>\n<\/div><\/section><\/p><\/div><div  class='flex_column av-804to-a60b5dced4436e9825fbcec61c68c588 av_one_full  avia-builder-el-31  el_after_av_one_half  el_before_av_one_fifth  first flex_column_div  column-top-margin'     ><section  class='av_textblock_section av-ll2gkst6-615dac5c910867f1c735cf6d81e5e542 '   itemscope=\"itemscope\" itemtype=\"https:\/\/schema.org\/CreativeWork\" ><div class='avia_textblock'  itemprop=\"text\" ><p style=\"text-align: center;\">[layerslider id=\u00bb3&#8243;]<\/p>\n<\/div><\/section><\/div><div  class='flex_column av-29iixg-356a5d4fccd1f3bc1aafc796331b0ce1 av_one_fifth  avia-builder-el-33  el_after_av_one_full  el_before_av_three_fifth  first no_margin flex_column_div  column-top-margin'     ><\/div><div  class='flex_column av-av_three_fifth-142d03dc1996436b0929e325da2ae973 av_three_fifth  avia-builder-el-34  el_after_av_one_fifth  el_before_av_one_fifth  no_margin flex_column_div  column-top-margin'     ><p>\n<style type=\"text\/css\" data-created_by=\"avia_inline_auto\" id=\"style-css-av-av_hr-3b2307b683e43c7f5a7eb383cfb8815f\">\n#top .hr.hr-invisible.av-av_hr-3b2307b683e43c7f5a7eb383cfb8815f{\nheight:80px;\n}\n<\/style>\n<div  class='hr av-av_hr-3b2307b683e43c7f5a7eb383cfb8815f hr-invisible  avia-builder-el-35  el_before_av_textblock  avia-builder-el-first '><span class='hr-inner '><span class=\"hr-inner-style\"><\/span><\/span><\/div><br \/>\n\n<style type=\"text\/css\" data-created_by=\"avia_inline_auto\" id=\"style-css-av-av_textblock-32c40922f23ae17ab1d0e2575f7dd9df\">\n#top .av_textblock_section.av-av_textblock-32c40922f23ae17ab1d0e2575f7dd9df .avia_textblock{\nfont-size:22px;\ncolor:#d60b52;\n}\n<\/style>\n<section  class='av_textblock_section av-av_textblock-32c40922f23ae17ab1d0e2575f7dd9df '   itemscope=\"itemscope\" itemtype=\"https:\/\/schema.org\/CreativeWork\" ><div class='avia_textblock soluzioni-titoli av_inherit_color'  itemprop=\"text\" ><p class=\"p1\" style=\"text-align: center;\">\u00bfQUIERES EXPLORAR NUESTRA OFERTA?<\/p>\n<\/div><\/section><br \/>\n\n<style type=\"text\/css\" data-created_by=\"avia_inline_auto\" id=\"style-css-av-av_hr-d5b666c45e3554e0e619b566791d9967\">\n#top .hr.hr-invisible.av-av_hr-d5b666c45e3554e0e619b566791d9967{\nmargin-top:-15px;\nheight:1px;\n}\n<\/style>\n<div  class='hr av-av_hr-d5b666c45e3554e0e619b566791d9967 hr-invisible  avia-builder-el-37  el_after_av_textblock  el_before_av_textblock '><span class='hr-inner '><span class=\"hr-inner-style\"><\/span><\/span><\/div><br \/>\n<section  class='av_textblock_section av-av_textblock-dcb83a6857fc49453ed31f97f542e332 '   itemscope=\"itemscope\" itemtype=\"https:\/\/schema.org\/CreativeWork\" ><div class='avia_textblock'  itemprop=\"text\" ><p style=\"text-align: center;\">Completa el cuestionario a continuaci\u00f3n<\/p>\n<\/div><\/section><br \/>\n\n<style type=\"text\/css\" data-created_by=\"avia_inline_auto\" id=\"style-css-av-av_hr-82f5be0ae0af6a64fe3091010b237709\">\n#top .hr.hr-invisible.av-av_hr-82f5be0ae0af6a64fe3091010b237709{\nheight:20px;\n}\n<\/style>\n<div  class='hr av-av_hr-82f5be0ae0af6a64fe3091010b237709 hr-invisible  avia-builder-el-39  el_after_av_textblock  el_before_av_contact '><span class='hr-inner '><span class=\"hr-inner-style\"><\/span><\/span><\/div><br \/>\n<form action=\"https:\/\/phdlifescience.eu\/es\/servicios-para-pacientes\/\" method=\"post\" data-fields-with-error=\"Found errors in the following field(s):\" class=\"avia_ajax_form av-form-labels-hidden   avia-builder-el-40  el_after_av_hr  avia-builder-el-last  form-contatto-soluzioni  \" data-avia-form-id=\"1\" data-avia-redirect='' ><fieldset><p class='  first_form  form_element form_element_half' id='element_avia_1_1'><label for=\"avia_1_1\">Nombre <abbr class=\"required\" title=\"requerido\">*<\/abbr><\/label> <input name=\"avia_1_1\" class=\"text_input is_empty\" type=\"text\" id=\"avia_1_1\" value=\"\"  placeholder='Nombre*'\/><\/p><p class='  form_element form_element_half' id='element_avia_2_1'><label for=\"avia_2_1\">Apellido <abbr class=\"required\" title=\"requerido\">*<\/abbr><\/label> <input name=\"avia_2_1\" class=\"text_input is_empty\" type=\"text\" id=\"avia_2_1\" value=\"\"  placeholder='Apellido*'\/><\/p><p class='  first_form  form_element form_fullwidth' id='element_avia_3_1'><label for=\"avia_3_1\">Correo electr\u00f3nico <abbr class=\"required\" title=\"requerido\">*<\/abbr><\/label> <input name=\"avia_3_1\" class=\"text_input is_email\" type=\"text\" id=\"avia_3_1\" value=\"\"  placeholder='Correo electr\u00f3nico*'\/><\/p><p class='  first_form  form_element form_fullwidth' id='element_avia_4_1'><label for=\"avia_4_1\">Empresa<\/label> <input name=\"avia_4_1\" class=\"text_input \" type=\"text\" id=\"avia_4_1\" value=\"\"  placeholder='Empresa'\/><\/p><p class='  first_form  form_element form_fullwidth' id='element_avia_5_1'><label for=\"avia_5_1\">\u00c1rea de inter\u00e9s <abbr class=\"required\" title=\"requerido\">*<\/abbr><\/label><select  name=\"avia_5_1\" class=\"select is_empty\" id=\"avia_5_1\"><option class=\"av-placeholder\" disabled=\"disabled\" selected=\"selected\" value=''>\u00c1rea de inter\u00e9s*<\/option><option   value='Comunicaci\u00f3n'>Comunicaci\u00f3n<\/option><option   value='Capacidad Hospitalaria'>Capacidad Hospitalaria<\/option><option   value='Servicios Para Pacientes'>Servicios Para Pacientes<\/option><\/select><\/p><p class='  first_form  form_element form_fullwidth av-last-visible-form-element' id='element_avia_6_1'><input  name=\"avia_6_1\" class=\"input_checkbox is_empty\" type=\"checkbox\" id=\"avia_6_1\" value=\"true\"\/><label class=\"input_checkbox_label\" for=\"avia_6_1\">Autorizo el procesamiento de los datos proporcionados, seg\u00fan se especifica en la <a href=\"https:\/\/phdlifescience.eu\/es\/politica-de-privacidad\/\" target=\"_blank\" rel=\"noopener\">Pol\u00edtica de Privacidad<\/a> del sitio. <abbr class=\"required\" title=\"requerido\">*<\/abbr><\/label><\/p><p class=\"hidden\"><input type=\"text\" name=\"avia_7_1\" class=\"hidden \" id=\"avia_7_1\" value=\"\" \/><\/p><p class=\"form_element \"><input type=\"hidden\" value=\"1\" name=\"avia_generated_form1\" \/><input type=\"submit\" value=\"Enviar\" class=\"button\"  data-sending-label=\"Enviando\"\/><\/p><\/fieldset><\/form><div id=\"ajaxresponse_1\" class=\"ajaxresponse ajaxresponse_1 hidden\"><\/div><\/p><\/div><div  class='flex_column av-2ynw-f7b28d5ad9b04e54723fe67b7001e496 av_one_fifth  avia-builder-el-41  el_after_av_three_fifth  avia-builder-el-last  no_margin flex_column_div  column-top-margin'     ><\/div>\n","protected":false},"excerpt":{"rendered":"","protected":false},"author":1,"featured_media":0,"parent":0,"menu_order":0,"comment_status":"closed","ping_status":"closed","template":"","meta":{"footnotes":""},"class_list":["post-6216","page","type-page","status-publish","hentry"],"_links":{"self":[{"href":"https:\/\/phdlifescience.eu\/es\/wp-json\/wp\/v2\/pages\/6216","targetHints":{"allow":["GET"]}}],"collection":[{"href":"https:\/\/phdlifescience.eu\/es\/wp-json\/wp\/v2\/pages"}],"about":[{"href":"https:\/\/phdlifescience.eu\/es\/wp-json\/wp\/v2\/types\/page"}],"author":[{"embeddable":true,"href":"https:\/\/phdlifescience.eu\/es\/wp-json\/wp\/v2\/users\/1"}],"replies":[{"embeddable":true,"href":"https:\/\/phdlifescience.eu\/es\/wp-json\/wp\/v2\/comments?post=6216"}],"version-history":[{"count":0,"href":"https:\/\/phdlifescience.eu\/es\/wp-json\/wp\/v2\/pages\/6216\/revisions"}],"wp:attachment":[{"href":"https:\/\/phdlifescience.eu\/es\/wp-json\/wp\/v2\/media?parent=6216"}],"curies":[{"name":"wp","href":"https:\/\/api.w.org\/{rel}","templated":true}]}}