{"id":6212,"date":"2023-08-08T17:38:09","date_gmt":"2023-08-08T15:38:09","guid":{"rendered":"https:\/\/phdlifescience.eu\/?page_id=6212"},"modified":"2023-09-13T16:24:26","modified_gmt":"2023-09-13T14:24:26","slug":"comunicacion","status":"publish","type":"page","link":"https:\/\/phdlifescience.eu\/es\/comunicacion\/","title":{"rendered":"Comunicaci\u00f3n"},"content":{"rendered":"<div id='av-layout-grid-1'  class='av-layout-grid-container av-b3v8d-4037bf2e1086b6056d3c78d6f59406e6 entry-content-wrapper main_color av-flex-cells  avia-builder-el-0  el_before_av_layout_row  avia-builder-el-first  av-desktop-hide av-medium-hide container_wrap fullsize'  >\n\n<style type=\"text\/css\" data-created_by=\"avia_inline_auto\" id=\"style-css-av-ll3ukcza-9cad8ded01cf5d38c85780e832c37e52\">\n.flex_cell.av-ll3ukcza-9cad8ded01cf5d38c85780e832c37e52{\nvertical-align:top;\nbackground-color:#d60b52;\n}\n.responsive #top #wrap_all .flex_cell.av-ll3ukcza-9cad8ded01cf5d38c85780e832c37e52{\npadding:0px 0px 0px 0px !important;\n}\n<\/style>\n<div class='flex_cell av-ll3ukcza-9cad8ded01cf5d38c85780e832c37e52 av-gridrow-cell av_one_full no_margin  avia-builder-el-1  avia-builder-el-no-sibling  av-zero-padding'  ><div class='flex_cell_inner'>\n<style type=\"text\/css\" data-created_by=\"avia_inline_auto\" id=\"style-css-av-ll3ujym7-0801840e06d0d6124490b3ee744735cd\">\n.avia-image-container.av-ll3ujym7-0801840e06d0d6124490b3ee744735cd img.avia_image{\nbox-shadow:none;\n}\n.avia-image-container.av-ll3ujym7-0801840e06d0d6124490b3ee744735cd .av-image-caption-overlay-center{\ncolor:#ffffff;\n}\n<\/style>\n<div  class='avia-image-container av-ll3ujym7-0801840e06d0d6124490b3ee744735cd av-styling-no-styling avia-align-center  avia-builder-el-2  avia-builder-el-no-sibling '   itemprop=\"image\" itemscope=\"itemscope\" itemtype=\"https:\/\/schema.org\/ImageObject\" ><div class=\"avia-image-container-inner\"><div class=\"avia-image-overlay-wrap\"><img decoding=\"async\" class='wp-image-6005 avia-img-lazy-loading-not-6005 avia_image ' src=\"https:\/\/phdlifescience.eu\/wp-content\/uploads\/phd-header-mobile-communication.png\" alt='' title='phd-header-mobile-communication'  height=\"243\" width=\"500\"  itemprop=\"thumbnailUrl\" srcset=\"https:\/\/phdlifescience.eu\/wp-content\/uploads\/phd-header-mobile-communication.png 500w, https:\/\/phdlifescience.eu\/wp-content\/uploads\/phd-header-mobile-communication-300x146.png 300w\" sizes=\"(max-width: 500px) 100vw, 500px\" \/><\/div><\/div><\/div>\n<\/div><\/div>\n<\/div>\n<div id='av-layout-grid-2'  class='av-layout-grid-container av-ll0v2tr7-64b4e367190e606c876554c6554e4f24 entry-content-wrapper alternate_color av-flex-cells  avia-builder-el-3  el_after_av_layout_row  el_before_av_layout_row  grid-row-not-first av-small-hide av-mini-hide container_wrap fullsize'  >\n\n<style type=\"text\/css\" data-created_by=\"avia_inline_auto\" id=\"style-css-av-1x5wl-ececf271b5b3f69085bdb28a8f3768bd\">\n.flex_cell.av-1x5wl-ececf271b5b3f69085bdb28a8f3768bd{\nvertical-align:middle;\nbackground-color:#d60b52;\n}\n.responsive #top #wrap_all .flex_cell.av-1x5wl-ececf271b5b3f69085bdb28a8f3768bd{\npadding:80px 0 80px 100px !important;\n}\n<\/style>\n<div class='flex_cell av-1x5wl-ececf271b5b3f69085bdb28a8f3768bd av-gridrow-cell av_two_fifth no_margin  avia-builder-el-4  el_before_av_cell_three_fifth  avia-builder-el-first '  ><div class='flex_cell_inner'><div  class='flex_column av-1ncid-50d9a17cbb5a3ac3c1d9a6129f20bf53 av_one_full  avia-builder-el-5  avia-builder-el-no-sibling  first flex_column_div  '     ><section  class='av_textblock_section av-ll0pyb6l-8d1f12ea070022fc6997e67f39e1bec9 '   itemscope=\"itemscope\" itemtype=\"https:\/\/schema.org\/CreativeWork\" ><div class='avia_textblock'  itemprop=\"text\" ><h1>COMUNICACI\u00d3N<\/h1>\n<\/div><\/section><br \/>\n\n<style type=\"text\/css\" data-created_by=\"avia_inline_auto\" id=\"style-css-av-rx9d-d7d66fd9686ef96c17e201b1f83b49c7\">\n#top .av_textblock_section.av-rx9d-d7d66fd9686ef96c17e201b1f83b49c7 .avia_textblock{\nfont-size:18px;\n}\n<\/style>\n<section  class='av_textblock_section av-rx9d-d7d66fd9686ef96c17e201b1f83b49c7 '   itemscope=\"itemscope\" itemtype=\"https:\/\/schema.org\/CreativeWork\" ><div class='avia_textblock'  itemprop=\"text\" ><p>El \u00e9xito de un proyecto siempre depende de una comunicaci\u00f3n adecuada.<\/p>\n<p>Conocemos las palabras, las herramientas y las im\u00e1genes del mundo de la salud: las exploramos constantemente y las convertimos en experiencias gracias a los servicios que ofrecemos y que nos permiten conocer en profundidad a las personas y sus necesidades.<\/p>\n<p>Por eso somos capaces de transmitir mensajes de salud de manera efectiva.<\/p>\n<\/div><\/section><\/p><\/div>\n<\/div><\/div>\n<style type=\"text\/css\" data-created_by=\"avia_inline_auto\" id=\"style-css-av-ll0v3yrz-8ad2ef021507f9c6e1c6a2dbca2c337b\">\n.flex_cell.av-ll0v3yrz-8ad2ef021507f9c6e1c6a2dbca2c337b{\nvertical-align:top;\nbackground:url(https:\/\/phdlifescience.eu\/wp-content\/uploads\/phd-header-communication.png) 0% 50% no-repeat scroll #d60b52;\n}\n.responsive #top #wrap_all .flex_cell.av-ll0v3yrz-8ad2ef021507f9c6e1c6a2dbca2c337b{\npadding:0px 0px 0px 0px !important;\n}\n<\/style>\n<div class='flex_cell av-ll0v3yrz-8ad2ef021507f9c6e1c6a2dbca2c337b av-gridrow-cell av_three_fifth no_margin  avia-builder-el-8  el_after_av_cell_two_fifth  avia-builder-el-last  av-zero-padding avia-full-stretch'  ><div class='flex_cell_inner'><\/div><\/div>\n<\/div>\n<div id='av-layout-grid-3'  class='av-layout-grid-container av-2nypx-30492d76a36dc30991faafc6ebb3749a entry-content-wrapper alternate_color av-flex-cells  avia-builder-el-9  el_after_av_layout_row  el_before_av_section  grid-row-not-first av-desktop-hide av-medium-hide container_wrap fullsize'  >\n\n<style type=\"text\/css\" data-created_by=\"avia_inline_auto\" id=\"style-css-av-ll21879s-d55e594927ade33f9053e8485712229e\">\n.flex_cell.av-ll21879s-d55e594927ade33f9053e8485712229e{\nvertical-align:middle;\nbackground-color:#d60b52;\n}\n.responsive #top #wrap_all .flex_cell.av-ll21879s-d55e594927ade33f9053e8485712229e{\npadding:40px 40px 40px 40px !important;\n}\n<\/style>\n<div class='flex_cell av-ll21879s-d55e594927ade33f9053e8485712229e av-gridrow-cell av_one_full no_margin  avia-builder-el-10  avia-builder-el-no-sibling '  ><div class='flex_cell_inner'><div  class='flex_column av-235c5-07bd1a19df952e7fc3de1d1b088f85e1 av_one_full  avia-builder-el-11  avia-builder-el-no-sibling  first flex_column_div  '     ><section  class='av_textblock_section av-57ih-6a0cddc808e55341742483eb08147a36 '   itemscope=\"itemscope\" itemtype=\"https:\/\/schema.org\/CreativeWork\" ><div class='avia_textblock'  itemprop=\"text\" ><h1>COMUNICACI\u00d3N<\/h1>\n<\/div><\/section><br \/>\n\n<style type=\"text\/css\" data-created_by=\"avia_inline_auto\" id=\"style-css-av-1316l-911ec4441c1beeb94f831c17ab319cba\">\n#top .av_textblock_section.av-1316l-911ec4441c1beeb94f831c17ab319cba .avia_textblock{\nfont-size:18px;\n}\n<\/style>\n<section  class='av_textblock_section av-1316l-911ec4441c1beeb94f831c17ab319cba '   itemscope=\"itemscope\" itemtype=\"https:\/\/schema.org\/CreativeWork\" ><div class='avia_textblock'  itemprop=\"text\" ><p>El \u00e9xito de un proyecto siempre depende de una comunicaci\u00f3n adecuada.<\/p>\n<p>Conocemos las palabras, las herramientas y las im\u00e1genes del mundo de la salud: las exploramos constantemente y las convertimos en experiencias gracias a los servicios que ofrecemos y que nos permiten conocer en profundidad a las personas y sus necesidades.<\/p>\n<p>Por eso somos capaces de transmitir mensajes de salud de manera efectiva.<\/p>\n<\/div><\/section><\/p><\/div>\n<\/div><\/div>\n<\/div>\n<div id='av_section_1'  class='avia-section av-ra65w-6bbf8c9c0522e12205a879bf8d308287 main_color avia-section-default avia-no-border-styling  avia-builder-el-14  el_after_av_layout_row  avia-builder-el-last  avia-bg-style-scroll container_wrap fullsize'  ><div class='container av-section-cont-open' ><div class='template-page content  av-content-full alpha units'><div class='post-entry post-entry-type-page post-entry-6212'><div class='entry-content-wrapper clearfix'>\n\n<style type=\"text\/css\" data-created_by=\"avia_inline_auto\" id=\"style-css-av-irz0k-251ebbb34da7bd382f7f897c48c7e603\">\n.flex_column.av-irz0k-251ebbb34da7bd382f7f897c48c7e603{\nwidth:45%;\n}\n<\/style>\n<div  class='flex_column av-irz0k-251ebbb34da7bd382f7f897c48c7e603 av_one_half  avia-builder-el-15  el_before_av_one_half  avia-builder-el-first  first flex_column_div  '     ><style type=\"text\/css\" data-created_by=\"avia_inline_auto\" id=\"style-css-av-di465-1821c759d7e36110af7c9e89044d8fa4\">\n#top .av_textblock_section.av-di465-1821c759d7e36110af7c9e89044d8fa4 .avia_textblock{\nfont-size:30px;\ncolor:#d60b52;\n}\n<\/style>\n<section  class='av_textblock_section av-di465-1821c759d7e36110af7c9e89044d8fa4 '   itemscope=\"itemscope\" itemtype=\"https:\/\/schema.org\/CreativeWork\" ><div class='avia_textblock soluzioni-titoli av_inherit_color'  itemprop=\"text\" ><p class=\"p1\">ESTRATEGIA DE COMUNICACI\u00d3N<\/p>\n<\/div><\/section><br \/>\n<section  class='av_textblock_section av-llv05vz3-7eedb2870b206bb03ec4f0d5a102210e '   itemscope=\"itemscope\" itemtype=\"https:\/\/schema.org\/CreativeWork\" ><div class='avia_textblock av_inherit_color'  itemprop=\"text\" ><p class=\"p1\">Trabajamos conjuntamente con nuestros colaboradores en el estudio de las palabras, los mensajes y nuestra identidad visual con el fin de crear productos accesibles online y offline, de acuerdo con los valores y objetivos del proyecto.<\/p>\n<\/div><\/section><br \/>\n\n<style type=\"text\/css\" data-created_by=\"avia_inline_auto\" id=\"style-css-av-9dgbh-529475c3768ded9c38f6a1e40e5d7eeb\">\n#top .av_textblock_section.av-9dgbh-529475c3768ded9c38f6a1e40e5d7eeb .avia_textblock{\nfont-size:24px;\n}\n<\/style>\n<section  class='av_textblock_section av-9dgbh-529475c3768ded9c38f6a1e40e5d7eeb '   itemscope=\"itemscope\" itemtype=\"https:\/\/schema.org\/CreativeWork\" ><div class='avia_textblock soluzioni-communication'  itemprop=\"text\" ><p><mark>DISE\u00d1O DE IDENTIDAD DE MARCA<\/mark><\/p>\n<\/div><\/section><br \/>\n\n<style type=\"text\/css\" data-created_by=\"avia_inline_auto\" id=\"style-css-av-ll2h45bg-f501fcc560af3b83c0950fcab24cfb5e\">\n#top .av_textblock_section.av-ll2h45bg-f501fcc560af3b83c0950fcab24cfb5e .avia_textblock{\nfont-size:24px;\n}\n<\/style>\n<section  class='av_textblock_section av-ll2h45bg-f501fcc560af3b83c0950fcab24cfb5e '   itemscope=\"itemscope\" itemtype=\"https:\/\/schema.org\/CreativeWork\" ><div class='avia_textblock soluzioni-communication'  itemprop=\"text\" ><p><mark>MATERIAL PROMOCIONAL ONLINE Y OFFLINE<\/mark><\/p>\n<\/div><\/section><br \/>\n\n<style type=\"text\/css\" data-created_by=\"avia_inline_auto\" id=\"style-css-av-ll2h4d5w-6c386a92214a836955f220a6fc4bb14e\">\n#top .av_textblock_section.av-ll2h4d5w-6c386a92214a836955f220a6fc4bb14e .avia_textblock{\nfont-size:24px;\n}\n<\/style>\n<section  class='av_textblock_section av-ll2h4d5w-6c386a92214a836955f220a6fc4bb14e '   itemscope=\"itemscope\" itemtype=\"https:\/\/schema.org\/CreativeWork\" ><div class='avia_textblock soluzioni-communication'  itemprop=\"text\" ><p><mark>DISE\u00d1O DE P\u00c1GINAS WEB<\/mark><\/p>\n<\/div><\/section><br \/>\n\n<style type=\"text\/css\" data-created_by=\"avia_inline_auto\" id=\"style-css-av-ll2h4p8r-cd95ff0918e2390515030b8bce57f4ad\">\n#top .av_textblock_section.av-ll2h4p8r-cd95ff0918e2390515030b8bce57f4ad .avia_textblock{\nfont-size:24px;\n}\n<\/style>\n<section  class='av_textblock_section av-ll2h4p8r-cd95ff0918e2390515030b8bce57f4ad '   itemscope=\"itemscope\" itemtype=\"https:\/\/schema.org\/CreativeWork\" ><div class='avia_textblock soluzioni-communication'  itemprop=\"text\" ><p><mark>EVENTOS PRESENCIALES Y EN L\u00cdNEA<\/mark><\/p>\n<\/div><\/section><\/p><\/div>\n<style type=\"text\/css\" data-created_by=\"avia_inline_auto\" id=\"style-css-av-12js0k-b70d5dccdbb6d0c4c55d5db679977f7f\">\n.flex_column.av-12js0k-b70d5dccdbb6d0c4c55d5db679977f7f{\nwidth:45%;\nmargin-left:10%;\n}\n<\/style>\n<div  class='flex_column av-12js0k-b70d5dccdbb6d0c4c55d5db679977f7f av_one_half  avia-builder-el-22  el_after_av_one_half  el_before_av_one_full  flex_column_div  '     ><style type=\"text\/css\" data-created_by=\"avia_inline_auto\" id=\"style-css-av-ll2eznsc-0150b0991505656653fc91928449e126\">\n#top .av_textblock_section.av-ll2eznsc-0150b0991505656653fc91928449e126 .avia_textblock{\nfont-size:30px;\ncolor:#d60b52;\n}\n<\/style>\n<section  class='av_textblock_section av-ll2eznsc-0150b0991505656653fc91928449e126 '   itemscope=\"itemscope\" itemtype=\"https:\/\/schema.org\/CreativeWork\" ><div class='avia_textblock soluzioni-titoli av_inherit_color'  itemprop=\"text\" ><p class=\"p1\">PARTICIPACI\u00d3N DE LOS AGENTES IMPLICADOS<\/p>\n<\/div><\/section><br \/>\n<section  class='av_textblock_section av-llv05bxp-5679ddceffc5b09a809e5413b4dd1898 '   itemscope=\"itemscope\" itemtype=\"https:\/\/schema.org\/CreativeWork\" ><div class='avia_textblock av_inherit_color'  itemprop=\"text\" ><p class=\"p1\">Objetivo principal de cada proyecto: la implicaci\u00f3n de las personas a las que va dirigido.<br \/>\n\u00bfC\u00f3mo lo alcanzamos? A trav\u00e9s de la narraci\u00f3n de historias, la informaci\u00f3n adecuada y eventos hechos a medida.<\/p>\n<\/div><\/section><br \/>\n\n<style type=\"text\/css\" data-created_by=\"avia_inline_auto\" id=\"style-css-av-80jhg-cbc16be48a456be15fdb0734357c4d59\">\n#top .av_textblock_section.av-80jhg-cbc16be48a456be15fdb0734357c4d59 .avia_textblock{\nfont-size:24px;\n}\n<\/style>\n<section  class='av_textblock_section av-80jhg-cbc16be48a456be15fdb0734357c4d59 '   itemscope=\"itemscope\" itemtype=\"https:\/\/schema.org\/CreativeWork\" ><div class='avia_textblock soluzioni-communication'  itemprop=\"text\" ><p><mark>CAMPA\u00d1AS DE STORYTELLING<\/mark><\/p>\n<\/div><\/section><br \/>\n\n<style type=\"text\/css\" data-created_by=\"avia_inline_auto\" id=\"style-css-av-ll2h5iii-be3b1c4529d8a64f4df607fead38dfdf\">\n#top .av_textblock_section.av-ll2h5iii-be3b1c4529d8a64f4df607fead38dfdf .avia_textblock{\nfont-size:24px;\n}\n<\/style>\n<section  class='av_textblock_section av-ll2h5iii-be3b1c4529d8a64f4df607fead38dfdf '   itemscope=\"itemscope\" itemtype=\"https:\/\/schema.org\/CreativeWork\" ><div class='avia_textblock soluzioni-communication'  itemprop=\"text\" ><p><mark>MATERIAL EDUCATIVO ONLINE Y OFFLINE<\/mark><\/p>\n<\/div><\/section><br \/>\n\n<style type=\"text\/css\" data-created_by=\"avia_inline_auto\" id=\"style-css-av-ll2h5x9p-544436a6b720f49e3f423776969973db\">\n#top .av_textblock_section.av-ll2h5x9p-544436a6b720f49e3f423776969973db .avia_textblock{\nfont-size:24px;\n}\n<\/style>\n<section  class='av_textblock_section av-ll2h5x9p-544436a6b720f49e3f423776969973db '   itemscope=\"itemscope\" itemtype=\"https:\/\/schema.org\/CreativeWork\" ><div class='avia_textblock soluzioni-communication'  itemprop=\"text\" ><p><mark>CAMPA\u00d1AS Y HERRAMIENTAS DE SENSIBILIZACI\u00d3N<\/mark><\/p>\n<\/div><\/section><\/p><\/div><div  class='flex_column av-804to-a60b5dced4436e9825fbcec61c68c588 av_one_full  avia-builder-el-28  el_after_av_one_half  el_before_av_one_fifth  first flex_column_div  column-top-margin'     ><section  class='av_textblock_section av-ll2gkst6-615dac5c910867f1c735cf6d81e5e542 '   itemscope=\"itemscope\" itemtype=\"https:\/\/schema.org\/CreativeWork\" ><div class='avia_textblock'  itemprop=\"text\" ><p style=\"text-align: center;\">[layerslider id=\u00bb4&#8243;]<\/p>\n<\/div><\/section><\/div><div  class='flex_column av-ll6mancw-5df97238a9b1aea72976ecf822c12fa6 av_one_fifth  avia-builder-el-30  el_after_av_one_full  el_before_av_three_fifth  first no_margin flex_column_div  column-top-margin'     ><\/div><div  class='flex_column av-kyrgt-26207db2b5d15efbb26b6303926f5d97 av_three_fifth  avia-builder-el-31  el_after_av_one_fifth  el_before_av_one_fifth  no_margin flex_column_div  column-top-margin'     ><p>\n<style type=\"text\/css\" data-created_by=\"avia_inline_auto\" id=\"style-css-av-ll6mljd1-46da2cff623c306d5bcf4b322699a563\">\n#top .hr.hr-invisible.av-ll6mljd1-46da2cff623c306d5bcf4b322699a563{\nheight:80px;\n}\n<\/style>\n<div  class='hr av-ll6mljd1-46da2cff623c306d5bcf4b322699a563 hr-invisible  avia-builder-el-32  el_before_av_textblock  avia-builder-el-first '><span class='hr-inner '><span class=\"hr-inner-style\"><\/span><\/span><\/div><br \/>\n\n<style type=\"text\/css\" data-created_by=\"avia_inline_auto\" id=\"style-css-av-ll6mxmfy-d259a0925429a41288d06551c6a9d60a\">\n#top .av_textblock_section.av-ll6mxmfy-d259a0925429a41288d06551c6a9d60a .avia_textblock{\nfont-size:22px;\ncolor:#d60b52;\n}\n<\/style>\n<section  class='av_textblock_section av-ll6mxmfy-d259a0925429a41288d06551c6a9d60a '   itemscope=\"itemscope\" itemtype=\"https:\/\/schema.org\/CreativeWork\" ><div class='avia_textblock soluzioni-titoli av_inherit_color'  itemprop=\"text\" ><p class=\"p1\" style=\"text-align: center;\">\u00bfQUIERES EXPLORAR NUESTRA OFERTA?<\/p>\n<\/div><\/section><br \/>\n\n<style type=\"text\/css\" data-created_by=\"avia_inline_auto\" id=\"style-css-av-ll6mwpx1-54e5822021fa23f1faffcd00109548e4\">\n#top .hr.hr-invisible.av-ll6mwpx1-54e5822021fa23f1faffcd00109548e4{\nmargin-top:-15px;\nheight:1px;\n}\n<\/style>\n<div  class='hr av-ll6mwpx1-54e5822021fa23f1faffcd00109548e4 hr-invisible  avia-builder-el-34  el_after_av_textblock  el_before_av_textblock '><span class='hr-inner '><span class=\"hr-inner-style\"><\/span><\/span><\/div><br \/>\n<section  class='av_textblock_section av-ll6mw5rh-43ce3a9fd8b2815cbcab71418c2a47f6 '   itemscope=\"itemscope\" itemtype=\"https:\/\/schema.org\/CreativeWork\" ><div class='avia_textblock'  itemprop=\"text\" ><p style=\"text-align: center;\">Completa el cuestionario a continuaci\u00f3n<\/p>\n<\/div><\/section><br \/>\n\n<style type=\"text\/css\" data-created_by=\"avia_inline_auto\" id=\"style-css-av-b158l-f43dc72c0c7e06ea544139ebcb88b30b\">\n#top .hr.hr-invisible.av-b158l-f43dc72c0c7e06ea544139ebcb88b30b{\nheight:20px;\n}\n<\/style>\n<div  class='hr av-b158l-f43dc72c0c7e06ea544139ebcb88b30b hr-invisible  avia-builder-el-36  el_after_av_textblock  el_before_av_contact '><span class='hr-inner '><span class=\"hr-inner-style\"><\/span><\/span><\/div><br \/>\n<form action=\"https:\/\/phdlifescience.eu\/es\/comunicacion\/\" method=\"post\" data-fields-with-error=\"Found errors in the following field(s):\" class=\"avia_ajax_form av-form-labels-hidden   avia-builder-el-37  el_after_av_hr  avia-builder-el-last  form-contatto-soluzioni  \" data-avia-form-id=\"1\" data-avia-redirect='' ><fieldset><p class='  first_form  form_element form_element_half' id='element_avia_1_1'><label for=\"avia_1_1\">Nombre <abbr class=\"required\" title=\"requerido\">*<\/abbr><\/label> <input name=\"avia_1_1\" class=\"text_input is_empty\" type=\"text\" id=\"avia_1_1\" value=\"\"  placeholder='Nombre*'\/><\/p><p class='  form_element form_element_half' id='element_avia_2_1'><label for=\"avia_2_1\">Apellido <abbr class=\"required\" title=\"requerido\">*<\/abbr><\/label> <input name=\"avia_2_1\" class=\"text_input is_empty\" type=\"text\" id=\"avia_2_1\" value=\"\"  placeholder='Apellido*'\/><\/p><p class='  first_form  form_element form_fullwidth' id='element_avia_3_1'><label for=\"avia_3_1\">Correo electr\u00f3nico <abbr class=\"required\" title=\"requerido\">*<\/abbr><\/label> <input name=\"avia_3_1\" class=\"text_input is_email\" type=\"text\" id=\"avia_3_1\" value=\"\"  placeholder='Correo electr\u00f3nico*'\/><\/p><p class='  first_form  form_element form_fullwidth' id='element_avia_4_1'><label for=\"avia_4_1\">Empresa<\/label> <input name=\"avia_4_1\" class=\"text_input \" type=\"text\" id=\"avia_4_1\" value=\"\"  placeholder='Empresa'\/><\/p><p class='  first_form  form_element form_fullwidth' id='element_avia_5_1'><label for=\"avia_5_1\">\u00c1rea de inter\u00e9s <abbr class=\"required\" title=\"requerido\">*<\/abbr><\/label><select  name=\"avia_5_1\" class=\"select is_empty\" id=\"avia_5_1\"><option class=\"av-placeholder\" disabled=\"disabled\" selected=\"selected\" value=''>\u00c1rea de inter\u00e9s*<\/option><option   value='Comunicaci\u00f3n'>Comunicaci\u00f3n<\/option><option   value='Capacidad Hospitalaria'>Capacidad Hospitalaria<\/option><option   value='Servicios Para Pacientes'>Servicios Para Pacientes<\/option><\/select><\/p><p class='  first_form  form_element form_fullwidth av-last-visible-form-element' id='element_avia_6_1'><input  name=\"avia_6_1\" class=\"input_checkbox is_empty\" type=\"checkbox\" id=\"avia_6_1\" value=\"true\"\/><label class=\"input_checkbox_label\" for=\"avia_6_1\">Autorizo el procesamiento de los datos proporcionados, seg\u00fan se especifica en la <a href=\"https:\/\/phdlifescience.eu\/es\/politica-de-privacidad\/\" target=\"_blank\" rel=\"noopener\">Pol\u00edtica de Privacidad<\/a> del sitio. <abbr class=\"required\" title=\"requerido\">*<\/abbr><\/label><\/p><p class=\"hidden\"><input type=\"text\" name=\"avia_7_1\" class=\"hidden \" id=\"avia_7_1\" value=\"\" \/><\/p><p class=\"form_element \"><input type=\"hidden\" value=\"1\" name=\"avia_generated_form1\" \/><input type=\"submit\" value=\"Enviar\" class=\"button\"  data-sending-label=\"Enviando\"\/><\/p><\/fieldset><\/form><div id=\"ajaxresponse_1\" class=\"ajaxresponse ajaxresponse_1 hidden\"><\/div><\/p><\/div><div  class='flex_column av-152kd-ca91b2c0dcbfbe9336b68b69166d8859 av_one_fifth  avia-builder-el-38  el_after_av_three_fifth  avia-builder-el-last  no_margin flex_column_div  column-top-margin'     ><\/div>\n","protected":false},"excerpt":{"rendered":"","protected":false},"author":1,"featured_media":0,"parent":0,"menu_order":0,"comment_status":"closed","ping_status":"closed","template":"","meta":{"footnotes":""},"class_list":["post-6212","page","type-page","status-publish","hentry"],"_links":{"self":[{"href":"https:\/\/phdlifescience.eu\/es\/wp-json\/wp\/v2\/pages\/6212","targetHints":{"allow":["GET"]}}],"collection":[{"href":"https:\/\/phdlifescience.eu\/es\/wp-json\/wp\/v2\/pages"}],"about":[{"href":"https:\/\/phdlifescience.eu\/es\/wp-json\/wp\/v2\/types\/page"}],"author":[{"embeddable":true,"href":"https:\/\/phdlifescience.eu\/es\/wp-json\/wp\/v2\/users\/1"}],"replies":[{"embeddable":true,"href":"https:\/\/phdlifescience.eu\/es\/wp-json\/wp\/v2\/comments?post=6212"}],"version-history":[{"count":1,"href":"https:\/\/phdlifescience.eu\/es\/wp-json\/wp\/v2\/pages\/6212\/revisions"}],"predecessor-version":[{"id":9265,"href":"https:\/\/phdlifescience.eu\/es\/wp-json\/wp\/v2\/pages\/6212\/revisions\/9265"}],"wp:attachment":[{"href":"https:\/\/phdlifescience.eu\/es\/wp-json\/wp\/v2\/media?parent=6212"}],"curies":[{"name":"wp","href":"https:\/\/api.w.org\/{rel}","templated":true}]}}